{"id":46330,"date":"2023-12-12T10:51:35","date_gmt":"2023-12-12T09:51:35","guid":{"rendered":"https:\/\/pet-shopping.de\/shop\/produkt\/karlie-flamingo-kuehlspielzeug-fill-n-freeze-softeis\/"},"modified":"2023-12-12T10:51:36","modified_gmt":"2023-12-12T09:51:36","slug":"karlie-flamingo-kuehlspielzeug-fill-n-freeze-softeis","status":"publish","type":"product","link":"https:\/\/all-pets.de\/shop\/produkt\/karlie-flamingo-kuehlspielzeug-fill-n-freeze-softeis\/","title":{"rendered":"Karlie Flamingo K\u00fchlspielzeug Fill-N-Freeze Softeis"},"content":{"rendered":"<p>Eine tolle Abk\u00fchlung an hei\u00dfen Sommertagen bieten Sie Ihrem Vierbeiner mit den Fill-N-Freeze Hundespielzeugen von Karlie Flamingo. <\/p>\n<p>F\u00fcllen Sie einfach Wasser in das Spielzeug und frieren es ein. Sobald das Wasser gefroren ist, kann Ihr Liebling durch Kauen auf dem Spielzeug eine angenehme Erfrischung genie\u00dfen.<\/p>\n<p>Gr\u00f6\u00dfe: ca. 12 cm<br \/> 1 St\u00fcck<\/p>\n<p>Eine Farbwahl ist leider nicht m\u00f6glich, da die Farbe je nach Lagerbestand gew\u00e4hlt wird.<\/p>\n","protected":false},"excerpt":{"rendered":"<p>Eine tolle Abk\u00fchlung an hei\u00dfen Sommertagen bieten Sie Ihrem Vierbeiner mit den Fill-N-Freeze Hundespielzeugen von Karlie Flamingo. F\u00fcllen Sie einfach Wasser in das Spielzeug und frieren es ein. Sobald das Wasser gefroren ist, kann Ihr Liebling durch Kauen auf dem Spielzeug eine angenehme Erfrischung genie\u00dfen. Gr\u00f6\u00dfe: ca. 12 cm 1 St\u00fcck Eine Farbwahl ist leider [&hellip;]<\/p>\n","protected":false},"featured_media":35094,"comment_status":"closed","ping_status":"open","template":"","meta":[],"product_cat":[14398],"product_tag":[],"class_list":{"0":"post-46330","1":"product","2":"type-product","3":"status-publish","4":"has-post-thumbnail","6":"product_cat-aqua-spielzeug-hundespielzeug-sport-weitere-spielzeugehundewelt","8":"first","9":"instock","10":"taxable","11":"shipping-taxable","12":"purchasable","13":"product-type-simple"},"_links":{"self":[{"href":"https:\/\/all-pets.de\/shop\/wp-json\/wp\/v2\/product\/46330","targetHints":{"allow":["GET"]}}],"collection":[{"href":"https:\/\/all-pets.de\/shop\/wp-json\/wp\/v2\/product"}],"about":[{"href":"https:\/\/all-pets.de\/shop\/wp-json\/wp\/v2\/types\/product"}],"replies":[{"embeddable":true,"href":"https:\/\/all-pets.de\/shop\/wp-json\/wp\/v2\/comments?post=46330"}],"wp:featuredmedia":[{"embeddable":true,"href":"https:\/\/all-pets.de\/shop\/wp-json\/wp\/v2\/media\/35094"}],"wp:attachment":[{"href":"https:\/\/all-pets.de\/shop\/wp-json\/wp\/v2\/media?parent=46330"}],"wp:term":[{"taxonomy":"product_cat","embeddable":true,"href":"https:\/\/all-pets.de\/shop\/wp-json\/wp\/v2\/product_cat?post=46330"},{"taxonomy":"product_tag","embeddable":true,"href":"https:\/\/all-pets.de\/shop\/wp-json\/wp\/v2\/product_tag?post=46330"}],"curies":[{"name":"wp","href":"https:\/\/api.w.org\/{rel}","templated":true}]}}