{"id":46331,"date":"2023-12-12T10:51:35","date_gmt":"2023-12-12T09:51:35","guid":{"rendered":"https:\/\/pet-shopping.de\/shop\/produkt\/living-world-ergonomischer-nagernapf-gross-elfenbein\/"},"modified":"2023-12-12T10:51:36","modified_gmt":"2023-12-12T09:51:36","slug":"living-world-ergonomischer-nagernapf-gross-elfenbein","status":"publish","type":"product","link":"https:\/\/all-pets.de\/shop\/produkt\/living-world-ergonomischer-nagernapf-gross-elfenbein\/","title":{"rendered":"LIVING WORLD Ergonomischer Nagernapf gro\u00df elfenbein"},"content":{"rendered":"<p>Diese ganz neuen Nagern\u00e4pfe des Qualit\u00e4tsherstellers Hagen sind ergonomisch abgeschr\u00e4gt, damit sich Ihr Nager bzw. Kleintier bequem dar\u00fcber beugen kann \u2013 das Tier muss seinen Hals nicht recken,um an das Futter zu gelangen. Die N\u00e4pfe sind aus Keramik und porenfrei, was sie vor Bakterien sch\u00fctzt! Der Boden ist extra schwer, damit die N\u00e4pfe nicht einfach umkippen k\u00f6nnen. <\/p>\n<p>Die ergonomischen Living World N\u00e4pfe sind kauresistent und eignen sich f\u00fcr Wasser und Futter. In verschiedenen attraktiven Farben erh\u00e4ltlich.<\/p>\n<p>In dieser Gr\u00f6\u00dfe eignet sich der Napf f\u00fcr alle gr\u00f6\u00dferen Kleintiere, wie Kaninchen und Meerschweinchen.<\/p>\n<p>Ma\u00dfe: ca. <span class=\"entry--content\"> 14 x 6,5 x 14 cm <\/span><br \/> Fassungsverm\u00f6gen: ca. 420 ml<\/p>\n","protected":false},"excerpt":{"rendered":"<p>Diese ganz neuen Nagern\u00e4pfe des Qualit\u00e4tsherstellers Hagen sind ergonomisch abgeschr\u00e4gt, damit sich Ihr Nager bzw. Kleintier bequem dar\u00fcber beugen kann \u2013 das Tier muss seinen Hals nicht recken,um an das Futter zu gelangen. Die N\u00e4pfe sind aus Keramik und porenfrei, was sie vor Bakterien sch\u00fctzt! Der Boden ist extra schwer, damit die N\u00e4pfe nicht einfach [&hellip;]<\/p>\n","protected":false},"featured_media":35848,"comment_status":"closed","ping_status":"open","template":"","meta":[],"product_cat":[13764],"product_tag":[],"class_list":{"0":"post-46331","1":"product","2":"type-product","3":"status-publish","4":"has-post-thumbnail","6":"product_cat-kleintiernaepfe","8":"first","9":"instock","10":"taxable","11":"shipping-taxable","12":"purchasable","13":"product-type-simple"},"_links":{"self":[{"href":"https:\/\/all-pets.de\/shop\/wp-json\/wp\/v2\/product\/46331","targetHints":{"allow":["GET"]}}],"collection":[{"href":"https:\/\/all-pets.de\/shop\/wp-json\/wp\/v2\/product"}],"about":[{"href":"https:\/\/all-pets.de\/shop\/wp-json\/wp\/v2\/types\/product"}],"replies":[{"embeddable":true,"href":"https:\/\/all-pets.de\/shop\/wp-json\/wp\/v2\/comments?post=46331"}],"wp:featuredmedia":[{"embeddable":true,"href":"https:\/\/all-pets.de\/shop\/wp-json\/wp\/v2\/media\/35848"}],"wp:attachment":[{"href":"https:\/\/all-pets.de\/shop\/wp-json\/wp\/v2\/media?parent=46331"}],"wp:term":[{"taxonomy":"product_cat","embeddable":true,"href":"https:\/\/all-pets.de\/shop\/wp-json\/wp\/v2\/product_cat?post=46331"},{"taxonomy":"product_tag","embeddable":true,"href":"https:\/\/all-pets.de\/shop\/wp-json\/wp\/v2\/product_tag?post=46331"}],"curies":[{"name":"wp","href":"https:\/\/api.w.org\/{rel}","templated":true}]}}