{"id":46332,"date":"2023-12-12T10:51:35","date_gmt":"2023-12-12T09:51:35","guid":{"rendered":"https:\/\/pet-shopping.de\/shop\/produkt\/karlie-plueschtier-mit-eva-schaum\/"},"modified":"2023-12-12T10:51:36","modified_gmt":"2023-12-12T09:51:36","slug":"karlie-plueschtier-mit-eva-schaum","status":"publish","type":"product","link":"https:\/\/all-pets.de\/shop\/produkt\/karlie-plueschtier-mit-eva-schaum\/","title":{"rendered":"Karlie Pl\u00fcschtier mit EVA Schaum"},"content":{"rendered":"<p>Die farbenfrohen Pl\u00fcschspielzeuge sind mit einem hochwertigen EVA Schaumstoff gef\u00fcllt. Dieser zeichnet sich dadurch aus, dass er wieder in seine urspr\u00fcngliche Form zur\u00fcckgeht, wenn man ihn zusammenquetscht. Zudem ist er robust, nicht-toxisch und zahnfreundlich. Durch die l\u00e4ngliche Form k\u00f6nnen die Spielzeuge gut vom Hund aufgenommen und umhergetragen werden.<\/p>\n<p>Gr\u00f6\u00dfe: ca. 9 x 12 x 30 cm<br \/> Diverse Motive. Eine Motivauswahl ist leider nicht m\u00f6glich, da die Variante je nach Lagerbestand gew\u00e4hlt wird.<\/p>\n","protected":false},"excerpt":{"rendered":"<p>Die farbenfrohen Pl\u00fcschspielzeuge sind mit einem hochwertigen EVA Schaumstoff gef\u00fcllt. Dieser zeichnet sich dadurch aus, dass er wieder in seine urspr\u00fcngliche Form zur\u00fcckgeht, wenn man ihn zusammenquetscht. Zudem ist er robust, nicht-toxisch und zahnfreundlich. Durch die l\u00e4ngliche Form k\u00f6nnen die Spielzeuge gut vom Hund aufgenommen und umhergetragen werden. Gr\u00f6\u00dfe: ca. 9 x 12 x 30 [&hellip;]<\/p>\n","protected":false},"featured_media":34877,"comment_status":"closed","ping_status":"open","template":"","meta":[],"product_cat":[13828],"product_tag":[],"class_list":{"0":"post-46332","1":"product","2":"type-product","3":"status-publish","4":"has-post-thumbnail","6":"product_cat-plueschspielzeug-hundespielzeug-sport","8":"first","9":"instock","10":"taxable","11":"shipping-taxable","12":"purchasable","13":"product-type-simple"},"_links":{"self":[{"href":"https:\/\/all-pets.de\/shop\/wp-json\/wp\/v2\/product\/46332","targetHints":{"allow":["GET"]}}],"collection":[{"href":"https:\/\/all-pets.de\/shop\/wp-json\/wp\/v2\/product"}],"about":[{"href":"https:\/\/all-pets.de\/shop\/wp-json\/wp\/v2\/types\/product"}],"replies":[{"embeddable":true,"href":"https:\/\/all-pets.de\/shop\/wp-json\/wp\/v2\/comments?post=46332"}],"wp:featuredmedia":[{"embeddable":true,"href":"https:\/\/all-pets.de\/shop\/wp-json\/wp\/v2\/media\/34877"}],"wp:attachment":[{"href":"https:\/\/all-pets.de\/shop\/wp-json\/wp\/v2\/media?parent=46332"}],"wp:term":[{"taxonomy":"product_cat","embeddable":true,"href":"https:\/\/all-pets.de\/shop\/wp-json\/wp\/v2\/product_cat?post=46332"},{"taxonomy":"product_tag","embeddable":true,"href":"https:\/\/all-pets.de\/shop\/wp-json\/wp\/v2\/product_tag?post=46332"}],"curies":[{"name":"wp","href":"https:\/\/api.w.org\/{rel}","templated":true}]}}