{"id":46337,"date":"2023-12-12T10:51:35","date_gmt":"2023-12-12T09:51:35","guid":{"rendered":"https:\/\/pet-shopping.de\/shop\/produkt\/living-world-zwergkaninchen-napf-250ml\/"},"modified":"2023-12-12T10:51:37","modified_gmt":"2023-12-12T09:51:37","slug":"living-world-zwergkaninchen-napf-250ml","status":"publish","type":"product","link":"https:\/\/all-pets.de\/shop\/produkt\/living-world-zwergkaninchen-napf-250ml\/","title":{"rendered":"Living World Zwergkaninchen-Napf &#8211; 250ml"},"content":{"rendered":"<p>Dieser witzige Zwergkaninchen-Napf ist der ideale Futter- oder Wassernapf f\u00fcr Ihren kleinen Liebling.<\/p>\n<p>Der Napf besteht aus hochwertiger Keramik und ist sp\u00fclmaschinenfest.<\/p>\n<p>Der Napf hat auf der Innenseite ein witziges Kaninchenmotiv.<\/p>\n<p>Ma\u00dfe: 11,5 x 5 cm (Durchmesser x H\u00f6he)<\/p>\n<p>Fassungsverm\u00f6gen: 250 ml<\/p>\n","protected":false},"excerpt":{"rendered":"<p>Dieser witzige Zwergkaninchen-Napf ist der ideale Futter- oder Wassernapf f\u00fcr Ihren kleinen Liebling. Der Napf besteht aus hochwertiger Keramik und ist sp\u00fclmaschinenfest. Der Napf hat auf der Innenseite ein witziges Kaninchenmotiv. Ma\u00dfe: 11,5 x 5 cm (Durchmesser x H\u00f6he) Fassungsverm\u00f6gen: 250 ml<\/p>\n","protected":false},"featured_media":35322,"comment_status":"closed","ping_status":"open","template":"","meta":[],"product_cat":[13742],"product_tag":[],"class_list":{"0":"post-46337","1":"product","2":"type-product","3":"status-publish","4":"has-post-thumbnail","6":"product_cat-ausstattung-zubehoer-kleintiernaepfekleintierwelt-ausstattung-zubehoer-kleintierwelt","8":"first","9":"instock","10":"taxable","11":"shipping-taxable","12":"purchasable","13":"product-type-simple"},"_links":{"self":[{"href":"https:\/\/all-pets.de\/shop\/wp-json\/wp\/v2\/product\/46337","targetHints":{"allow":["GET"]}}],"collection":[{"href":"https:\/\/all-pets.de\/shop\/wp-json\/wp\/v2\/product"}],"about":[{"href":"https:\/\/all-pets.de\/shop\/wp-json\/wp\/v2\/types\/product"}],"replies":[{"embeddable":true,"href":"https:\/\/all-pets.de\/shop\/wp-json\/wp\/v2\/comments?post=46337"}],"wp:featuredmedia":[{"embeddable":true,"href":"https:\/\/all-pets.de\/shop\/wp-json\/wp\/v2\/media\/35322"}],"wp:attachment":[{"href":"https:\/\/all-pets.de\/shop\/wp-json\/wp\/v2\/media?parent=46337"}],"wp:term":[{"taxonomy":"product_cat","embeddable":true,"href":"https:\/\/all-pets.de\/shop\/wp-json\/wp\/v2\/product_cat?post=46337"},{"taxonomy":"product_tag","embeddable":true,"href":"https:\/\/all-pets.de\/shop\/wp-json\/wp\/v2\/product_tag?post=46337"}],"curies":[{"name":"wp","href":"https:\/\/api.w.org\/{rel}","templated":true}]}}