{"id":46339,"date":"2023-12-12T10:51:35","date_gmt":"2023-12-12T09:51:35","guid":{"rendered":"https:\/\/pet-shopping.de\/shop\/produkt\/catit-nylon-verstellbares-geschirr-und-leinenset\/"},"modified":"2023-12-12T10:51:37","modified_gmt":"2023-12-12T09:51:37","slug":"catit-nylon-verstellbares-geschirr-und-leinenset","status":"publish","type":"product","link":"https:\/\/all-pets.de\/shop\/produkt\/catit-nylon-verstellbares-geschirr-und-leinenset\/","title":{"rendered":"CATIT Nylon verstellbares Geschirr- und Leinenset"},"content":{"rendered":"<p>Das Geschirr bietet Ihrer Katze einen angenehmen Tragekomfort. Es kann verstellt werden bis es bequem sitzt und nicht mehr verrutscht. Geschirr und Leine sind aus weichem Nylonmaterial, mit Klickverschl\u00fcssen und verchromten Beschl\u00e4gen. Die Leine hat eine L\u00e4nge von 110 cm. Die Breite des Nylons betr\u00e4gt 10 mm.<\/p>\n","protected":false},"excerpt":{"rendered":"<p>Das Geschirr bietet Ihrer Katze einen angenehmen Tragekomfort. Es kann verstellt werden bis es bequem sitzt und nicht mehr verrutscht. Geschirr und Leine sind aus weichem Nylonmaterial, mit Klickverschl\u00fcssen und verchromten Beschl\u00e4gen. Die Leine hat eine L\u00e4nge von 110 cm. Die Breite des Nylons betr\u00e4gt 10 mm.<\/p>\n","protected":false},"featured_media":35343,"comment_status":"closed","ping_status":"open","template":"","meta":[],"product_cat":[14402],"product_tag":[],"class_list":{"0":"post-46339","1":"product","2":"type-product","3":"status-publish","4":"has-post-thumbnail","6":"product_cat-katzenhalsbaender-geschirre-geschirrekatzenwelt","8":"first","9":"instock","10":"taxable","11":"shipping-taxable","12":"purchasable","13":"product-type-simple"},"_links":{"self":[{"href":"https:\/\/all-pets.de\/shop\/wp-json\/wp\/v2\/product\/46339","targetHints":{"allow":["GET"]}}],"collection":[{"href":"https:\/\/all-pets.de\/shop\/wp-json\/wp\/v2\/product"}],"about":[{"href":"https:\/\/all-pets.de\/shop\/wp-json\/wp\/v2\/types\/product"}],"replies":[{"embeddable":true,"href":"https:\/\/all-pets.de\/shop\/wp-json\/wp\/v2\/comments?post=46339"}],"wp:featuredmedia":[{"embeddable":true,"href":"https:\/\/all-pets.de\/shop\/wp-json\/wp\/v2\/media\/35343"}],"wp:attachment":[{"href":"https:\/\/all-pets.de\/shop\/wp-json\/wp\/v2\/media?parent=46339"}],"wp:term":[{"taxonomy":"product_cat","embeddable":true,"href":"https:\/\/all-pets.de\/shop\/wp-json\/wp\/v2\/product_cat?post=46339"},{"taxonomy":"product_tag","embeddable":true,"href":"https:\/\/all-pets.de\/shop\/wp-json\/wp\/v2\/product_tag?post=46339"}],"curies":[{"name":"wp","href":"https:\/\/api.w.org\/{rel}","templated":true}]}}