{"id":46362,"date":"2023-12-12T10:51:41","date_gmt":"2023-12-12T09:51:41","guid":{"rendered":"https:\/\/pet-shopping.de\/shop\/produkt\/catit-xl-katzenstreuschaufel-rosa\/"},"modified":"2023-12-12T10:51:41","modified_gmt":"2023-12-12T09:51:41","slug":"catit-xl-katzenstreuschaufel-rosa","status":"publish","type":"product","link":"https:\/\/all-pets.de\/shop\/produkt\/catit-xl-katzenstreuschaufel-rosa\/","title":{"rendered":"CATIT XL Katzenstreuschaufel Rosa"},"content":{"rendered":"<p>Mit dieser Streuschaufel im XL-Format wird das S\u00e4ubern der Katzentoilette erheblich verk\u00fcrzt. Durch die enorme Gr\u00f6\u00dfe kann bei jedem Schaufeln eine viel gr\u00f6\u00dfere Menge an Katzenstreu verarbeitet und von Unreinheiten befreit werden. <\/p>\n<p>Gesamtgr\u00f6\u00dfe: ca. 32 x 15,5 x 7 cm (LxBxH im liegenden Zustand)<br \/> Ma\u00dfe der Schaufel (ohne Stiel): 16 x 15,5 x 7 cm (LxBxH)\u00a0 <br \/> Gr\u00f6\u00dfe der Schaufell\u00f6cher: ca. 0,9 bis 1,6 cm<br \/> Farbe: Rosa<\/p>\n","protected":false},"excerpt":{"rendered":"<p>Mit dieser Streuschaufel im XL-Format wird das S\u00e4ubern der Katzentoilette erheblich verk\u00fcrzt. Durch die enorme Gr\u00f6\u00dfe kann bei jedem Schaufeln eine viel gr\u00f6\u00dfere Menge an Katzenstreu verarbeitet und von Unreinheiten befreit werden. Gesamtgr\u00f6\u00dfe: ca. 32 x 15,5 x 7 cm (LxBxH im liegenden Zustand) Ma\u00dfe der Schaufel (ohne Stiel): 16 x 15,5 x 7 cm [&hellip;]<\/p>\n","protected":false},"featured_media":768,"comment_status":"closed","ping_status":"open","template":"","meta":[],"product_cat":[14219],"product_tag":[],"class_list":{"0":"post-46362","1":"product","2":"type-product","3":"status-publish","4":"has-post-thumbnail","6":"product_cat-toiletten-zubehoer","8":"first","9":"instock","10":"taxable","11":"shipping-taxable","12":"purchasable","13":"product-type-simple"},"_links":{"self":[{"href":"https:\/\/all-pets.de\/shop\/wp-json\/wp\/v2\/product\/46362","targetHints":{"allow":["GET"]}}],"collection":[{"href":"https:\/\/all-pets.de\/shop\/wp-json\/wp\/v2\/product"}],"about":[{"href":"https:\/\/all-pets.de\/shop\/wp-json\/wp\/v2\/types\/product"}],"replies":[{"embeddable":true,"href":"https:\/\/all-pets.de\/shop\/wp-json\/wp\/v2\/comments?post=46362"}],"wp:featuredmedia":[{"embeddable":true,"href":"https:\/\/all-pets.de\/shop\/wp-json\/wp\/v2\/media\/768"}],"wp:attachment":[{"href":"https:\/\/all-pets.de\/shop\/wp-json\/wp\/v2\/media?parent=46362"}],"wp:term":[{"taxonomy":"product_cat","embeddable":true,"href":"https:\/\/all-pets.de\/shop\/wp-json\/wp\/v2\/product_cat?post=46362"},{"taxonomy":"product_tag","embeddable":true,"href":"https:\/\/all-pets.de\/shop\/wp-json\/wp\/v2\/product_tag?post=46362"}],"curies":[{"name":"wp","href":"https:\/\/api.w.org\/{rel}","templated":true}]}}