{"id":46375,"date":"2023-12-12T10:51:41","date_gmt":"2023-12-12T09:51:41","guid":{"rendered":"https:\/\/pet-shopping.de\/shop\/produkt\/karlie-perfect-care-brush-clean-pflegehandschuh\/"},"modified":"2023-12-12T10:51:42","modified_gmt":"2023-12-12T09:51:42","slug":"karlie-perfect-care-brush-clean-pflegehandschuh","status":"publish","type":"product","link":"https:\/\/all-pets.de\/shop\/produkt\/karlie-perfect-care-brush-clean-pflegehandschuh\/","title":{"rendered":"Karlie Perfect Care Brush &#038; Clean Pflegehandschuh"},"content":{"rendered":"<div>Entfernt schnell und einfach lose Haare und Staub. Ideal auch f\u00fcr Kleidung, Teppiche und Polsterm\u00f6bel. <\/p>\n<p> Farbe: Rot<br \/> Gr\u00f6\u00dfe: ca. 24 x 16 cm<\/div>\n","protected":false},"excerpt":{"rendered":"<p>Entfernt schnell und einfach lose Haare und Staub. Ideal auch f\u00fcr Kleidung, Teppiche und Polsterm\u00f6bel. Farbe: Rot Gr\u00f6\u00dfe: ca. 24 x 16 cm<\/p>\n","protected":false},"featured_media":4933,"comment_status":"closed","ping_status":"open","template":"","meta":[],"product_cat":[14410],"product_tag":[],"class_list":{"0":"post-46375","1":"product","2":"type-product","3":"status-publish","4":"has-post-thumbnail","6":"product_cat-pflege-handschuhe-pflege-gesundheit-reinigen-trocknenhundewelt-pflege-gesundheit-reinigen-trocknenkatzenwelt-fellpflege-pflege-gesundheit-hundewelt","8":"first","9":"instock","10":"taxable","11":"shipping-taxable","12":"purchasable","13":"product-type-simple"},"_links":{"self":[{"href":"https:\/\/all-pets.de\/shop\/wp-json\/wp\/v2\/product\/46375","targetHints":{"allow":["GET"]}}],"collection":[{"href":"https:\/\/all-pets.de\/shop\/wp-json\/wp\/v2\/product"}],"about":[{"href":"https:\/\/all-pets.de\/shop\/wp-json\/wp\/v2\/types\/product"}],"replies":[{"embeddable":true,"href":"https:\/\/all-pets.de\/shop\/wp-json\/wp\/v2\/comments?post=46375"}],"wp:featuredmedia":[{"embeddable":true,"href":"https:\/\/all-pets.de\/shop\/wp-json\/wp\/v2\/media\/4933"}],"wp:attachment":[{"href":"https:\/\/all-pets.de\/shop\/wp-json\/wp\/v2\/media?parent=46375"}],"wp:term":[{"taxonomy":"product_cat","embeddable":true,"href":"https:\/\/all-pets.de\/shop\/wp-json\/wp\/v2\/product_cat?post=46375"},{"taxonomy":"product_tag","embeddable":true,"href":"https:\/\/all-pets.de\/shop\/wp-json\/wp\/v2\/product_tag?post=46375"}],"curies":[{"name":"wp","href":"https:\/\/api.w.org\/{rel}","templated":true}]}}