{"id":46376,"date":"2023-12-12T10:51:41","date_gmt":"2023-12-12T09:51:41","guid":{"rendered":"https:\/\/pet-shopping.de\/shop\/produkt\/buddel-und-spielturm-finn\/"},"modified":"2023-12-12T10:51:42","modified_gmt":"2023-12-12T09:51:42","slug":"buddel-und-spielturm-finn","status":"publish","type":"product","link":"https:\/\/all-pets.de\/shop\/produkt\/buddel-und-spielturm-finn\/","title":{"rendered":"Buddel- und Spielturm Finn"},"content":{"rendered":"<div>Buddel- und Spielturm aus Naturmaterialien zum Graben und Verstecken. Der Hamster kann seine Backentaschen von der Lippenspalte bis zum Beckeng\u00fcrtel ausdehnen, durch die besonderen Komfortma\u00dfe ist es hier m\u00f6glich auch mit gef\u00fcllten Backentaschen durch die extra gro\u00dfen \u00d6ffnungen zu laufen.<\/p>\n<p> Der Buddel- und Spielturm Finn ist an beiden Seiten mit Plexiglasscheiben ausgestattet, durch die Sie Ihr Tier beim Buddeln toll beobachten k\u00f6nnen. Der Turm wird mit Einstreu gef\u00fcllt und schon kann das Vergn\u00fcgen f\u00fcr Ihren kleinen Liebling losgehen. \u00dcber die seitlich anzubringende Sprossenleiter gelangt das Tier auf das Dach des Turms, von wo aus es durch ein gro\u00dfes Eingangsloch ins Innere des Spielturms klettern kann.<\/p>\n<p> Gesamtma\u00dfe: ca. 20 x 16,5 x 19,5 cm (BxTxH)<\/p><\/div>\n","protected":false},"excerpt":{"rendered":"<p>Buddel- und Spielturm aus Naturmaterialien zum Graben und Verstecken. Der Hamster kann seine Backentaschen von der Lippenspalte bis zum Beckeng\u00fcrtel ausdehnen, durch die besonderen Komfortma\u00dfe ist es hier m\u00f6glich auch mit gef\u00fcllten Backentaschen durch die extra gro\u00dfen \u00d6ffnungen zu laufen. Der Buddel- und Spielturm Finn ist an beiden Seiten mit Plexiglasscheiben ausgestattet, durch die Sie [&hellip;]<\/p>\n","protected":false},"featured_media":16376,"comment_status":"closed","ping_status":"open","template":"","meta":[],"product_cat":[14289],"product_tag":[],"class_list":{"0":"post-46376","1":"product","2":"type-product","3":"status-publish","4":"has-post-thumbnail","6":"product_cat-spiel-sport-ausstattung-zubehoer-holzhaeuserkleintierwelt","8":"first","9":"instock","10":"taxable","11":"shipping-taxable","12":"purchasable","13":"product-type-simple"},"_links":{"self":[{"href":"https:\/\/all-pets.de\/shop\/wp-json\/wp\/v2\/product\/46376","targetHints":{"allow":["GET"]}}],"collection":[{"href":"https:\/\/all-pets.de\/shop\/wp-json\/wp\/v2\/product"}],"about":[{"href":"https:\/\/all-pets.de\/shop\/wp-json\/wp\/v2\/types\/product"}],"replies":[{"embeddable":true,"href":"https:\/\/all-pets.de\/shop\/wp-json\/wp\/v2\/comments?post=46376"}],"wp:featuredmedia":[{"embeddable":true,"href":"https:\/\/all-pets.de\/shop\/wp-json\/wp\/v2\/media\/16376"}],"wp:attachment":[{"href":"https:\/\/all-pets.de\/shop\/wp-json\/wp\/v2\/media?parent=46376"}],"wp:term":[{"taxonomy":"product_cat","embeddable":true,"href":"https:\/\/all-pets.de\/shop\/wp-json\/wp\/v2\/product_cat?post=46376"},{"taxonomy":"product_tag","embeddable":true,"href":"https:\/\/all-pets.de\/shop\/wp-json\/wp\/v2\/product_tag?post=46376"}],"curies":[{"name":"wp","href":"https:\/\/api.w.org\/{rel}","templated":true}]}}