{"id":46377,"date":"2023-12-12T10:51:41","date_gmt":"2023-12-12T09:51:41","guid":{"rendered":"https:\/\/pet-shopping.de\/shop\/produkt\/trixie-lachsoel-fuer-hund-katze-250ml\/"},"modified":"2023-12-12T10:51:43","modified_gmt":"2023-12-12T09:51:43","slug":"trixie-lachsoel-fuer-hund-katze-250ml","status":"publish","type":"product","link":"https:\/\/all-pets.de\/shop\/produkt\/trixie-lachsoel-fuer-hund-katze-250ml\/","title":{"rendered":"Trixie Lachs\u00f6l f\u00fcr Hund\/Katze &#8211; 250ml"},"content":{"rendered":"<p>Einzelfuttermittel f\u00fcr Hunde unde Katzen<\/p>\n<p>Dieses reine Naturprodukt ist reich an essentiellen, einfach sowie mehrfach unges\u00e4ttigten Fetts\u00e4uren (Omega 3 und 6). Diese sind unverzichtbar f\u00fcr eine ausgewogene Ern\u00e4hrung, unterst\u00fctzen den Stoffwechsel und das Immunsystem. Auch der Aufbau eines sch\u00f6nen Haarkleides und die Regeneration trockener Haut werden durch die F\u00fctterung des Lachs\u00f6ls gef\u00f6rdert, der dadurch entstehende Juckreiz sowie Rissbildung der Haut kann verhindert werden. Ebenso wird die Gesundheit von Herz und Kreislauf unterst\u00fctzt.<\/p>\n<p>Zusammensetzung: 100% Lachs\u00f6l <\/p>\n","protected":false},"excerpt":{"rendered":"<p>Einzelfuttermittel f\u00fcr Hunde unde Katzen Dieses reine Naturprodukt ist reich an essentiellen, einfach sowie mehrfach unges\u00e4ttigten Fetts\u00e4uren (Omega 3 und 6). Diese sind unverzichtbar f\u00fcr eine ausgewogene Ern\u00e4hrung, unterst\u00fctzen den Stoffwechsel und das Immunsystem. Auch der Aufbau eines sch\u00f6nen Haarkleides und die Regeneration trockener Haut werden durch die F\u00fctterung des Lachs\u00f6ls gef\u00f6rdert, der dadurch entstehende [&hellip;]<\/p>\n","protected":false},"featured_media":46378,"comment_status":"closed","ping_status":"open","template":"","meta":[],"product_cat":[14411],"product_tag":[],"class_list":{"0":"post-46377","1":"product","2":"type-product","3":"status-publish","4":"has-post-thumbnail","6":"product_cat-futterergaenzung-futterergaenzung-fuer-katzenhundewelt-katzenwelt","8":"first","9":"instock","10":"taxable","11":"shipping-taxable","12":"purchasable","13":"product-type-simple"},"_links":{"self":[{"href":"https:\/\/all-pets.de\/shop\/wp-json\/wp\/v2\/product\/46377","targetHints":{"allow":["GET"]}}],"collection":[{"href":"https:\/\/all-pets.de\/shop\/wp-json\/wp\/v2\/product"}],"about":[{"href":"https:\/\/all-pets.de\/shop\/wp-json\/wp\/v2\/types\/product"}],"replies":[{"embeddable":true,"href":"https:\/\/all-pets.de\/shop\/wp-json\/wp\/v2\/comments?post=46377"}],"wp:featuredmedia":[{"embeddable":true,"href":"https:\/\/all-pets.de\/shop\/wp-json\/wp\/v2\/media\/46378"}],"wp:attachment":[{"href":"https:\/\/all-pets.de\/shop\/wp-json\/wp\/v2\/media?parent=46377"}],"wp:term":[{"taxonomy":"product_cat","embeddable":true,"href":"https:\/\/all-pets.de\/shop\/wp-json\/wp\/v2\/product_cat?post=46377"},{"taxonomy":"product_tag","embeddable":true,"href":"https:\/\/all-pets.de\/shop\/wp-json\/wp\/v2\/product_tag?post=46377"}],"curies":[{"name":"wp","href":"https:\/\/api.w.org\/{rel}","templated":true}]}}