{"id":46393,"date":"2023-12-12T10:51:45","date_gmt":"2023-12-12T09:51:45","guid":{"rendered":"https:\/\/pet-shopping.de\/shop\/produkt\/wild-treats-miniknochen-getreidefrei-mix-200g\/"},"modified":"2023-12-12T10:51:46","modified_gmt":"2023-12-12T09:51:46","slug":"wild-treats-miniknochen-getreidefrei-mix-200g","status":"publish","type":"product","link":"https:\/\/all-pets.de\/shop\/produkt\/wild-treats-miniknochen-getreidefrei-mix-200g\/","title":{"rendered":"Wild Treats Miniknochen getreidefrei Mix &#8211; 200g"},"content":{"rendered":"<p>Wild Treats Miniknochen Mix-Pack<br \/>Getreidefreies Erg\u00e4nzungsfutter f\u00fcr Hunde.<\/p>\n<p>Der perfekte Leckerbissen f\u00fcrs Training oder f\u00fcr zwischendurch.<\/p>\n<p>Zusammensetzung:<br \/>Fleisch- u. tierische Nebenerzeugnisse (Gans, Lamm), Fisch und Fischnebenerzeugnisse (Lachs), Pflanzliche Nebenerzeugnisse, \u00d6le und Fette.<\/p>\n<p>EG-Zusatzstoffe:<br \/>Eisenoxide, Kaliumsorbat<\/p>\n<p>Analytische Bestandteile:<br \/>Rohprotein: 19,0 %<br \/>Roh\u00f6le und -fette: 4,5 %<br \/>Rohfaser: 4,0 %<br \/>Rohasche: 8,0 %<br \/>Restfeuchte: 18,0 %<\/p>\n<p>F\u00fctterungsempfehlung:<br \/>Gewicht\u00a0\u00a0 Menge<br \/>< 15 kg: \u00a0\u00a020 - 30 g \/ Tag<br \/>> 15 kg: \u00a0\u00a0 30 &#8211; 50 g \/ Tag<\/p>\n<p>Bitte immer ausreichend frisches Wasser bereithalten.<br \/>K\u00fchl und trocken lagern.<\/p>\n","protected":false},"excerpt":{"rendered":"<p>Wild Treats Miniknochen Mix-PackGetreidefreies Erg\u00e4nzungsfutter f\u00fcr Hunde. Der perfekte Leckerbissen f\u00fcrs Training oder f\u00fcr zwischendurch. Zusammensetzung:Fleisch- u. tierische Nebenerzeugnisse (Gans, Lamm), Fisch und Fischnebenerzeugnisse (Lachs), Pflanzliche Nebenerzeugnisse, \u00d6le und Fette. EG-Zusatzstoffe:Eisenoxide, Kaliumsorbat Analytische Bestandteile:Rohprotein: 19,0 %Roh\u00f6le und -fette: 4,5 %Rohfaser: 4,0 %Rohasche: 8,0 %Restfeuchte: 18,0 % F\u00fctterungsempfehlung:Gewicht\u00a0\u00a0 Menge< 15 kg: \u00a0\u00a020 - 30 g \/ [&hellip;]\n<\/p>\n","protected":false},"featured_media":46394,"comment_status":"closed","ping_status":"open","template":"","meta":[],"product_cat":[14413],"product_tag":[],"class_list":{"0":"post-46393","1":"product","2":"type-product","3":"status-publish","4":"has-post-thumbnail","6":"product_cat-wild-treats","8":"first","9":"instock","10":"taxable","11":"shipping-taxable","12":"purchasable","13":"product-type-simple"},"_links":{"self":[{"href":"https:\/\/all-pets.de\/shop\/wp-json\/wp\/v2\/product\/46393","targetHints":{"allow":["GET"]}}],"collection":[{"href":"https:\/\/all-pets.de\/shop\/wp-json\/wp\/v2\/product"}],"about":[{"href":"https:\/\/all-pets.de\/shop\/wp-json\/wp\/v2\/types\/product"}],"replies":[{"embeddable":true,"href":"https:\/\/all-pets.de\/shop\/wp-json\/wp\/v2\/comments?post=46393"}],"wp:featuredmedia":[{"embeddable":true,"href":"https:\/\/all-pets.de\/shop\/wp-json\/wp\/v2\/media\/46394"}],"wp:attachment":[{"href":"https:\/\/all-pets.de\/shop\/wp-json\/wp\/v2\/media?parent=46393"}],"wp:term":[{"taxonomy":"product_cat","embeddable":true,"href":"https:\/\/all-pets.de\/shop\/wp-json\/wp\/v2\/product_cat?post=46393"},{"taxonomy":"product_tag","embeddable":true,"href":"https:\/\/all-pets.de\/shop\/wp-json\/wp\/v2\/product_tag?post=46393"}],"curies":[{"name":"wp","href":"https:\/\/api.w.org\/{rel}","templated":true}]}}