{"id":46395,"date":"2023-12-12T10:51:45","date_gmt":"2023-12-12T09:51:45","guid":{"rendered":"https:\/\/pet-shopping.de\/shop\/produkt\/karlie-4-wege-katzentuer-weiss\/"},"modified":"2023-12-12T10:51:46","modified_gmt":"2023-12-12T09:51:46","slug":"karlie-4-wege-katzentuer-weiss","status":"publish","type":"product","link":"https:\/\/all-pets.de\/shop\/produkt\/karlie-4-wege-katzentuer-weiss\/","title":{"rendered":"Karlie 4-Wege-Katzent\u00fcr &#8211; wei\u00df"},"content":{"rendered":"<p>Die 4-Wege-Katzent\u00fcr verf\u00fcgt \u00fcber alle wichtigen Funktionen, um Ihrer Katze ein sch\u00f6nes Leben mit kontrolliertem Ein- und Ausgang zu erm\u00f6glichen.<\/p>\n<p>Sie l\u00e4sst sich durch die 4-Wege-Funktion ganz einfach manuell auf verschiedene Einstellungen verstellen:<\/p>\n<p>1. Nur Einlass<br \/> 2. Nur Ausgang<br \/> 3. T\u00fcr ist komplett verriegelt<br \/> 4. Freies Herein- und Herausgehen f\u00fcr die Katze<\/p>\n<p>Mit Tunnel bis 50 mm dicke W\u00e4nde und T\u00fcren.<\/p>\n<p>Ma\u00dfe: <\/p>\n<p>Gesamtma\u00dfe: ca. 192 x 200 mm <br \/> T\u00fcrausschnitt: ca. 164 x 174 mm <\/p>\n<p>Farbe: wei\u00df<\/p>\n","protected":false},"excerpt":{"rendered":"<p>Die 4-Wege-Katzent\u00fcr verf\u00fcgt \u00fcber alle wichtigen Funktionen, um Ihrer Katze ein sch\u00f6nes Leben mit kontrolliertem Ein- und Ausgang zu erm\u00f6glichen. Sie l\u00e4sst sich durch die 4-Wege-Funktion ganz einfach manuell auf verschiedene Einstellungen verstellen: 1. Nur Einlass 2. Nur Ausgang 3. T\u00fcr ist komplett verriegelt 4. Freies Herein- und Herausgehen f\u00fcr die Katze Mit Tunnel bis [&hellip;]<\/p>\n","protected":false},"featured_media":32835,"comment_status":"closed","ping_status":"open","template":"","meta":[],"product_cat":[14414],"product_tag":[],"class_list":{"0":"post-46395","1":"product","2":"type-product","3":"status-publish","4":"has-post-thumbnail","6":"product_cat-katzenklappen","8":"first","9":"instock","10":"taxable","11":"shipping-taxable","12":"purchasable","13":"product-type-simple"},"_links":{"self":[{"href":"https:\/\/all-pets.de\/shop\/wp-json\/wp\/v2\/product\/46395","targetHints":{"allow":["GET"]}}],"collection":[{"href":"https:\/\/all-pets.de\/shop\/wp-json\/wp\/v2\/product"}],"about":[{"href":"https:\/\/all-pets.de\/shop\/wp-json\/wp\/v2\/types\/product"}],"replies":[{"embeddable":true,"href":"https:\/\/all-pets.de\/shop\/wp-json\/wp\/v2\/comments?post=46395"}],"wp:featuredmedia":[{"embeddable":true,"href":"https:\/\/all-pets.de\/shop\/wp-json\/wp\/v2\/media\/32835"}],"wp:attachment":[{"href":"https:\/\/all-pets.de\/shop\/wp-json\/wp\/v2\/media?parent=46395"}],"wp:term":[{"taxonomy":"product_cat","embeddable":true,"href":"https:\/\/all-pets.de\/shop\/wp-json\/wp\/v2\/product_cat?post=46395"},{"taxonomy":"product_tag","embeddable":true,"href":"https:\/\/all-pets.de\/shop\/wp-json\/wp\/v2\/product_tag?post=46395"}],"curies":[{"name":"wp","href":"https:\/\/api.w.org\/{rel}","templated":true}]}}