{"id":46396,"date":"2023-12-12T10:51:45","date_gmt":"2023-12-12T09:51:45","guid":{"rendered":"https:\/\/pet-shopping.de\/shop\/produkt\/ersatz-usb-pumpe-fuer-diverse-catit-dogit-trinkbrunnen\/"},"modified":"2023-12-12T10:51:47","modified_gmt":"2023-12-12T09:51:47","slug":"ersatz-usb-pumpe-fuer-diverse-catit-dogit-trinkbrunnen","status":"publish","type":"product","link":"https:\/\/all-pets.de\/shop\/produkt\/ersatz-usb-pumpe-fuer-diverse-catit-dogit-trinkbrunnen\/","title":{"rendered":"Ersatz-USB-Pumpe f\u00fcr diverse CATIT\/DOGIT Trinkbrunnen"},"content":{"rendered":"<p>USB-Pumpe f\u00fcr Trinkbrunnen<\/p>\n<p>Geeignet f\u00fcr:<\/p>\n<ul>\n<li>50023-HAG CATIT Fresh+Clear Trinkbrunnen 2L &#8211; Edelstahl-Wei\u00df<\/li>\n<li>50761-HAG CATIT Trinkbrunnen 3 Liter &#8211; dunkelblau<\/li>\n<li>55600-HAG CATIT Fresh+Clear Trinkbrunnen 3L &#8211; Lindgr\u00fcn<\/li>\n<li>50053-HAG CATIT Fresh+Clear Trinkbrunnen 2L &#8211; Blau<\/li>\n<li>73651-HAG DOGIT Hundetrinkbrunnen 10.5L Blau<\/li>\n<li>91400-HAG ZEUS Trinkbrunnen H2EAU 6L &#8211; Hellblau<\/li>\n<li>43735W-HAG Catit Senses 2.0 Mini-Blumentrinkbrunnen<\/li>\n<li>43742W-HAG Catit Senses 2.0 Blumentrinkbrunnen<\/li>\n<\/ul>\n<p>Die Catit USB-Pumpe kann nur mit dem original USB-Adapter (# 50043) (seperat erh\u00e4ltlich) und Kabel verwendet werden.<br \/>\u00a0<br \/>Reinigungshinweis: Bitte \u00f6ffnen Sie die Pumpe an der Seite des Gitters und reinigen Sie den Impeller. Nehmen Sie diesen aus der Pumpe und entkalken Sie diesen ggf.<br \/>\u00a0<\/p>\n<p>HINWEIS: ** F\u00fcr # 55600\/50761\/43742W ist es wichtig das Bild der USB-Pumpe\/des Adapters gegen die vorhandenen Teile des Brunnens zu vergleichen &#8211; einige Modelle verwenden die Ersatz-USB-Pumpe mit USB-Adapter (# 50068).<\/p><\/p>\n","protected":false},"excerpt":{"rendered":"<p>USB-Pumpe f\u00fcr Trinkbrunnen Geeignet f\u00fcr: 50023-HAG CATIT Fresh+Clear Trinkbrunnen 2L &#8211; Edelstahl-Wei\u00df 50761-HAG CATIT Trinkbrunnen 3 Liter &#8211; dunkelblau 55600-HAG CATIT Fresh+Clear Trinkbrunnen 3L &#8211; Lindgr\u00fcn 50053-HAG CATIT Fresh+Clear Trinkbrunnen 2L &#8211; Blau 73651-HAG DOGIT Hundetrinkbrunnen 10.5L Blau 91400-HAG ZEUS Trinkbrunnen H2EAU 6L &#8211; Hellblau 43735W-HAG Catit Senses 2.0 Mini-Blumentrinkbrunnen 43742W-HAG Catit Senses 2.0 Blumentrinkbrunnen [&hellip;]<\/p>\n","protected":false},"featured_media":46397,"comment_status":"closed","ping_status":"open","template":"","meta":[],"product_cat":[14417],"product_tag":[],"class_list":{"0":"post-46396","1":"product","2":"type-product","3":"status-publish","4":"has-post-thumbnail","6":"product_cat-futterspender-traenken-hundenaepfe-traenken-hundenaepfe-traenkenhundewelt","8":"first","9":"instock","10":"taxable","11":"shipping-taxable","12":"purchasable","13":"product-type-simple"},"_links":{"self":[{"href":"https:\/\/all-pets.de\/shop\/wp-json\/wp\/v2\/product\/46396","targetHints":{"allow":["GET"]}}],"collection":[{"href":"https:\/\/all-pets.de\/shop\/wp-json\/wp\/v2\/product"}],"about":[{"href":"https:\/\/all-pets.de\/shop\/wp-json\/wp\/v2\/types\/product"}],"replies":[{"embeddable":true,"href":"https:\/\/all-pets.de\/shop\/wp-json\/wp\/v2\/comments?post=46396"}],"wp:featuredmedia":[{"embeddable":true,"href":"https:\/\/all-pets.de\/shop\/wp-json\/wp\/v2\/media\/46397"}],"wp:attachment":[{"href":"https:\/\/all-pets.de\/shop\/wp-json\/wp\/v2\/media?parent=46396"}],"wp:term":[{"taxonomy":"product_cat","embeddable":true,"href":"https:\/\/all-pets.de\/shop\/wp-json\/wp\/v2\/product_cat?post=46396"},{"taxonomy":"product_tag","embeddable":true,"href":"https:\/\/all-pets.de\/shop\/wp-json\/wp\/v2\/product_tag?post=46396"}],"curies":[{"name":"wp","href":"https:\/\/api.w.org\/{rel}","templated":true}]}}