{"id":46399,"date":"2023-12-12T10:51:45","date_gmt":"2023-12-12T09:51:45","guid":{"rendered":"https:\/\/pet-shopping.de\/shop\/produkt\/adaptil-transport-spray-20ml\/"},"modified":"2023-12-12T10:51:47","modified_gmt":"2023-12-12T09:51:47","slug":"adaptil-transport-spray-20ml","status":"publish","type":"product","link":"https:\/\/all-pets.de\/shop\/produkt\/adaptil-transport-spray-20ml\/","title":{"rendered":"Adaptil Transport Spray 20ml"},"content":{"rendered":"<div class=\"row\">\n<div class=\"col-12\">\n<p>Das ADAPTIL\u00ae Transportspray ist ein einfachanzuwendendes Produkt f\u00fcr den vor\u00fcbergehenden Einsatz, z. B. beiAutofahrten. Es hilft bei der Gew\u00f6hnung an das Autofahren und reduziertnachweislich bereits vorhandenes, stressbedingtes Verhalten beim Hund,wie z. B. Speicheln, Erbrechen, Unruhe, Bellen und Jaulen w\u00e4hrend desTransports.<\/p>\n<p>Das ADAPTIL\u00ae Transportspray kann direkt aufgespr\u00fcht werden auf:\u2022 Liegepl\u00e4tze\u2022 Transportboxen\u2022 oder ins Auto.<\/p>\n<p><strong>Das Wichtigste zum ADAPTIL\u00ae Spray im \u00dcberblick:<\/strong> <\/p>\n<ul>\n<li>Nicht-medikament\u00f6se Hilfe zum Wohlf\u00fchlen f\u00fcr Hunde\u2022 <\/li>\n<li>Reduziert Anzeichen von Stress bei Welpen und erwachsenen Hunden\u2022 <\/li>\n<li>Entspannt wissenschaftlich belegt\u2022 <\/li>\n<li>Von Tier\u00e4rzten empfohlen und entwickelt.<\/li>\n<\/ul>\n<\/div>\n<\/div>\n<div class=\"row\">\n<div class=\"col\">\n<p>Analogon des Hunde-Entspannungs-Pheromons 2 % Isopropanol q.s. 60 ml<\/p>\n<p>Eine 60 ml-Flasche enth\u00e4lt ca. 400 Pumpst\u00f6\u00dfe (entsprechend ca. 50 Anwendungen).<\/p>\n<\/div>\n<\/div>\n<div class=\"row\">\n<div class=\"col\">\n<p><strong><strong>Wie wende ich das ADAPTIL Spray an?<\/strong><\/strong><\/p>\n<ul>\n<li>Sch\u00fctteln Sie die Spr\u00fchflasche<\/li>\n<li>Geben Sie 15 Minuten vor dem gew\u00fcnschten Effekt bzw. 15 Minuten, bevor derHund in die entsprechende Umgebung gebracht wird, 8 bis 10 Spr\u00fchst\u00f6\u00dfeauf Gegenst\u00e4nde oder Einrichtungen (Auto, Transportbox, Zwinger).<\/li>\n<\/ul>\n<p>Der Effekt h\u00e4lt etwa 4 bis 5 Stunden an, einzelne Tiere reagieren aberunterschiedlich. ADAPTIL\u00ae wird nach 4 bis 5 Stunden oder wenn Sie einNachlassen des Effekts feststellen nachgespr\u00fcht.<\/p>\n<p>Das ADAPTIL\u00aeSpray kann direkt auf Liegepl\u00e4tze, K\u00f6rbchen, Transportbox oder im Autooder Zwinger gespr\u00fcht werden. Bitte stellen Sie sicher, dass sich derHunde w\u00e4hrend des Spr\u00fchens nicht in der N\u00e4he aufh\u00e4lt. Bitte lassen Siedas bespr\u00fchte Objekt (Kissen, Transportbox, etc.) f\u00fcr mindestens 15Minuten trocken, bevor Sie es dem Hund geben. Dadurch verfliegt derAlkohol, der als Tr\u00e4gerstoff f\u00fcr die Pheromone dient.<\/p>\n<p>Das ADAPTIL Spray sollte nicht direkt auf Tiereoder in der N\u00e4he des Gesichts eines Tieres gespr\u00fcht werden.<\/p>\n<\/div>\n<\/div>\n","protected":false},"excerpt":{"rendered":"<p>Das ADAPTIL\u00ae Transportspray ist ein einfachanzuwendendes Produkt f\u00fcr den vor\u00fcbergehenden Einsatz, z. B. beiAutofahrten. Es hilft bei der Gew\u00f6hnung an das Autofahren und reduziertnachweislich bereits vorhandenes, stressbedingtes Verhalten beim Hund,wie z. B. Speicheln, Erbrechen, Unruhe, Bellen und Jaulen w\u00e4hrend desTransports. Das ADAPTIL\u00ae Transportspray kann direkt aufgespr\u00fcht werden auf:\u2022 Liegepl\u00e4tze\u2022 Transportboxen\u2022 oder ins Auto. Das Wichtigste [&hellip;]<\/p>\n","protected":false},"featured_media":33527,"comment_status":"closed","ping_status":"open","template":"","meta":[],"product_cat":[14332],"product_tag":[],"class_list":{"0":"post-46399","1":"product","2":"type-product","3":"status-publish","4":"has-post-thumbnail","6":"product_cat-adaptil","8":"first","9":"instock","10":"taxable","11":"shipping-taxable","12":"purchasable","13":"product-type-simple"},"_links":{"self":[{"href":"https:\/\/all-pets.de\/shop\/wp-json\/wp\/v2\/product\/46399","targetHints":{"allow":["GET"]}}],"collection":[{"href":"https:\/\/all-pets.de\/shop\/wp-json\/wp\/v2\/product"}],"about":[{"href":"https:\/\/all-pets.de\/shop\/wp-json\/wp\/v2\/types\/product"}],"replies":[{"embeddable":true,"href":"https:\/\/all-pets.de\/shop\/wp-json\/wp\/v2\/comments?post=46399"}],"wp:featuredmedia":[{"embeddable":true,"href":"https:\/\/all-pets.de\/shop\/wp-json\/wp\/v2\/media\/33527"}],"wp:attachment":[{"href":"https:\/\/all-pets.de\/shop\/wp-json\/wp\/v2\/media?parent=46399"}],"wp:term":[{"taxonomy":"product_cat","embeddable":true,"href":"https:\/\/all-pets.de\/shop\/wp-json\/wp\/v2\/product_cat?post=46399"},{"taxonomy":"product_tag","embeddable":true,"href":"https:\/\/all-pets.de\/shop\/wp-json\/wp\/v2\/product_tag?post=46399"}],"curies":[{"name":"wp","href":"https:\/\/api.w.org\/{rel}","templated":true}]}}