{"id":46401,"date":"2023-12-12T10:51:45","date_gmt":"2023-12-12T09:51:45","guid":{"rendered":"https:\/\/pet-shopping.de\/shop\/produkt\/hagen-livingworld-teachn-treat-interaktives-spielzeug-fuer-kleintiere\/"},"modified":"2023-12-12T10:51:47","modified_gmt":"2023-12-12T09:51:47","slug":"hagen-livingworld-teachn-treat-interaktives-spielzeug-fuer-kleintiere","status":"publish","type":"product","link":"https:\/\/all-pets.de\/shop\/produkt\/hagen-livingworld-teachn-treat-interaktives-spielzeug-fuer-kleintiere\/","title":{"rendered":"Hagen LivingWorld Teach&#8217;N Treat &#8211; Interaktives Spielzeug f\u00fcr Kleintiere"},"content":{"rendered":"<p>LivingWorld Teach&#8217;N Treat &#8211; Bringen Sie Ihrem Kleintier bei, wie es mit Spa\u00df nach Leckereien sucht!<\/p>\n<p>Das LivingWorld Teach&#8217;N Treat ist ein interaktives 3-in-1 Spiel f\u00fcr Sie und Ihr Kleintier mit mehreren Schwierigkeitsstufen. Es eignet sich f\u00fcr Kaninchen, Chinchillas, Meerschweinchen und Ratten und kann sogar f\u00fcr Papageien und Minischweine verwendet werden.<\/p>\n<p>Ein lustiges, interaktivesLernspielzeug f\u00fcr Ihr kleines Heimtier. Lassen Sie Ihr Kleintier nach Leckereien suchen, nachdem es Sie beobachtet, zugeh\u00f6rt und gelernt hat. Auch f\u00fcr Sie wird es eine tolle Erfahrung sein, da Sie <\/p>\n<p>&#8211; Ihrem Kleintier etwas beibringen und es damit aktiv und munter halten k\u00f6nnen<br \/> &#8211; interagieren und eine emotionale Bindung zu Ihrem Kleintier aufbauen k\u00f6nnen<br \/> &#8211; auch Spa\u00df daran haben werden!<\/p>\n<p>Das Spiel verf\u00fcgt \u00fcber verschiedene Funktionen, mit denen Sie unterschiedliche Schwierigkeitsstufen kreieren k\u00f6nnen und sich so mit Ihrem Kleintier von einfach nach schwer steigern k\u00f6nnen. Eine Anleitung der verschiedenen M\u00f6glichkeiten ist selbstverst\u00e4ndlich beiliegend. <\/p>\n<p>Ma\u00dfe: ca. 24,5 x 24,5 x 3 cm (LxBxH)<\/p>\n<div align=\"center\"><strong>Lernspielzeug f\u00fcr Ihr Kleintier = Ein kl\u00fcgeres, aktiveres und ges\u00fcnderes Kleintier = Spa\u00df an der Interaktion mit Ihrem Kleintier = Unbezahlbar!<\/strong> <\/div>\n<p><\/p>\n","protected":false},"excerpt":{"rendered":"<p>LivingWorld Teach&#8217;N Treat &#8211; Bringen Sie Ihrem Kleintier bei, wie es mit Spa\u00df nach Leckereien sucht! Das LivingWorld Teach&#8217;N Treat ist ein interaktives 3-in-1 Spiel f\u00fcr Sie und Ihr Kleintier mit mehreren Schwierigkeitsstufen. Es eignet sich f\u00fcr Kaninchen, Chinchillas, Meerschweinchen und Ratten und kann sogar f\u00fcr Papageien und Minischweine verwendet werden. Ein lustiges, interaktivesLernspielzeug f\u00fcr [&hellip;]<\/p>\n","protected":false},"featured_media":36277,"comment_status":"closed","ping_status":"open","template":"","meta":[],"product_cat":[13745],"product_tag":[],"class_list":{"0":"post-46401","1":"product","2":"type-product","3":"status-publish","4":"has-post-thumbnail","6":"product_cat-spiel-sport","8":"first","9":"instock","10":"taxable","11":"shipping-taxable","12":"purchasable","13":"product-type-simple"},"_links":{"self":[{"href":"https:\/\/all-pets.de\/shop\/wp-json\/wp\/v2\/product\/46401","targetHints":{"allow":["GET"]}}],"collection":[{"href":"https:\/\/all-pets.de\/shop\/wp-json\/wp\/v2\/product"}],"about":[{"href":"https:\/\/all-pets.de\/shop\/wp-json\/wp\/v2\/types\/product"}],"replies":[{"embeddable":true,"href":"https:\/\/all-pets.de\/shop\/wp-json\/wp\/v2\/comments?post=46401"}],"wp:featuredmedia":[{"embeddable":true,"href":"https:\/\/all-pets.de\/shop\/wp-json\/wp\/v2\/media\/36277"}],"wp:attachment":[{"href":"https:\/\/all-pets.de\/shop\/wp-json\/wp\/v2\/media?parent=46401"}],"wp:term":[{"taxonomy":"product_cat","embeddable":true,"href":"https:\/\/all-pets.de\/shop\/wp-json\/wp\/v2\/product_cat?post=46401"},{"taxonomy":"product_tag","embeddable":true,"href":"https:\/\/all-pets.de\/shop\/wp-json\/wp\/v2\/product_tag?post=46401"}],"curies":[{"name":"wp","href":"https:\/\/api.w.org\/{rel}","templated":true}]}}