{"id":46419,"date":"2023-12-12T10:51:49","date_gmt":"2023-12-12T09:51:49","guid":{"rendered":"https:\/\/pet-shopping.de\/shop\/produkt\/kerbl-maxi-safe-sicherheitsweste-fuer-hunde-rueckenlaenge-25-cm\/"},"modified":"2023-12-12T10:51:51","modified_gmt":"2023-12-12T09:51:51","slug":"kerbl-maxi-safe-sicherheitsweste-fuer-hunde-rueckenlaenge-25-cm","status":"publish","type":"product","link":"https:\/\/all-pets.de\/shop\/produkt\/kerbl-maxi-safe-sicherheitsweste-fuer-hunde-rueckenlaenge-25-cm\/","title":{"rendered":"Kerbl MAXI SAFE Sicherheitsweste f\u00fcr Hunde, R\u00fcckenl\u00e4nge 25 cm"},"content":{"rendered":"<p>Die Signalfarben dieser Sicherheitsweste erm\u00f6glichen, dass Ihr Hund nicht nur schnell bei Tag, sondern auch bei Nacht gesehen wird. Durch den reflektierenden Streifen am Hals und das reflektierende Stop-Zeichen ist Ihr Hund in jeder Position sofort sichtbar. <\/p>\n<p> Die beiden stufenlos verstellbaren Klettverschl\u00fcsse an Hals und Bauch erm\u00f6glichen ein schnelles Anbringen der Sicherheitsweste ohne viel Aufwand. <\/p>\n<p>Farbe: Neongelb<\/p>\n<p>R\u00fcckenl\u00e4nge: 25cm<\/p>\n","protected":false},"excerpt":{"rendered":"<p>Die Signalfarben dieser Sicherheitsweste erm\u00f6glichen, dass Ihr Hund nicht nur schnell bei Tag, sondern auch bei Nacht gesehen wird. Durch den reflektierenden Streifen am Hals und das reflektierende Stop-Zeichen ist Ihr Hund in jeder Position sofort sichtbar. Die beiden stufenlos verstellbaren Klettverschl\u00fcsse an Hals und Bauch erm\u00f6glichen ein schnelles Anbringen der Sicherheitsweste ohne viel Aufwand. [&hellip;]<\/p>\n","protected":false},"featured_media":1397,"comment_status":"closed","ping_status":"open","template":"","meta":[],"product_cat":[13783],"product_tag":[],"class_list":{"0":"post-46419","1":"product","2":"type-product","3":"status-publish","4":"has-post-thumbnail","6":"product_cat-sicherheit","8":"first","9":"instock","10":"taxable","11":"shipping-taxable","12":"purchasable","13":"product-type-simple"},"_links":{"self":[{"href":"https:\/\/all-pets.de\/shop\/wp-json\/wp\/v2\/product\/46419","targetHints":{"allow":["GET"]}}],"collection":[{"href":"https:\/\/all-pets.de\/shop\/wp-json\/wp\/v2\/product"}],"about":[{"href":"https:\/\/all-pets.de\/shop\/wp-json\/wp\/v2\/types\/product"}],"replies":[{"embeddable":true,"href":"https:\/\/all-pets.de\/shop\/wp-json\/wp\/v2\/comments?post=46419"}],"wp:featuredmedia":[{"embeddable":true,"href":"https:\/\/all-pets.de\/shop\/wp-json\/wp\/v2\/media\/1397"}],"wp:attachment":[{"href":"https:\/\/all-pets.de\/shop\/wp-json\/wp\/v2\/media?parent=46419"}],"wp:term":[{"taxonomy":"product_cat","embeddable":true,"href":"https:\/\/all-pets.de\/shop\/wp-json\/wp\/v2\/product_cat?post=46419"},{"taxonomy":"product_tag","embeddable":true,"href":"https:\/\/all-pets.de\/shop\/wp-json\/wp\/v2\/product_tag?post=46419"}],"curies":[{"name":"wp","href":"https:\/\/api.w.org\/{rel}","templated":true}]}}