{"id":46423,"date":"2023-12-12T10:51:49","date_gmt":"2023-12-12T09:51:49","guid":{"rendered":"https:\/\/pet-shopping.de\/shop\/produkt\/kerbl-wollmaeuse-2-stueck\/"},"modified":"2023-12-12T10:51:51","modified_gmt":"2023-12-12T09:51:51","slug":"kerbl-wollmaeuse-2-stueck","status":"publish","type":"product","link":"https:\/\/all-pets.de\/shop\/produkt\/kerbl-wollmaeuse-2-stueck\/","title":{"rendered":"Kerbl Wollm\u00e4use &#8211; 2 St\u00fcck"},"content":{"rendered":"<p>Zwei niedliche Wollm\u00e4use zum Spielen und Jagen mit einer Gr\u00f6\u00dfe von ca. 4,5 cm.<\/p>\n<p>Diverse Farben. Eine Farbwahl ist leider nicht m\u00f6glich, da die Farbe je nach Lagerbestand gew\u00e4hlt wird.<\/p>\n","protected":false},"excerpt":{"rendered":"<p>Zwei niedliche Wollm\u00e4use zum Spielen und Jagen mit einer Gr\u00f6\u00dfe von ca. 4,5 cm. Diverse Farben. Eine Farbwahl ist leider nicht m\u00f6glich, da die Farbe je nach Lagerbestand gew\u00e4hlt wird.<\/p>\n","protected":false},"featured_media":1434,"comment_status":"closed","ping_status":"open","template":"","meta":[],"product_cat":[13752],"product_tag":[],"class_list":{"0":"post-46423","1":"product","2":"type-product","3":"status-publish","4":"has-post-thumbnail","6":"product_cat-katzenspielmaeuse-katzenspielzeug","8":"first","9":"instock","10":"taxable","11":"shipping-taxable","12":"purchasable","13":"product-type-simple"},"_links":{"self":[{"href":"https:\/\/all-pets.de\/shop\/wp-json\/wp\/v2\/product\/46423","targetHints":{"allow":["GET"]}}],"collection":[{"href":"https:\/\/all-pets.de\/shop\/wp-json\/wp\/v2\/product"}],"about":[{"href":"https:\/\/all-pets.de\/shop\/wp-json\/wp\/v2\/types\/product"}],"replies":[{"embeddable":true,"href":"https:\/\/all-pets.de\/shop\/wp-json\/wp\/v2\/comments?post=46423"}],"wp:featuredmedia":[{"embeddable":true,"href":"https:\/\/all-pets.de\/shop\/wp-json\/wp\/v2\/media\/1434"}],"wp:attachment":[{"href":"https:\/\/all-pets.de\/shop\/wp-json\/wp\/v2\/media?parent=46423"}],"wp:term":[{"taxonomy":"product_cat","embeddable":true,"href":"https:\/\/all-pets.de\/shop\/wp-json\/wp\/v2\/product_cat?post=46423"},{"taxonomy":"product_tag","embeddable":true,"href":"https:\/\/all-pets.de\/shop\/wp-json\/wp\/v2\/product_tag?post=46423"}],"curies":[{"name":"wp","href":"https:\/\/api.w.org\/{rel}","templated":true}]}}