{"id":46424,"date":"2023-12-12T10:51:49","date_gmt":"2023-12-12T09:51:49","guid":{"rendered":"https:\/\/pet-shopping.de\/shop\/produkt\/karlie-doggy-brain-train-motion\/"},"modified":"2023-12-12T10:51:51","modified_gmt":"2023-12-12T09:51:51","slug":"karlie-doggy-brain-train-motion","status":"publish","type":"product","link":"https:\/\/all-pets.de\/shop\/produkt\/karlie-doggy-brain-train-motion\/","title":{"rendered":"Karlie Doggy Brain Train Motion"},"content":{"rendered":"<p>F\u00fcr Fortgeschrittene! Doggy Brain Train Motion &#8211; ein Motivations- und Denkspiel f\u00fcr Hunde. Snacks werden in Vertiefungen gelegt, welche dann von H\u00fctchen abgedeckt werden. Durch Schieben mit Pfote oder Schnauze oder durch Anheben der H\u00fctchen kommt der Hund an sein Leckerlie. Dieses Spiel kann in verschiedenen Schwierigkeitsstufen gespielt werden, z. B. indem der Hund erst ein H\u00fctchen heben und dann ein weiteres H\u00fctchen schieben muss, um sein Leckerlie zu erhalten. Die Cups sind in verschiedenen Farben und Formen und jeweils mit Duftl\u00f6chern. Mit Anti-Rutsch-Stopper.<\/p>\n<p>Denkspiele f\u00f6rdern die Entwicklung Ihres Hundes. Geschickt verpackte Leckerlis geben dazu die richtige Motivation. Doggy Brain Train sind hochwertige Brettspielzeuge mit H\u00fctchen, Schiebef\u00e4chern, Klappdeckeln, &#8230;. Besch\u00e4ftigung f\u00fcr jede Jahreszeit.<\/p>\n<p>Ma\u00dfe: ca. 25 x 25 x 5 cm<\/p>\n","protected":false},"excerpt":{"rendered":"<p>F\u00fcr Fortgeschrittene! Doggy Brain Train Motion &#8211; ein Motivations- und Denkspiel f\u00fcr Hunde. Snacks werden in Vertiefungen gelegt, welche dann von H\u00fctchen abgedeckt werden. Durch Schieben mit Pfote oder Schnauze oder durch Anheben der H\u00fctchen kommt der Hund an sein Leckerlie. Dieses Spiel kann in verschiedenen Schwierigkeitsstufen gespielt werden, z. B. indem der Hund erst [&hellip;]<\/p>\n","protected":false},"featured_media":17956,"comment_status":"closed","ping_status":"open","template":"","meta":[],"product_cat":[13793],"product_tag":[],"class_list":{"0":"post-46424","1":"product","2":"type-product","3":"status-publish","4":"has-post-thumbnail","6":"product_cat-intelligenz","8":"first","9":"instock","10":"taxable","11":"shipping-taxable","12":"purchasable","13":"product-type-simple"},"_links":{"self":[{"href":"https:\/\/all-pets.de\/shop\/wp-json\/wp\/v2\/product\/46424","targetHints":{"allow":["GET"]}}],"collection":[{"href":"https:\/\/all-pets.de\/shop\/wp-json\/wp\/v2\/product"}],"about":[{"href":"https:\/\/all-pets.de\/shop\/wp-json\/wp\/v2\/types\/product"}],"replies":[{"embeddable":true,"href":"https:\/\/all-pets.de\/shop\/wp-json\/wp\/v2\/comments?post=46424"}],"wp:featuredmedia":[{"embeddable":true,"href":"https:\/\/all-pets.de\/shop\/wp-json\/wp\/v2\/media\/17956"}],"wp:attachment":[{"href":"https:\/\/all-pets.de\/shop\/wp-json\/wp\/v2\/media?parent=46424"}],"wp:term":[{"taxonomy":"product_cat","embeddable":true,"href":"https:\/\/all-pets.de\/shop\/wp-json\/wp\/v2\/product_cat?post=46424"},{"taxonomy":"product_tag","embeddable":true,"href":"https:\/\/all-pets.de\/shop\/wp-json\/wp\/v2\/product_tag?post=46424"}],"curies":[{"name":"wp","href":"https:\/\/api.w.org\/{rel}","templated":true}]}}