{"id":46426,"date":"2023-12-12T10:51:49","date_gmt":"2023-12-12T09:51:49","guid":{"rendered":"https:\/\/pet-shopping.de\/shop\/produkt\/karlie-kitty-brain-train-roundabout\/"},"modified":"2023-12-12T10:51:51","modified_gmt":"2023-12-12T09:51:51","slug":"karlie-kitty-brain-train-roundabout","status":"publish","type":"product","link":"https:\/\/all-pets.de\/shop\/produkt\/karlie-kitty-brain-train-roundabout\/","title":{"rendered":"Karlie Kitty Brain Train Roundabout"},"content":{"rendered":"<p>Katzen lieben Spiele! Die Kitty Brain Train Spiele f\u00f6rdern die Fitness und die Intelligenz Ihrer Katze!<\/p>\n<p>Das Roundabout bietet tolle Jadgm\u00f6glichkeiten.<br \/> Inkl. Spielanleitung.<\/p>\n<p>Ma\u00dfe: ca. 19 x 19 cm<\/p>\n","protected":false},"excerpt":{"rendered":"<p>Katzen lieben Spiele! Die Kitty Brain Train Spiele f\u00f6rdern die Fitness und die Intelligenz Ihrer Katze! Das Roundabout bietet tolle Jadgm\u00f6glichkeiten. Inkl. Spielanleitung. Ma\u00dfe: ca. 19 x 19 cm<\/p>\n","protected":false},"featured_media":34332,"comment_status":"closed","ping_status":"open","template":"","meta":[],"product_cat":[13782],"product_tag":[],"class_list":{"0":"post-46426","1":"product","2":"type-product","3":"status-publish","4":"has-post-thumbnail","6":"product_cat-intelligenz-spielzeug","8":"first","9":"instock","10":"taxable","11":"shipping-taxable","12":"purchasable","13":"product-type-simple"},"_links":{"self":[{"href":"https:\/\/all-pets.de\/shop\/wp-json\/wp\/v2\/product\/46426","targetHints":{"allow":["GET"]}}],"collection":[{"href":"https:\/\/all-pets.de\/shop\/wp-json\/wp\/v2\/product"}],"about":[{"href":"https:\/\/all-pets.de\/shop\/wp-json\/wp\/v2\/types\/product"}],"replies":[{"embeddable":true,"href":"https:\/\/all-pets.de\/shop\/wp-json\/wp\/v2\/comments?post=46426"}],"wp:featuredmedia":[{"embeddable":true,"href":"https:\/\/all-pets.de\/shop\/wp-json\/wp\/v2\/media\/34332"}],"wp:attachment":[{"href":"https:\/\/all-pets.de\/shop\/wp-json\/wp\/v2\/media?parent=46426"}],"wp:term":[{"taxonomy":"product_cat","embeddable":true,"href":"https:\/\/all-pets.de\/shop\/wp-json\/wp\/v2\/product_cat?post=46426"},{"taxonomy":"product_tag","embeddable":true,"href":"https:\/\/all-pets.de\/shop\/wp-json\/wp\/v2\/product_tag?post=46426"}],"curies":[{"name":"wp","href":"https:\/\/api.w.org\/{rel}","templated":true}]}}