{"id":46431,"date":"2023-12-12T10:51:53","date_gmt":"2023-12-12T09:51:53","guid":{"rendered":"https:\/\/pet-shopping.de\/shop\/produkt\/karlie-welpen-spielset-im-koerbchen-blau\/"},"modified":"2023-12-12T10:51:53","modified_gmt":"2023-12-12T09:51:53","slug":"karlie-welpen-spielset-im-koerbchen-blau","status":"publish","type":"product","link":"https:\/\/all-pets.de\/shop\/produkt\/karlie-welpen-spielset-im-koerbchen-blau\/","title":{"rendered":"Karlie Welpen-Spielset im K\u00f6rbchen &#8211; Blau"},"content":{"rendered":"<div>Dieses s\u00fc\u00dfe Welpen-Spielset besteht aus 2 niedlichen Stofftieren und einem Gummiknochen und ist in einem praktischen K\u00f6rbchen verpackt. Auch ideal als Geschenkidee!  <\/div>\n","protected":false},"excerpt":{"rendered":"<p>Dieses s\u00fc\u00dfe Welpen-Spielset besteht aus 2 niedlichen Stofftieren und einem Gummiknochen und ist in einem praktischen K\u00f6rbchen verpackt. Auch ideal als Geschenkidee!<\/p>\n","protected":false},"featured_media":35641,"comment_status":"closed","ping_status":"open","template":"","meta":[],"product_cat":[13885],"product_tag":[],"class_list":{"0":"post-46431","1":"product","2":"type-product","3":"status-publish","4":"has-post-thumbnail","6":"product_cat-puppy-spielzeug-hundespielzeug-sport","8":"first","9":"instock","10":"taxable","11":"shipping-taxable","12":"purchasable","13":"product-type-simple"},"_links":{"self":[{"href":"https:\/\/all-pets.de\/shop\/wp-json\/wp\/v2\/product\/46431","targetHints":{"allow":["GET"]}}],"collection":[{"href":"https:\/\/all-pets.de\/shop\/wp-json\/wp\/v2\/product"}],"about":[{"href":"https:\/\/all-pets.de\/shop\/wp-json\/wp\/v2\/types\/product"}],"replies":[{"embeddable":true,"href":"https:\/\/all-pets.de\/shop\/wp-json\/wp\/v2\/comments?post=46431"}],"wp:featuredmedia":[{"embeddable":true,"href":"https:\/\/all-pets.de\/shop\/wp-json\/wp\/v2\/media\/35641"}],"wp:attachment":[{"href":"https:\/\/all-pets.de\/shop\/wp-json\/wp\/v2\/media?parent=46431"}],"wp:term":[{"taxonomy":"product_cat","embeddable":true,"href":"https:\/\/all-pets.de\/shop\/wp-json\/wp\/v2\/product_cat?post=46431"},{"taxonomy":"product_tag","embeddable":true,"href":"https:\/\/all-pets.de\/shop\/wp-json\/wp\/v2\/product_tag?post=46431"}],"curies":[{"name":"wp","href":"https:\/\/api.w.org\/{rel}","templated":true}]}}