{"id":46440,"date":"2023-12-12T10:51:53","date_gmt":"2023-12-12T09:51:53","guid":{"rendered":"https:\/\/pet-shopping.de\/shop\/produkt\/dogit-2-in-1-napf-zebra\/"},"modified":"2023-12-12T10:51:54","modified_gmt":"2023-12-12T09:51:54","slug":"dogit-2-in-1-napf-zebra","status":"publish","type":"product","link":"https:\/\/all-pets.de\/shop\/produkt\/dogit-2-in-1-napf-zebra\/","title":{"rendered":"DOGIT 2-in-1 Napf Zebra"},"content":{"rendered":"<p>Neue N\u00e4pfe mit Edelstahleins\u00e4tzen in topmodischen Farben und Farbmustern. Die Einfach- und Doppeln\u00e4pfe sind hochwertig verarbeitet und im Bodenbereich mit Gummiprofilen gegen l\u00e4stiges Verrutschen gesichert. Die Edelstahleins\u00e4tze lassen sich einfach herausheben und in der Sp\u00fclmaschine reinigen. Kann auch getrennt von einander einzeln benutzt werden.<\/p>\n<p>Der Napf eignet sich f\u00fcr Katzen und kleine Hunde.<\/p>\n<p>Volumen: ca. 160 ml<br \/> Innendurchmesser oben: ca. 10 cm<br \/> Au\u00dfendurchmesser unten: ca. 14,5 cm<\/p>\n","protected":false},"excerpt":{"rendered":"<p>Neue N\u00e4pfe mit Edelstahleins\u00e4tzen in topmodischen Farben und Farbmustern. Die Einfach- und Doppeln\u00e4pfe sind hochwertig verarbeitet und im Bodenbereich mit Gummiprofilen gegen l\u00e4stiges Verrutschen gesichert. Die Edelstahleins\u00e4tze lassen sich einfach herausheben und in der Sp\u00fclmaschine reinigen. Kann auch getrennt von einander einzeln benutzt werden. Der Napf eignet sich f\u00fcr Katzen und kleine Hunde. Volumen: ca. [&hellip;]<\/p>\n","protected":false},"featured_media":36398,"comment_status":"closed","ping_status":"open","template":"","meta":[],"product_cat":[14425],"product_tag":[],"class_list":{"0":"post-46440","1":"product","2":"type-product","3":"status-publish","4":"has-post-thumbnail","6":"product_cat-futter-wassernaepfe-hundenaepfe-traenken-futter-wassernaepfehundewelt-katzennaepfe-traenken","8":"first","9":"instock","10":"taxable","11":"shipping-taxable","12":"purchasable","13":"product-type-simple"},"_links":{"self":[{"href":"https:\/\/all-pets.de\/shop\/wp-json\/wp\/v2\/product\/46440","targetHints":{"allow":["GET"]}}],"collection":[{"href":"https:\/\/all-pets.de\/shop\/wp-json\/wp\/v2\/product"}],"about":[{"href":"https:\/\/all-pets.de\/shop\/wp-json\/wp\/v2\/types\/product"}],"replies":[{"embeddable":true,"href":"https:\/\/all-pets.de\/shop\/wp-json\/wp\/v2\/comments?post=46440"}],"wp:featuredmedia":[{"embeddable":true,"href":"https:\/\/all-pets.de\/shop\/wp-json\/wp\/v2\/media\/36398"}],"wp:attachment":[{"href":"https:\/\/all-pets.de\/shop\/wp-json\/wp\/v2\/media?parent=46440"}],"wp:term":[{"taxonomy":"product_cat","embeddable":true,"href":"https:\/\/all-pets.de\/shop\/wp-json\/wp\/v2\/product_cat?post=46440"},{"taxonomy":"product_tag","embeddable":true,"href":"https:\/\/all-pets.de\/shop\/wp-json\/wp\/v2\/product_tag?post=46440"}],"curies":[{"name":"wp","href":"https:\/\/api.w.org\/{rel}","templated":true}]}}