{"id":46444,"date":"2023-12-12T10:51:53","date_gmt":"2023-12-12T09:51:53","guid":{"rendered":"https:\/\/pet-shopping.de\/shop\/produkt\/oster-ersatzhandschuh-fuer-pfotenreiniger\/"},"modified":"2023-12-12T10:51:54","modified_gmt":"2023-12-12T09:51:54","slug":"oster-ersatzhandschuh-fuer-pfotenreiniger","status":"publish","type":"product","link":"https:\/\/all-pets.de\/shop\/produkt\/oster-ersatzhandschuh-fuer-pfotenreiniger\/","title":{"rendered":"Oster Ersatzhandschuh f\u00fcr Pfotenreiniger"},"content":{"rendered":"<div>Mit der neuen Premium Pflegeserie von Oster Animal Care Products werden neue Ma\u00dfst\u00e4be in der Fellpflege im Heimtierbereich gesetzt. Hochwertige Materialien, erstklassige Verarbeitung, ergonomisches, innovatives und einzigartiges Design machen diese Serie zu dem, was sich Haustierbesitzer f\u00fcr Ihren Liebling w\u00fcnschen: Premium-Qualit\u00e4t vom Profi.<\/div>\n<div>\u00a0<\/div>\n<div>Ersatzhandschuh f\u00fcr den Original Oster Pfotenreiniger. Damit Ihr Pfotenreiniger immer sofort einsatzbereit ist.<\/div>\n","protected":false},"excerpt":{"rendered":"<p>Mit der neuen Premium Pflegeserie von Oster Animal Care Products werden neue Ma\u00dfst\u00e4be in der Fellpflege im Heimtierbereich gesetzt. Hochwertige Materialien, erstklassige Verarbeitung, ergonomisches, innovatives und einzigartiges Design machen diese Serie zu dem, was sich Haustierbesitzer f\u00fcr Ihren Liebling w\u00fcnschen: Premium-Qualit\u00e4t vom Profi. \u00a0 Ersatzhandschuh f\u00fcr den Original Oster Pfotenreiniger. Damit Ihr Pfotenreiniger immer sofort [&hellip;]<\/p>\n","protected":false},"featured_media":21779,"comment_status":"closed","ping_status":"open","template":"","meta":[],"product_cat":[14428],"product_tag":[],"class_list":{"0":"post-46444","1":"product","2":"type-product","3":"status-publish","4":"has-post-thumbnail","6":"product_cat-hundepfoten-krallenpflege-pflege-gesundheit-reinigen-trocknenhundewelt-fellpflege-pflege-gesundheit-hundewelt","8":"first","9":"instock","10":"taxable","11":"shipping-taxable","12":"purchasable","13":"product-type-simple"},"_links":{"self":[{"href":"https:\/\/all-pets.de\/shop\/wp-json\/wp\/v2\/product\/46444","targetHints":{"allow":["GET"]}}],"collection":[{"href":"https:\/\/all-pets.de\/shop\/wp-json\/wp\/v2\/product"}],"about":[{"href":"https:\/\/all-pets.de\/shop\/wp-json\/wp\/v2\/types\/product"}],"replies":[{"embeddable":true,"href":"https:\/\/all-pets.de\/shop\/wp-json\/wp\/v2\/comments?post=46444"}],"wp:featuredmedia":[{"embeddable":true,"href":"https:\/\/all-pets.de\/shop\/wp-json\/wp\/v2\/media\/21779"}],"wp:attachment":[{"href":"https:\/\/all-pets.de\/shop\/wp-json\/wp\/v2\/media?parent=46444"}],"wp:term":[{"taxonomy":"product_cat","embeddable":true,"href":"https:\/\/all-pets.de\/shop\/wp-json\/wp\/v2\/product_cat?post=46444"},{"taxonomy":"product_tag","embeddable":true,"href":"https:\/\/all-pets.de\/shop\/wp-json\/wp\/v2\/product_tag?post=46444"}],"curies":[{"name":"wp","href":"https:\/\/api.w.org\/{rel}","templated":true}]}}