{"id":46446,"date":"2023-12-12T10:51:53","date_gmt":"2023-12-12T09:51:53","guid":{"rendered":"https:\/\/pet-shopping.de\/shop\/produkt\/trixie-petwalk-klapp-rampe\/"},"modified":"2023-12-12T10:51:54","modified_gmt":"2023-12-12T09:51:54","slug":"trixie-petwalk-klapp-rampe","status":"publish","type":"product","link":"https:\/\/all-pets.de\/shop\/produkt\/trixie-petwalk-klapp-rampe\/","title":{"rendered":"Trixie PetWalk Klapp-Rampe"},"content":{"rendered":"<div>Die Rampe hilft die Gelenke Ihres Tieres &#8211; besonders im H\u00fcft- und Wirbels\u00e4ulenbereich &#8211; zu schonen.Dies ist sehr empfehlenswert f\u00fcr alle Tiere, die aufgrund von Alter oder Krankheiten wie Arthrose und Arthritis nicht mehr springen k\u00f6nnen.<\/p>\n<p> Die Rampe kann auch als pr\u00e4ventive Ma\u00dfnahme eingesetzt werden, z. B. bei Verdacht auf Gelenkprobleme und generell bei von derartigen Krankheiten gef\u00e4hrdeten Hunden. Auch die Gelenke gr\u00f6\u00dferer Jungtiere k\u00f6nnen durch die Verwendung in der Wachstumsphase bewusst gesch\u00fctzt werden.<\/p>\n<p> Die Rampe ist \u00fcberall einsetzbar, wie z. B. am Auto, Bett oder Treppenabsatz. Der praktische Klappmechanismus erm\u00f6glicht einen schnellen Auf- und Abbau. Im zusammengeklappten Zustand ben\u00f6tigt die Rampe wenig Stauraum und ist problemlos zu transportieren. Sie ist drinnen wie drau\u00dfen nutzbar und maximal belastbar bis ca. 90 kg.<\/p>\n<p> Der Antirutsch-Belag und die seitlich erh\u00f6hten Schienen gew\u00e4hrleisten einen soliden Halt und sicheren Tritt bei der Nutzung. Das Material ist sehr einfach zu reinigen. Die Rampe ist, aufgrund ihres geringen Gewichts von ca. 4,5 kg, problemlos zu tragen und leicht zu handhaben. <\/p>\n<p> Details:<\/p>\n<p> &#8211; Kunststoff<br \/> &#8211; sch\u00fctzt die Gelenke Ihres Tieres<br \/> &#8211; sehr empfehlenswert bei Arthrose und Arthritis<br \/> &#8211; auch als pr\u00e4ventive Ma\u00dfnahme gegen H\u00fcft- und Wirbels\u00e4ulenprobleme<br \/> &#8211; Antirutsch-Belag und seitliche Sicherheitsschienen<br \/> &#8211; zusammenklappbar und Platz sparend zu verstauen<br \/> &#8211; universell einsetzbar<br \/> &#8211; problemlos zu transportieren<br \/> &#8211; mit rutschfesten Gummif\u00fc\u00dfen f\u00fcr besseren Halt<br \/> &#8211; maximale Belastbarkeit ca. 90 kg<br \/> &#8211; einfach zu reinigen <br \/> &#8211; Ma\u00dfe: 40 x 156 x 8 cm<br \/> &#8211; Farbe: Schwarz<\/div>\n","protected":false},"excerpt":{"rendered":"<p>Die Rampe hilft die Gelenke Ihres Tieres &#8211; besonders im H\u00fcft- und Wirbels\u00e4ulenbereich &#8211; zu schonen.Dies ist sehr empfehlenswert f\u00fcr alle Tiere, die aufgrund von Alter oder Krankheiten wie Arthrose und Arthritis nicht mehr springen k\u00f6nnen. Die Rampe kann auch als pr\u00e4ventive Ma\u00dfnahme eingesetzt werden, z. B. bei Verdacht auf Gelenkprobleme und generell bei von [&hellip;]<\/p>\n","protected":false},"featured_media":34439,"comment_status":"closed","ping_status":"open","template":"","meta":[],"product_cat":[13724],"product_tag":[],"class_list":{"0":"post-46446","1":"product","2":"type-product","3":"status-publish","4":"has-post-thumbnail","6":"product_cat-nuetzliche-helfer","8":"first","9":"instock","10":"taxable","11":"shipping-taxable","12":"purchasable","13":"product-type-simple"},"_links":{"self":[{"href":"https:\/\/all-pets.de\/shop\/wp-json\/wp\/v2\/product\/46446","targetHints":{"allow":["GET"]}}],"collection":[{"href":"https:\/\/all-pets.de\/shop\/wp-json\/wp\/v2\/product"}],"about":[{"href":"https:\/\/all-pets.de\/shop\/wp-json\/wp\/v2\/types\/product"}],"replies":[{"embeddable":true,"href":"https:\/\/all-pets.de\/shop\/wp-json\/wp\/v2\/comments?post=46446"}],"wp:featuredmedia":[{"embeddable":true,"href":"https:\/\/all-pets.de\/shop\/wp-json\/wp\/v2\/media\/34439"}],"wp:attachment":[{"href":"https:\/\/all-pets.de\/shop\/wp-json\/wp\/v2\/media?parent=46446"}],"wp:term":[{"taxonomy":"product_cat","embeddable":true,"href":"https:\/\/all-pets.de\/shop\/wp-json\/wp\/v2\/product_cat?post=46446"},{"taxonomy":"product_tag","embeddable":true,"href":"https:\/\/all-pets.de\/shop\/wp-json\/wp\/v2\/product_tag?post=46446"}],"curies":[{"name":"wp","href":"https:\/\/api.w.org\/{rel}","templated":true}]}}