{"id":46456,"date":"2023-12-12T10:51:56","date_gmt":"2023-12-12T09:51:56","guid":{"rendered":"https:\/\/pet-shopping.de\/shop\/produkt\/living-world-eco-glastraenke-355-ml\/"},"modified":"2023-12-12T10:51:57","modified_gmt":"2023-12-12T09:51:57","slug":"living-world-eco-glastraenke-355-ml","status":"publish","type":"product","link":"https:\/\/all-pets.de\/shop\/produkt\/living-world-eco-glastraenke-355-ml\/","title":{"rendered":"LIVING WORLD ECO+ Glastr\u00e4nke 355 ml"},"content":{"rendered":"<p>BEF\u00dcLLEN \u2013 VERSCHLIESSEN \u2013 AUFH\u00c4NGEN \u2013 SICHERN \u2013 BENUTZEN!<\/p>\n<p>Die Glastr\u00e4nken aus der LivingWorld-Reihe vom Qualit\u00e4tshersteller Hagen stellen die neue Generation der Nager-Trinkflaschen dar! Die Konstruktion ist 100% kaufest und somit ungef\u00e4hrlich f\u00fcr die Tiere und gleichzeitig sehr langlebig. Die Flaschen bestehen aus umweltfreundlichem, recyclebarem Glas. Die Befestigung erfolgt mithilfe einer stabilen Metallfeder und ist viel sicherer als die Aufh\u00e4ngung der meisten anderen Nagertr\u00e4nken. Die Flasche kann beliebig innen oder au\u00dfen an jedem Nager-Drahtwohnheim angebracht werden, was durch die kaufeste Konstruktion zu keinerlei Gef\u00e4hrdung f\u00fcr die Tiere f\u00fchren kann. Durch ein &#8218;Doppel-Kugellager&#8216; ist die Trinkflasche au\u00dferdem tropfsicher. Eine kleine Kunststoff-Karotte im Inneren der Trinkflasche zeigt Ihnen immer den aktuellen Wasserstand an und erinnert Sie somit an das Bef\u00fcllen.<\/p>\n<p>Diese Gr\u00f6\u00dfe eignet sich f\u00fcr Ratten, Meerscheinchen, Chinchillas und \u00e4hnlich gro\u00dfe Tiere. Auch f\u00fcr V\u00f6gel und Welpen geeignet. <\/p>\n<p>Fassungsverm\u00f6gen: 355 ml<\/p>\n","protected":false},"excerpt":{"rendered":"<p>BEF\u00dcLLEN \u2013 VERSCHLIESSEN \u2013 AUFH\u00c4NGEN \u2013 SICHERN \u2013 BENUTZEN! Die Glastr\u00e4nken aus der LivingWorld-Reihe vom Qualit\u00e4tshersteller Hagen stellen die neue Generation der Nager-Trinkflaschen dar! Die Konstruktion ist 100% kaufest und somit ungef\u00e4hrlich f\u00fcr die Tiere und gleichzeitig sehr langlebig. Die Flaschen bestehen aus umweltfreundlichem, recyclebarem Glas. Die Befestigung erfolgt mithilfe einer stabilen Metallfeder und ist [&hellip;]<\/p>\n","protected":false},"featured_media":775,"comment_status":"closed","ping_status":"open","template":"","meta":[],"product_cat":[14055],"product_tag":[],"class_list":{"0":"post-46456","1":"product","2":"type-product","3":"status-publish","4":"has-post-thumbnail","6":"product_cat-kleintiertraenken","8":"first","9":"instock","10":"taxable","11":"shipping-taxable","12":"purchasable","13":"product-type-simple"},"_links":{"self":[{"href":"https:\/\/all-pets.de\/shop\/wp-json\/wp\/v2\/product\/46456","targetHints":{"allow":["GET"]}}],"collection":[{"href":"https:\/\/all-pets.de\/shop\/wp-json\/wp\/v2\/product"}],"about":[{"href":"https:\/\/all-pets.de\/shop\/wp-json\/wp\/v2\/types\/product"}],"replies":[{"embeddable":true,"href":"https:\/\/all-pets.de\/shop\/wp-json\/wp\/v2\/comments?post=46456"}],"wp:featuredmedia":[{"embeddable":true,"href":"https:\/\/all-pets.de\/shop\/wp-json\/wp\/v2\/media\/775"}],"wp:attachment":[{"href":"https:\/\/all-pets.de\/shop\/wp-json\/wp\/v2\/media?parent=46456"}],"wp:term":[{"taxonomy":"product_cat","embeddable":true,"href":"https:\/\/all-pets.de\/shop\/wp-json\/wp\/v2\/product_cat?post=46456"},{"taxonomy":"product_tag","embeddable":true,"href":"https:\/\/all-pets.de\/shop\/wp-json\/wp\/v2\/product_tag?post=46456"}],"curies":[{"name":"wp","href":"https:\/\/api.w.org\/{rel}","templated":true}]}}