{"id":46457,"date":"2023-12-12T10:51:56","date_gmt":"2023-12-12T09:51:56","guid":{"rendered":"https:\/\/pet-shopping.de\/shop\/produkt\/karlie-kletterwand-mit-raufe\/"},"modified":"2023-12-12T10:51:57","modified_gmt":"2023-12-12T09:51:57","slug":"karlie-kletterwand-mit-raufe","status":"publish","type":"product","link":"https:\/\/all-pets.de\/shop\/produkt\/karlie-kletterwand-mit-raufe\/","title":{"rendered":"Karlie Kletterwand mit Raufe"},"content":{"rendered":"<p>Naturholz-Kletterwand zum Klettern und Knabbern f\u00fcr alle kleinen Nager. Die Kletterwand mit Leiter und drei Ebenen ist mit vielen verschiedenen Bef\u00fcllungsm\u00f6glichkeiten f\u00fcr Futter und Snacks ausgestattet, wie z.B. eine kleine Metallraufe f\u00fcr Salat oder Heu. So hat Ihr Hamster oder Ihre Maus nicht nur Bewegung und Besch\u00e4ftigung, sondern auch gleich die entsprechende Belohnung in Form von Leckereien.<\/p>\n<p>Ma\u00dfe: 28 x 23 x 18 cm (LxBxH)<\/p>\n<p><\/p>\n","protected":false},"excerpt":{"rendered":"<p>Naturholz-Kletterwand zum Klettern und Knabbern f\u00fcr alle kleinen Nager. Die Kletterwand mit Leiter und drei Ebenen ist mit vielen verschiedenen Bef\u00fcllungsm\u00f6glichkeiten f\u00fcr Futter und Snacks ausgestattet, wie z.B. eine kleine Metallraufe f\u00fcr Salat oder Heu. So hat Ihr Hamster oder Ihre Maus nicht nur Bewegung und Besch\u00e4ftigung, sondern auch gleich die entsprechende Belohnung in Form [&hellip;]<\/p>\n","protected":false},"featured_media":32227,"comment_status":"closed","ping_status":"open","template":"","meta":[],"product_cat":[14432],"product_tag":[],"class_list":{"0":"post-46457","1":"product","2":"type-product","3":"status-publish","4":"has-post-thumbnail","6":"product_cat-spiel-sport-ausstattung-zubehoer-futterhalter-spenderkleintierwelt","8":"first","9":"instock","10":"taxable","11":"shipping-taxable","12":"purchasable","13":"product-type-simple"},"_links":{"self":[{"href":"https:\/\/all-pets.de\/shop\/wp-json\/wp\/v2\/product\/46457","targetHints":{"allow":["GET"]}}],"collection":[{"href":"https:\/\/all-pets.de\/shop\/wp-json\/wp\/v2\/product"}],"about":[{"href":"https:\/\/all-pets.de\/shop\/wp-json\/wp\/v2\/types\/product"}],"replies":[{"embeddable":true,"href":"https:\/\/all-pets.de\/shop\/wp-json\/wp\/v2\/comments?post=46457"}],"wp:featuredmedia":[{"embeddable":true,"href":"https:\/\/all-pets.de\/shop\/wp-json\/wp\/v2\/media\/32227"}],"wp:attachment":[{"href":"https:\/\/all-pets.de\/shop\/wp-json\/wp\/v2\/media?parent=46457"}],"wp:term":[{"taxonomy":"product_cat","embeddable":true,"href":"https:\/\/all-pets.de\/shop\/wp-json\/wp\/v2\/product_cat?post=46457"},{"taxonomy":"product_tag","embeddable":true,"href":"https:\/\/all-pets.de\/shop\/wp-json\/wp\/v2\/product_tag?post=46457"}],"curies":[{"name":"wp","href":"https:\/\/api.w.org\/{rel}","templated":true}]}}