{"id":46466,"date":"2023-12-12T10:51:56","date_gmt":"2023-12-12T09:51:56","guid":{"rendered":"https:\/\/pet-shopping.de\/shop\/produkt\/karlie-doggy-joggy-joggingleine\/"},"modified":"2023-12-12T10:51:57","modified_gmt":"2023-12-12T09:51:57","slug":"karlie-doggy-joggy-joggingleine","status":"publish","type":"product","link":"https:\/\/all-pets.de\/shop\/produkt\/karlie-doggy-joggy-joggingleine\/","title":{"rendered":"Karlie Doggy-Joggy Joggingleine"},"content":{"rendered":"<p>Jogging &#038; Dogging-Gurt. Jog with your dog!! <\/p>\n<p>Dieser Sportgurt tr\u00e4gt sich wie eine zweite Haut mit perfektem Sitz. <\/p>\n<p>Ausstattung: Flexible Leine, Drehkarabiner, D-Ringe zum Einhaken der Leine und\/oder f\u00fcr individuelle Positions- und F\u00fchrungsm\u00f6glichkeiten. Praktische Doppeltasche: Handytasche mit Klettverschluss und Utensilientasche mit Rei\u00dfverschluss. Wetterbest\u00e4ndiges Outdoormaterial. Robust und pflegeleicht. Rei\u00dfverschluss (z.B. f\u00fcr Schl\u00fcssel, Pfeife, Snacks, usw.). Reflektierend. Universalgr\u00f6\u00dfe, stufenlos verstellbar. <\/p>\n<p>L\u00e4nge: verstellbar von 65 &#8211; 120 cm<br \/> Breite: 25 mm<br \/> Farbe: Schwarz<\/p>\n","protected":false},"excerpt":{"rendered":"<p>Jogging &#038; Dogging-Gurt. Jog with your dog!! Dieser Sportgurt tr\u00e4gt sich wie eine zweite Haut mit perfektem Sitz. Ausstattung: Flexible Leine, Drehkarabiner, D-Ringe zum Einhaken der Leine und\/oder f\u00fcr individuelle Positions- und F\u00fchrungsm\u00f6glichkeiten. Praktische Doppeltasche: Handytasche mit Klettverschluss und Utensilientasche mit Rei\u00dfverschluss. Wetterbest\u00e4ndiges Outdoormaterial. Robust und pflegeleicht. Rei\u00dfverschluss (z.B. f\u00fcr Schl\u00fcssel, Pfeife, Snacks, usw.). Reflektierend. [&hellip;]<\/p>\n","protected":false},"featured_media":21986,"comment_status":"closed","ping_status":"open","template":"","meta":[],"product_cat":[14443],"product_tag":[],"class_list":{"0":"post-46466","1":"product","2":"type-product","3":"status-publish","4":"has-post-thumbnail","6":"product_cat-rad-und-joggingzubehoer-reise-transport-jogging-leinenhundewelt-leinen-halsbaender-leinen-gurt-und-futtertaschenhundewelt-erziehung-gurt-futtertaschenhundewelt-unterwegs-weitere-leinenhundewelt","8":"first","9":"instock","10":"taxable","11":"shipping-taxable","12":"purchasable","13":"product-type-simple"},"_links":{"self":[{"href":"https:\/\/all-pets.de\/shop\/wp-json\/wp\/v2\/product\/46466","targetHints":{"allow":["GET"]}}],"collection":[{"href":"https:\/\/all-pets.de\/shop\/wp-json\/wp\/v2\/product"}],"about":[{"href":"https:\/\/all-pets.de\/shop\/wp-json\/wp\/v2\/types\/product"}],"replies":[{"embeddable":true,"href":"https:\/\/all-pets.de\/shop\/wp-json\/wp\/v2\/comments?post=46466"}],"wp:featuredmedia":[{"embeddable":true,"href":"https:\/\/all-pets.de\/shop\/wp-json\/wp\/v2\/media\/21986"}],"wp:attachment":[{"href":"https:\/\/all-pets.de\/shop\/wp-json\/wp\/v2\/media?parent=46466"}],"wp:term":[{"taxonomy":"product_cat","embeddable":true,"href":"https:\/\/all-pets.de\/shop\/wp-json\/wp\/v2\/product_cat?post=46466"},{"taxonomy":"product_tag","embeddable":true,"href":"https:\/\/all-pets.de\/shop\/wp-json\/wp\/v2\/product_tag?post=46466"}],"curies":[{"name":"wp","href":"https:\/\/api.w.org\/{rel}","templated":true}]}}