{"id":46468,"date":"2023-12-12T10:51:56","date_gmt":"2023-12-12T09:51:56","guid":{"rendered":"https:\/\/pet-shopping.de\/shop\/produkt\/karlie-kitty-pool\/"},"modified":"2023-12-12T10:51:58","modified_gmt":"2023-12-12T09:51:58","slug":"karlie-kitty-pool","status":"publish","type":"product","link":"https:\/\/all-pets.de\/shop\/produkt\/karlie-kitty-pool\/","title":{"rendered":"Karlie Kitty Pool"},"content":{"rendered":"<p>Der spannende See f\u00fcr Entdecker-Katzen! <\/p>\n<p>Magisch glitzerndes Wasser und schwimmendes Katzenspielzeug sorgen f\u00fcr einen interessanten Zeitvertreib f\u00fcr Ihre Katze. Durch den Multicolour-Boden werden die typischen Wasserreflexe verst\u00e4rkt &#8211; dieses \u201eSchauspiel\u201c lockt die Katze immer wieder an. Einfacher Aufbau ohne aufblasen! Mit 3 Schwimmspielzeugen. <\/p>\n<p>Die ideale Besch\u00e4ftigung f\u00fcr Garten und Balkon!<\/p>\n<p>Durchmesser: ca. 30 cm<br \/> H\u00f6he: ca. 10 cm<\/p>\n","protected":false},"excerpt":{"rendered":"<p>Der spannende See f\u00fcr Entdecker-Katzen! Magisch glitzerndes Wasser und schwimmendes Katzenspielzeug sorgen f\u00fcr einen interessanten Zeitvertreib f\u00fcr Ihre Katze. Durch den Multicolour-Boden werden die typischen Wasserreflexe verst\u00e4rkt &#8211; dieses \u201eSchauspiel\u201c lockt die Katze immer wieder an. Einfacher Aufbau ohne aufblasen! Mit 3 Schwimmspielzeugen. Die ideale Besch\u00e4ftigung f\u00fcr Garten und Balkon! Durchmesser: ca. 30 cm H\u00f6he: [&hellip;]<\/p>\n","protected":false},"featured_media":27372,"comment_status":"closed","ping_status":"open","template":"","meta":[],"product_cat":[14445],"product_tag":[],"class_list":{"0":"post-46468","1":"product","2":"type-product","3":"status-publish","4":"has-post-thumbnail","6":"product_cat-weitere-spielzeuge-katzenspielzeug-spielzeug-ruheplaetzekatzenwelt","8":"first","9":"instock","10":"taxable","11":"shipping-taxable","12":"purchasable","13":"product-type-simple"},"_links":{"self":[{"href":"https:\/\/all-pets.de\/shop\/wp-json\/wp\/v2\/product\/46468","targetHints":{"allow":["GET"]}}],"collection":[{"href":"https:\/\/all-pets.de\/shop\/wp-json\/wp\/v2\/product"}],"about":[{"href":"https:\/\/all-pets.de\/shop\/wp-json\/wp\/v2\/types\/product"}],"replies":[{"embeddable":true,"href":"https:\/\/all-pets.de\/shop\/wp-json\/wp\/v2\/comments?post=46468"}],"wp:featuredmedia":[{"embeddable":true,"href":"https:\/\/all-pets.de\/shop\/wp-json\/wp\/v2\/media\/27372"}],"wp:attachment":[{"href":"https:\/\/all-pets.de\/shop\/wp-json\/wp\/v2\/media?parent=46468"}],"wp:term":[{"taxonomy":"product_cat","embeddable":true,"href":"https:\/\/all-pets.de\/shop\/wp-json\/wp\/v2\/product_cat?post=46468"},{"taxonomy":"product_tag","embeddable":true,"href":"https:\/\/all-pets.de\/shop\/wp-json\/wp\/v2\/product_tag?post=46468"}],"curies":[{"name":"wp","href":"https:\/\/api.w.org\/{rel}","templated":true}]}}