{"id":46469,"date":"2023-12-12T10:51:59","date_gmt":"2023-12-12T09:51:59","guid":{"rendered":"https:\/\/pet-shopping.de\/shop\/produkt\/karlie-doggy-brain-train-cube\/"},"modified":"2023-12-12T10:51:59","modified_gmt":"2023-12-12T09:51:59","slug":"karlie-doggy-brain-train-cube","status":"publish","type":"product","link":"https:\/\/all-pets.de\/shop\/produkt\/karlie-doggy-brain-train-cube\/","title":{"rendered":"Karlie Doggy Brain Train Cube"},"content":{"rendered":"<p>F\u00fcr Profis! Ein Motivations- und Denkspiel mit verschiedenen Funktionen und Schwierigkeitsgraden. Snacks k\u00f6nnen in Schubladen versteckt werden, die dann durch Schieben mit der Pfote oder der Schnauze ge\u00f6ffnet werden m\u00fcssen. Schwieriger wird es, wenn die Schubladen mit Steckpins arretiert werden. Dann k\u00f6nnen die Schubladen erst ge\u00f6ffnet werden, wenn die Arretierung aufgehoben wurde. Au\u00dferdem gibt es noch ein H\u00fctchen mit Duftl\u00f6chern als weiteres Versteck. Hygienisch zu reinigen, mit Anti-Rutsch-Stopper.<\/p>\n<p>Denkspiele f\u00f6rdern die Entwicklung Ihres Hundes. Geschickt verpackte Leckerlis geben dazu die richtige Motivation. Doggy Brain Train sind hochwertige Brettspielzeuge mit H\u00fctchen, Schiebef\u00e4chern, Klappdeckeln, &#8230;. Besch\u00e4ftigung f\u00fcr jede Jahreszeit.<\/p>\n<p>Ma\u00dfe: ca. 32 x 32 x 5 cm<\/p>\n","protected":false},"excerpt":{"rendered":"<p>F\u00fcr Profis! Ein Motivations- und Denkspiel mit verschiedenen Funktionen und Schwierigkeitsgraden. Snacks k\u00f6nnen in Schubladen versteckt werden, die dann durch Schieben mit der Pfote oder der Schnauze ge\u00f6ffnet werden m\u00fcssen. Schwieriger wird es, wenn die Schubladen mit Steckpins arretiert werden. Dann k\u00f6nnen die Schubladen erst ge\u00f6ffnet werden, wenn die Arretierung aufgehoben wurde. Au\u00dferdem gibt es [&hellip;]<\/p>\n","protected":false},"featured_media":21458,"comment_status":"closed","ping_status":"open","template":"","meta":[],"product_cat":[13793],"product_tag":[],"class_list":{"0":"post-46469","1":"product","2":"type-product","3":"status-publish","4":"has-post-thumbnail","6":"product_cat-intelligenz","8":"first","9":"instock","10":"taxable","11":"shipping-taxable","12":"purchasable","13":"product-type-simple"},"_links":{"self":[{"href":"https:\/\/all-pets.de\/shop\/wp-json\/wp\/v2\/product\/46469","targetHints":{"allow":["GET"]}}],"collection":[{"href":"https:\/\/all-pets.de\/shop\/wp-json\/wp\/v2\/product"}],"about":[{"href":"https:\/\/all-pets.de\/shop\/wp-json\/wp\/v2\/types\/product"}],"replies":[{"embeddable":true,"href":"https:\/\/all-pets.de\/shop\/wp-json\/wp\/v2\/comments?post=46469"}],"wp:featuredmedia":[{"embeddable":true,"href":"https:\/\/all-pets.de\/shop\/wp-json\/wp\/v2\/media\/21458"}],"wp:attachment":[{"href":"https:\/\/all-pets.de\/shop\/wp-json\/wp\/v2\/media?parent=46469"}],"wp:term":[{"taxonomy":"product_cat","embeddable":true,"href":"https:\/\/all-pets.de\/shop\/wp-json\/wp\/v2\/product_cat?post=46469"},{"taxonomy":"product_tag","embeddable":true,"href":"https:\/\/all-pets.de\/shop\/wp-json\/wp\/v2\/product_tag?post=46469"}],"curies":[{"name":"wp","href":"https:\/\/api.w.org\/{rel}","templated":true}]}}