{"id":46470,"date":"2023-12-12T10:51:59","date_gmt":"2023-12-12T09:51:59","guid":{"rendered":"https:\/\/pet-shopping.de\/shop\/produkt\/karlie-kratzbaum-kitty-scratchy\/"},"modified":"2023-12-12T10:51:59","modified_gmt":"2023-12-12T09:51:59","slug":"karlie-kratzbaum-kitty-scratchy","status":"publish","type":"product","link":"https:\/\/all-pets.de\/shop\/produkt\/karlie-kratzbaum-kitty-scratchy\/","title":{"rendered":"Karlie Kratzbaum Kitty Scratchy"},"content":{"rendered":"<p>Kratzbaumkombination speziell f\u00fcr K\u00e4tzchen. Mit geschwungener Sisal-Kratzfl\u00e4che. Zur artgerechten Krallenpflege. Mit kuscheligem Pl\u00fcsch.<\/p>\n<p>Ma\u00dfe: 50 x 24 x 40 cm<br \/> Farbe: Braun-Beige<\/p>\n<p><\/p>\n","protected":false},"excerpt":{"rendered":"<p>Kratzbaumkombination speziell f\u00fcr K\u00e4tzchen. Mit geschwungener Sisal-Kratzfl\u00e4che. Zur artgerechten Krallenpflege. Mit kuscheligem Pl\u00fcsch. Ma\u00dfe: 50 x 24 x 40 cm Farbe: Braun-Beige<\/p>\n","protected":false},"featured_media":17193,"comment_status":"closed","ping_status":"open","template":"","meta":[],"product_cat":[13704],"product_tag":[],"class_list":{"0":"post-46470","1":"product","2":"type-product","3":"status-publish","4":"has-post-thumbnail","6":"product_cat-kratzbaeume-moebel-bis-100-cmkatzenwelt","8":"first","9":"instock","10":"taxable","11":"shipping-taxable","12":"purchasable","13":"product-type-simple"},"_links":{"self":[{"href":"https:\/\/all-pets.de\/shop\/wp-json\/wp\/v2\/product\/46470","targetHints":{"allow":["GET"]}}],"collection":[{"href":"https:\/\/all-pets.de\/shop\/wp-json\/wp\/v2\/product"}],"about":[{"href":"https:\/\/all-pets.de\/shop\/wp-json\/wp\/v2\/types\/product"}],"replies":[{"embeddable":true,"href":"https:\/\/all-pets.de\/shop\/wp-json\/wp\/v2\/comments?post=46470"}],"wp:featuredmedia":[{"embeddable":true,"href":"https:\/\/all-pets.de\/shop\/wp-json\/wp\/v2\/media\/17193"}],"wp:attachment":[{"href":"https:\/\/all-pets.de\/shop\/wp-json\/wp\/v2\/media?parent=46470"}],"wp:term":[{"taxonomy":"product_cat","embeddable":true,"href":"https:\/\/all-pets.de\/shop\/wp-json\/wp\/v2\/product_cat?post=46470"},{"taxonomy":"product_tag","embeddable":true,"href":"https:\/\/all-pets.de\/shop\/wp-json\/wp\/v2\/product_tag?post=46470"}],"curies":[{"name":"wp","href":"https:\/\/api.w.org\/{rel}","templated":true}]}}