{"id":46490,"date":"2023-12-12T10:52:02","date_gmt":"2023-12-12T09:52:02","guid":{"rendered":"https:\/\/pet-shopping.de\/shop\/produkt\/trixie-kratzmatte-mit-spielzeug-auf-feder\/"},"modified":"2023-12-12T10:52:02","modified_gmt":"2023-12-12T09:52:02","slug":"trixie-kratzmatte-mit-spielzeug-auf-feder","status":"publish","type":"product","link":"https:\/\/all-pets.de\/shop\/produkt\/trixie-kratzmatte-mit-spielzeug-auf-feder\/","title":{"rendered":"Trixie Kratzmatte mit Spielzeug auf Feder"},"content":{"rendered":"<div>Diese Kratzmatte kann an beliebiger Stelle hingelegt und sogar aufgeh\u00e4ngt werden (Befestigungsmaterial ist im Lieferumfang enthalten). Die Matte hat einen dunkelbraunen Pl\u00fcschrand sowie ein Spielzeug auf einer Feder. Sie ist au\u00dferdem mit einem Pfotenmotiv verziert.<\/p><\/div>\n<div>Das Wetzen der Krallen ist f\u00fcr Katzen \u00e4u\u00dferst wichtig. Um zu vermeiden, dass Ihre Katze zu diesem Zweck Tapeten oder M\u00f6bel zerkratzt, ist es unumg\u00e4nglich, ihr entsprechendes Kratzmaterial zur Verf\u00fcgung zu stellen.<\/p>\n<\/div>\n<div>Sisal ist eine nat\u00fcrliche, sehr robuste Faser, welche der Katze hilft, die schuppige Oberschicht der Krallen zu entfernen. So wird ein Einwachsen der Katzenkrallen verhindert.<\/p>\n<p> Ma\u00dfe: 70 x 45 cm<br \/> Farbe: Braun<\/div>\n","protected":false},"excerpt":{"rendered":"<p>Diese Kratzmatte kann an beliebiger Stelle hingelegt und sogar aufgeh\u00e4ngt werden (Befestigungsmaterial ist im Lieferumfang enthalten). Die Matte hat einen dunkelbraunen Pl\u00fcschrand sowie ein Spielzeug auf einer Feder. Sie ist au\u00dferdem mit einem Pfotenmotiv verziert. Das Wetzen der Krallen ist f\u00fcr Katzen \u00e4u\u00dferst wichtig. Um zu vermeiden, dass Ihre Katze zu diesem Zweck Tapeten oder [&hellip;]<\/p>\n","protected":false},"featured_media":5444,"comment_status":"closed","ping_status":"open","template":"","meta":[],"product_cat":[13695],"product_tag":[],"class_list":{"0":"post-46490","1":"product","2":"type-product","3":"status-publish","4":"has-post-thumbnail","6":"product_cat-kratzbaeume-moebel-kratzbretter-artikelkatzenwelt-kratzbaeume-moebel","8":"first","9":"instock","10":"taxable","11":"shipping-taxable","12":"purchasable","13":"product-type-simple"},"_links":{"self":[{"href":"https:\/\/all-pets.de\/shop\/wp-json\/wp\/v2\/product\/46490","targetHints":{"allow":["GET"]}}],"collection":[{"href":"https:\/\/all-pets.de\/shop\/wp-json\/wp\/v2\/product"}],"about":[{"href":"https:\/\/all-pets.de\/shop\/wp-json\/wp\/v2\/types\/product"}],"replies":[{"embeddable":true,"href":"https:\/\/all-pets.de\/shop\/wp-json\/wp\/v2\/comments?post=46490"}],"wp:featuredmedia":[{"embeddable":true,"href":"https:\/\/all-pets.de\/shop\/wp-json\/wp\/v2\/media\/5444"}],"wp:attachment":[{"href":"https:\/\/all-pets.de\/shop\/wp-json\/wp\/v2\/media?parent=46490"}],"wp:term":[{"taxonomy":"product_cat","embeddable":true,"href":"https:\/\/all-pets.de\/shop\/wp-json\/wp\/v2\/product_cat?post=46490"},{"taxonomy":"product_tag","embeddable":true,"href":"https:\/\/all-pets.de\/shop\/wp-json\/wp\/v2\/product_tag?post=46490"}],"curies":[{"name":"wp","href":"https:\/\/api.w.org\/{rel}","templated":true}]}}