{"id":46492,"date":"2023-12-12T10:52:02","date_gmt":"2023-12-12T09:52:02","guid":{"rendered":"https:\/\/pet-shopping.de\/shop\/produkt\/trixie-premio-adventskalender-fuer-hunde\/"},"modified":"2023-12-12T10:52:03","modified_gmt":"2023-12-12T09:52:03","slug":"trixie-premio-adventskalender-fuer-hunde","status":"publish","type":"product","link":"https:\/\/all-pets.de\/shop\/produkt\/trixie-premio-adventskalender-fuer-hunde\/","title":{"rendered":"Trixie PREMIO Adventskalender f\u00fcr Hunde"},"content":{"rendered":"<p>Mit diesem tollen vorweihnachtlichen Geschenk machen Sie Ihrem Liebling garantiert eine gro\u00dfe Freude! Und das jeden Tag bis Weihnachten! <\/p>\n<div class=\"mb-3 row\">\n<div class=\"col\">\n<div class=\"description\">\n<ul>\n<li>gef\u00fcllt mit diversen Leckereien aus hochwertigen Zutaten<\/li>\n<li>mit hohem Fleischanteil<\/li>\n<li>ohne Zuckerzusatz<\/li>\n<li>Ma\u00dfe: 30 \u00d7 34 \u00d7 3,5 cm<\/li>\n<\/ul>\n<\/div>\n<\/div>\n<\/div>\n","protected":false},"excerpt":{"rendered":"<p>Mit diesem tollen vorweihnachtlichen Geschenk machen Sie Ihrem Liebling garantiert eine gro\u00dfe Freude! Und das jeden Tag bis Weihnachten! gef\u00fcllt mit diversen Leckereien aus hochwertigen Zutaten mit hohem Fleischanteil ohne Zuckerzusatz Ma\u00dfe: 30 \u00d7 34 \u00d7 3,5 cm<\/p>\n","protected":false},"featured_media":46493,"comment_status":"closed","ping_status":"open","template":"","meta":[],"product_cat":[14450],"product_tag":[],"class_list":{"0":"post-46492","1":"product","2":"type-product","3":"status-publish","4":"has-post-thumbnail","6":"product_cat-trixie-hundesnacks-hunde-x-mashundewelt-hundewelt","8":"first","9":"instock","10":"taxable","11":"shipping-taxable","12":"purchasable","13":"product-type-simple"},"_links":{"self":[{"href":"https:\/\/all-pets.de\/shop\/wp-json\/wp\/v2\/product\/46492","targetHints":{"allow":["GET"]}}],"collection":[{"href":"https:\/\/all-pets.de\/shop\/wp-json\/wp\/v2\/product"}],"about":[{"href":"https:\/\/all-pets.de\/shop\/wp-json\/wp\/v2\/types\/product"}],"replies":[{"embeddable":true,"href":"https:\/\/all-pets.de\/shop\/wp-json\/wp\/v2\/comments?post=46492"}],"wp:featuredmedia":[{"embeddable":true,"href":"https:\/\/all-pets.de\/shop\/wp-json\/wp\/v2\/media\/46493"}],"wp:attachment":[{"href":"https:\/\/all-pets.de\/shop\/wp-json\/wp\/v2\/media?parent=46492"}],"wp:term":[{"taxonomy":"product_cat","embeddable":true,"href":"https:\/\/all-pets.de\/shop\/wp-json\/wp\/v2\/product_cat?post=46492"},{"taxonomy":"product_tag","embeddable":true,"href":"https:\/\/all-pets.de\/shop\/wp-json\/wp\/v2\/product_tag?post=46492"}],"curies":[{"name":"wp","href":"https:\/\/api.w.org\/{rel}","templated":true}]}}