{"id":46497,"date":"2023-12-12T10:52:02","date_gmt":"2023-12-12T09:52:02","guid":{"rendered":"https:\/\/pet-shopping.de\/shop\/produkt\/jr-farm-kraeuter-waffeltuete-60g\/"},"modified":"2023-12-12T10:52:03","modified_gmt":"2023-12-12T09:52:03","slug":"jr-farm-kraeuter-waffeltuete-60g","status":"publish","type":"product","link":"https:\/\/all-pets.de\/shop\/produkt\/jr-farm-kraeuter-waffeltuete-60g\/","title":{"rendered":"JR Farm Kr\u00e4uter-Waffelt\u00fcte 60g"},"content":{"rendered":"<p>Erg\u00e4nzungsfuttermittel f\u00fcr alle Nager und Zwergkaninchen.<\/p>\n<p>Knusprige Waffelt\u00fcte gef\u00fcllt mit einer leckeren Kr\u00e4uter-Bl\u00fctenmischung. Mit einem Halter zur sicheren Befestigung f\u00fcr einen langen Knabberspa\u00df.<\/p>\n<p>F\u00fctterungsempfehlung:<\/p>\n<p>Je nach Gr\u00f6\u00dfe des Tieres w\u00f6chentlich bis zu einer Waffelt\u00fcte reichen.<\/p>\n<p>Zusammensetzung:<\/p>\n<p>pflanzliche Nebenerzeugnisse (Petersilie 25,6%, Ringelblume 5%), Erzeugnisse der Back- und Teigwarenindustrie, Getreide.<\/p>\n<p>60 g<\/p>\n","protected":false},"excerpt":{"rendered":"<p>Erg\u00e4nzungsfuttermittel f\u00fcr alle Nager und Zwergkaninchen. Knusprige Waffelt\u00fcte gef\u00fcllt mit einer leckeren Kr\u00e4uter-Bl\u00fctenmischung. Mit einem Halter zur sicheren Befestigung f\u00fcr einen langen Knabberspa\u00df. F\u00fctterungsempfehlung: Je nach Gr\u00f6\u00dfe des Tieres w\u00f6chentlich bis zu einer Waffelt\u00fcte reichen. Zusammensetzung: pflanzliche Nebenerzeugnisse (Petersilie 25,6%, Ringelblume 5%), Erzeugnisse der Back- und Teigwarenindustrie, Getreide. 60 g<\/p>\n","protected":false},"featured_media":115,"comment_status":"closed","ping_status":"open","template":"","meta":[],"product_cat":[14462],"product_tag":[],"class_list":{"0":"post-46497","1":"product","2":"type-product","3":"status-publish","4":"has-post-thumbnail","6":"product_cat-zwerg-hamster-kleintierfutter-snacks-rattekleintierwelt-kleintierfutter-snacks-mauskleintierwelt-kleintierfutter-snacks-gerbilkleintierwelt-kleintierfutter-snacks-2","8":"first","9":"instock","10":"taxable","11":"shipping-taxable","12":"purchasable","13":"product-type-simple"},"_links":{"self":[{"href":"https:\/\/all-pets.de\/shop\/wp-json\/wp\/v2\/product\/46497","targetHints":{"allow":["GET"]}}],"collection":[{"href":"https:\/\/all-pets.de\/shop\/wp-json\/wp\/v2\/product"}],"about":[{"href":"https:\/\/all-pets.de\/shop\/wp-json\/wp\/v2\/types\/product"}],"replies":[{"embeddable":true,"href":"https:\/\/all-pets.de\/shop\/wp-json\/wp\/v2\/comments?post=46497"}],"wp:featuredmedia":[{"embeddable":true,"href":"https:\/\/all-pets.de\/shop\/wp-json\/wp\/v2\/media\/115"}],"wp:attachment":[{"href":"https:\/\/all-pets.de\/shop\/wp-json\/wp\/v2\/media?parent=46497"}],"wp:term":[{"taxonomy":"product_cat","embeddable":true,"href":"https:\/\/all-pets.de\/shop\/wp-json\/wp\/v2\/product_cat?post=46497"},{"taxonomy":"product_tag","embeddable":true,"href":"https:\/\/all-pets.de\/shop\/wp-json\/wp\/v2\/product_tag?post=46497"}],"curies":[{"name":"wp","href":"https:\/\/api.w.org\/{rel}","templated":true}]}}