{"id":46498,"date":"2023-12-12T10:52:02","date_gmt":"2023-12-12T09:52:02","guid":{"rendered":"https:\/\/pet-shopping.de\/shop\/produkt\/jr-farm-erdbeer-herzchen-150g\/"},"modified":"2023-12-12T10:52:04","modified_gmt":"2023-12-12T09:52:04","slug":"jr-farm-erdbeer-herzchen-150g","status":"publish","type":"product","link":"https:\/\/all-pets.de\/shop\/produkt\/jr-farm-erdbeer-herzchen-150g\/","title":{"rendered":"JR Farm Erdbeer-Herzchen 150g"},"content":{"rendered":"<p>Erg\u00e4nzungsfuttermittel f\u00fcr alle Nager und Zwergkaninchen au\u00dfer Degus, Rennm\u00e4use und Zwerghamster<\/p>\n<p>Jetzt wird s fruchtig: Leckere kleine Vollkorn Herzchen mit echten Erdbeeren. Perfekt als Belohnung f\u00fcr zwischendurch!<\/p>\n<p>F\u00fctterungsempfehlung:<\/p>\n<p>Zu f\u00fcttern als Snack!<\/p>\n<p>Zusammensetzung:<\/p>\n<p>Getreide, Saaten, Gem\u00fcse, N\u00fcsse, Ei und Eierzeugnisse, Fr\u00fcchte (Erdbeeren 2,5%), pflanzliche Nebenerzeugnisse<\/p>\n<p>150 g<\/p>\n","protected":false},"excerpt":{"rendered":"<p>Erg\u00e4nzungsfuttermittel f\u00fcr alle Nager und Zwergkaninchen au\u00dfer Degus, Rennm\u00e4use und Zwerghamster Jetzt wird s fruchtig: Leckere kleine Vollkorn Herzchen mit echten Erdbeeren. Perfekt als Belohnung f\u00fcr zwischendurch! F\u00fctterungsempfehlung: Zu f\u00fcttern als Snack! Zusammensetzung: Getreide, Saaten, Gem\u00fcse, N\u00fcsse, Ei und Eierzeugnisse, Fr\u00fcchte (Erdbeeren 2,5%), pflanzliche Nebenerzeugnisse 150 g<\/p>\n","protected":false},"featured_media":16176,"comment_status":"closed","ping_status":"open","template":"","meta":[],"product_cat":[14465],"product_tag":[],"class_list":{"0":"post-46498","1":"product","2":"type-product","3":"status-publish","4":"has-post-thumbnail","6":"product_cat-chinchilla-kleintierfutter-snacks-rattekleintierwelt-kleintierfutter-snacks-meerschweinchenkleintierwelt-kleintierfutter-snacks-zwergkaninchenkleintierwelt-kleintierfutter-snacks-jr-farmkleintierwelt","8":"first","9":"instock","10":"taxable","11":"shipping-taxable","12":"purchasable","13":"product-type-simple"},"_links":{"self":[{"href":"https:\/\/all-pets.de\/shop\/wp-json\/wp\/v2\/product\/46498","targetHints":{"allow":["GET"]}}],"collection":[{"href":"https:\/\/all-pets.de\/shop\/wp-json\/wp\/v2\/product"}],"about":[{"href":"https:\/\/all-pets.de\/shop\/wp-json\/wp\/v2\/types\/product"}],"replies":[{"embeddable":true,"href":"https:\/\/all-pets.de\/shop\/wp-json\/wp\/v2\/comments?post=46498"}],"wp:featuredmedia":[{"embeddable":true,"href":"https:\/\/all-pets.de\/shop\/wp-json\/wp\/v2\/media\/16176"}],"wp:attachment":[{"href":"https:\/\/all-pets.de\/shop\/wp-json\/wp\/v2\/media?parent=46498"}],"wp:term":[{"taxonomy":"product_cat","embeddable":true,"href":"https:\/\/all-pets.de\/shop\/wp-json\/wp\/v2\/product_cat?post=46498"},{"taxonomy":"product_tag","embeddable":true,"href":"https:\/\/all-pets.de\/shop\/wp-json\/wp\/v2\/product_tag?post=46498"}],"curies":[{"name":"wp","href":"https:\/\/api.w.org\/{rel}","templated":true}]}}