{"id":46500,"date":"2023-12-12T10:52:02","date_gmt":"2023-12-12T09:52:02","guid":{"rendered":"https:\/\/pet-shopping.de\/shop\/produkt\/trixie-augen-pflegetuecher-30-stueck\/"},"modified":"2023-12-12T10:52:04","modified_gmt":"2023-12-12T09:52:04","slug":"trixie-augen-pflegetuecher-30-stueck","status":"publish","type":"product","link":"https:\/\/all-pets.de\/shop\/produkt\/trixie-augen-pflegetuecher-30-stueck\/","title":{"rendered":"Trixie Augen-Pfleget\u00fccher, 30 St\u00fcck"},"content":{"rendered":"<ul>\n<li> f\u00fcr Hunde, Katzen und andere Kleintiere <\/li>\n<li> mit sanfter Pflegelotion<\/li>\n<li>zur regelm\u00e4\u00dfigen, t\u00e4glichen Entfernung von Verschmutzungen und Tr\u00e4nenfluss an der Augenumgebung <\/li>\n<li> reinigen sanft das Umfeld des Auges <\/li>\n<li> f\u00fcr den gesamten Gesichtsbereich geeignet <\/li>\n<li> praktisch f\u00fcr unterwegs <\/li>\n<\/ul>\n<p>Inhalt: 30 St\u00fcck<\/p>\n","protected":false},"excerpt":{"rendered":"<p>f\u00fcr Hunde, Katzen und andere Kleintiere mit sanfter Pflegelotion zur regelm\u00e4\u00dfigen, t\u00e4glichen Entfernung von Verschmutzungen und Tr\u00e4nenfluss an der Augenumgebung reinigen sanft das Umfeld des Auges f\u00fcr den gesamten Gesichtsbereich geeignet praktisch f\u00fcr unterwegs Inhalt: 30 St\u00fcck<\/p>\n","protected":false},"featured_media":4212,"comment_status":"closed","ping_status":"open","template":"","meta":[],"product_cat":[14467],"product_tag":[],"class_list":{"0":"post-46500","1":"product","2":"type-product","3":"status-publish","4":"has-post-thumbnail","6":"product_cat-pflege-gesundheit-hygiene-reinigungkleintierwelt-reinigen-trocknenkleintierwelt-pflege-gesundheit-reinigen-trocknenkatzenwelt-fellpflege-pflege-gesundheit-hundewelt","8":"first","9":"instock","10":"taxable","11":"shipping-taxable","12":"purchasable","13":"product-type-simple"},"_links":{"self":[{"href":"https:\/\/all-pets.de\/shop\/wp-json\/wp\/v2\/product\/46500","targetHints":{"allow":["GET"]}}],"collection":[{"href":"https:\/\/all-pets.de\/shop\/wp-json\/wp\/v2\/product"}],"about":[{"href":"https:\/\/all-pets.de\/shop\/wp-json\/wp\/v2\/types\/product"}],"replies":[{"embeddable":true,"href":"https:\/\/all-pets.de\/shop\/wp-json\/wp\/v2\/comments?post=46500"}],"wp:featuredmedia":[{"embeddable":true,"href":"https:\/\/all-pets.de\/shop\/wp-json\/wp\/v2\/media\/4212"}],"wp:attachment":[{"href":"https:\/\/all-pets.de\/shop\/wp-json\/wp\/v2\/media?parent=46500"}],"wp:term":[{"taxonomy":"product_cat","embeddable":true,"href":"https:\/\/all-pets.de\/shop\/wp-json\/wp\/v2\/product_cat?post=46500"},{"taxonomy":"product_tag","embeddable":true,"href":"https:\/\/all-pets.de\/shop\/wp-json\/wp\/v2\/product_tag?post=46500"}],"curies":[{"name":"wp","href":"https:\/\/api.w.org\/{rel}","templated":true}]}}