{"id":46501,"date":"2023-12-12T10:52:02","date_gmt":"2023-12-12T09:52:02","guid":{"rendered":"https:\/\/pet-shopping.de\/shop\/produkt\/trixie-ohrenpflege-tuecher-30-stueck\/"},"modified":"2023-12-12T10:52:04","modified_gmt":"2023-12-12T09:52:04","slug":"trixie-ohrenpflege-tuecher-30-stueck","status":"publish","type":"product","link":"https:\/\/all-pets.de\/shop\/produkt\/trixie-ohrenpflege-tuecher-30-stueck\/","title":{"rendered":"Trixie Ohrenpflege-T\u00fccher, 30 St\u00fcck"},"content":{"rendered":"<ul>\n<li> f\u00fcr Hunde, Katzen und andere Kleintiere <\/li>\n<li> mit pflegender Reinigungslotion<\/li>\n<li>optimal zur regelm\u00e4\u00dfigen, t\u00e4glichen Pflege und Reinigung der Ohren <\/li>\n<li> schonendes Entfernen von Schmutz und Staub <\/li>\n<li> praktisch f\u00fcr unterwegs <\/li>\n<\/ul>\n<p>Inhalt: 30 St\u00fcck<\/p>\n","protected":false},"excerpt":{"rendered":"<p>f\u00fcr Hunde, Katzen und andere Kleintiere mit pflegender Reinigungslotion optimal zur regelm\u00e4\u00dfigen, t\u00e4glichen Pflege und Reinigung der Ohren schonendes Entfernen von Schmutz und Staub praktisch f\u00fcr unterwegs Inhalt: 30 St\u00fcck<\/p>\n","protected":false},"featured_media":19860,"comment_status":"closed","ping_status":"open","template":"","meta":[],"product_cat":[14468],"product_tag":[],"class_list":{"0":"post-46501","1":"product","2":"type-product","3":"status-publish","4":"has-post-thumbnail","6":"product_cat-augen-ohrenpflege","8":"first","9":"instock","10":"taxable","11":"shipping-taxable","12":"purchasable","13":"product-type-simple"},"_links":{"self":[{"href":"https:\/\/all-pets.de\/shop\/wp-json\/wp\/v2\/product\/46501","targetHints":{"allow":["GET"]}}],"collection":[{"href":"https:\/\/all-pets.de\/shop\/wp-json\/wp\/v2\/product"}],"about":[{"href":"https:\/\/all-pets.de\/shop\/wp-json\/wp\/v2\/types\/product"}],"replies":[{"embeddable":true,"href":"https:\/\/all-pets.de\/shop\/wp-json\/wp\/v2\/comments?post=46501"}],"wp:featuredmedia":[{"embeddable":true,"href":"https:\/\/all-pets.de\/shop\/wp-json\/wp\/v2\/media\/19860"}],"wp:attachment":[{"href":"https:\/\/all-pets.de\/shop\/wp-json\/wp\/v2\/media?parent=46501"}],"wp:term":[{"taxonomy":"product_cat","embeddable":true,"href":"https:\/\/all-pets.de\/shop\/wp-json\/wp\/v2\/product_cat?post=46501"},{"taxonomy":"product_tag","embeddable":true,"href":"https:\/\/all-pets.de\/shop\/wp-json\/wp\/v2\/product_tag?post=46501"}],"curies":[{"name":"wp","href":"https:\/\/api.w.org\/{rel}","templated":true}]}}