{"id":46502,"date":"2023-12-12T10:52:02","date_gmt":"2023-12-12T09:52:02","guid":{"rendered":"https:\/\/pet-shopping.de\/shop\/produkt\/trixie-schutzgitter-fuer-fenster-ausziehbar\/"},"modified":"2023-12-12T10:52:05","modified_gmt":"2023-12-12T09:52:05","slug":"trixie-schutzgitter-fuer-fenster-ausziehbar","status":"publish","type":"product","link":"https:\/\/all-pets.de\/shop\/produkt\/trixie-schutzgitter-fuer-fenster-ausziehbar\/","title":{"rendered":"Trixie Schutzgitter f\u00fcr Fenster, ausziehbar"},"content":{"rendered":"<ul>\n<li> f\u00fcr oben\/unten <\/li>\n<li> Kunststoff, bruchsicher <\/li>\n<li> ausziehbar <\/li>\n<li> zum Anschrauben oder Ankleben <\/li>\n<li> leicht und stabil <\/li>\n<\/ul>\n<p>Ma\u00dfe: 75-125 \u00d7 16 cm<br \/> Farbe: wei\u00df<\/p>\n","protected":false},"excerpt":{"rendered":"<p>f\u00fcr oben\/unten Kunststoff, bruchsicher ausziehbar zum Anschrauben oder Ankleben leicht und stabil Ma\u00dfe: 75-125 \u00d7 16 cm Farbe: wei\u00df<\/p>\n","protected":false},"featured_media":1466,"comment_status":"closed","ping_status":"open","template":"","meta":[],"product_cat":[13900],"product_tag":[],"class_list":{"0":"post-46502","1":"product","2":"type-product","3":"status-publish","4":"has-post-thumbnail","6":"product_cat-schutznetze-gitter","8":"first","9":"instock","10":"taxable","11":"shipping-taxable","12":"purchasable","13":"product-type-simple"},"_links":{"self":[{"href":"https:\/\/all-pets.de\/shop\/wp-json\/wp\/v2\/product\/46502","targetHints":{"allow":["GET"]}}],"collection":[{"href":"https:\/\/all-pets.de\/shop\/wp-json\/wp\/v2\/product"}],"about":[{"href":"https:\/\/all-pets.de\/shop\/wp-json\/wp\/v2\/types\/product"}],"replies":[{"embeddable":true,"href":"https:\/\/all-pets.de\/shop\/wp-json\/wp\/v2\/comments?post=46502"}],"wp:featuredmedia":[{"embeddable":true,"href":"https:\/\/all-pets.de\/shop\/wp-json\/wp\/v2\/media\/1466"}],"wp:attachment":[{"href":"https:\/\/all-pets.de\/shop\/wp-json\/wp\/v2\/media?parent=46502"}],"wp:term":[{"taxonomy":"product_cat","embeddable":true,"href":"https:\/\/all-pets.de\/shop\/wp-json\/wp\/v2\/product_cat?post=46502"},{"taxonomy":"product_tag","embeddable":true,"href":"https:\/\/all-pets.de\/shop\/wp-json\/wp\/v2\/product_tag?post=46502"}],"curies":[{"name":"wp","href":"https:\/\/api.w.org\/{rel}","templated":true}]}}