{"id":46513,"date":"2023-12-12T10:52:07","date_gmt":"2023-12-12T09:52:07","guid":{"rendered":"https:\/\/pet-shopping.de\/shop\/produkt\/karlie-flamingo-fussballfigur-aus-nylon-rot\/"},"modified":"2023-12-12T10:52:07","modified_gmt":"2023-12-12T09:52:07","slug":"karlie-flamingo-fussballfigur-aus-nylon-rot","status":"publish","type":"product","link":"https:\/\/all-pets.de\/shop\/produkt\/karlie-flamingo-fussballfigur-aus-nylon-rot\/","title":{"rendered":"Karlie Flamingo Fu\u00dfballfigur aus Nylon &#8211; Rot"},"content":{"rendered":"<p>Der lustige Fu\u00dfballspieler besteht aus Nylon mit einem Tennisball mit Fu\u00dfballaufdruck. Das interaktive Apportierspielzeug ist aus robusten Materialien gefertigt und mit einem Squeaker ausgestattet.<\/p>\n<p>Gr\u00f6\u00dfe: ca. 25 x 16 x 6 cm<\/p>\n","protected":false},"excerpt":{"rendered":"<p>Der lustige Fu\u00dfballspieler besteht aus Nylon mit einem Tennisball mit Fu\u00dfballaufdruck. Das interaktive Apportierspielzeug ist aus robusten Materialien gefertigt und mit einem Squeaker ausgestattet. Gr\u00f6\u00dfe: ca. 25 x 16 x 6 cm<\/p>\n","protected":false},"featured_media":770,"comment_status":"closed","ping_status":"open","template":"","meta":[],"product_cat":[14470],"product_tag":[],"class_list":{"0":"post-46513","1":"product","2":"type-product","3":"status-publish","4":"has-post-thumbnail","6":"product_cat-hundebaelle-hundespielzeug-sport-weitere-spielzeugehundewelt","8":"first","9":"instock","10":"taxable","11":"shipping-taxable","12":"purchasable","13":"product-type-simple"},"_links":{"self":[{"href":"https:\/\/all-pets.de\/shop\/wp-json\/wp\/v2\/product\/46513","targetHints":{"allow":["GET"]}}],"collection":[{"href":"https:\/\/all-pets.de\/shop\/wp-json\/wp\/v2\/product"}],"about":[{"href":"https:\/\/all-pets.de\/shop\/wp-json\/wp\/v2\/types\/product"}],"replies":[{"embeddable":true,"href":"https:\/\/all-pets.de\/shop\/wp-json\/wp\/v2\/comments?post=46513"}],"wp:featuredmedia":[{"embeddable":true,"href":"https:\/\/all-pets.de\/shop\/wp-json\/wp\/v2\/media\/770"}],"wp:attachment":[{"href":"https:\/\/all-pets.de\/shop\/wp-json\/wp\/v2\/media?parent=46513"}],"wp:term":[{"taxonomy":"product_cat","embeddable":true,"href":"https:\/\/all-pets.de\/shop\/wp-json\/wp\/v2\/product_cat?post=46513"},{"taxonomy":"product_tag","embeddable":true,"href":"https:\/\/all-pets.de\/shop\/wp-json\/wp\/v2\/product_tag?post=46513"}],"curies":[{"name":"wp","href":"https:\/\/api.w.org\/{rel}","templated":true}]}}