{"id":46519,"date":"2023-12-12T10:52:07","date_gmt":"2023-12-12T09:52:07","guid":{"rendered":"https:\/\/pet-shopping.de\/shop\/produkt\/procyon-prey-dummy-mit-fell\/"},"modified":"2023-12-12T10:52:08","modified_gmt":"2023-12-12T09:52:08","slug":"procyon-prey-dummy-mit-fell","status":"publish","type":"product","link":"https:\/\/all-pets.de\/shop\/produkt\/procyon-prey-dummy-mit-fell\/","title":{"rendered":"PROCYON Prey Dummy mit Fell"},"content":{"rendered":"<p>Dieser robuste Prey Dummy ist mit einem herausnehmbaren Innensack mit F\u00fcllung best\u00fcckt. So kann der Dummy mit oder ohne F\u00fcllung verwendet werden. Ebenso k\u00f6nnen z.B. Leckerlis in den Dummy gesteckt werden. Er ist teilweise mit Kunstfell vern\u00e4ht.<\/p>\n<p>Der Dummy ist schwimmf\u00e4hig und kann so auch f\u00fcr die Wasserarbeit genutzt werden. Mit Handschlaufe.<\/p>\n<p>Gesamtl\u00e4nge: ca. 40 cm<br \/> Ohne Schlaufe: ca. 20 x 6 cm (L\u00e4nge x Durchmesser)<\/p>\n","protected":false},"excerpt":{"rendered":"<p>Dieser robuste Prey Dummy ist mit einem herausnehmbaren Innensack mit F\u00fcllung best\u00fcckt. So kann der Dummy mit oder ohne F\u00fcllung verwendet werden. Ebenso k\u00f6nnen z.B. Leckerlis in den Dummy gesteckt werden. Er ist teilweise mit Kunstfell vern\u00e4ht. Der Dummy ist schwimmf\u00e4hig und kann so auch f\u00fcr die Wasserarbeit genutzt werden. Mit Handschlaufe. Gesamtl\u00e4nge: ca. 40 [&hellip;]<\/p>\n","protected":false},"featured_media":33486,"comment_status":"closed","ping_status":"open","template":"","meta":[],"product_cat":[14475],"product_tag":[],"class_list":{"0":"post-46519","1":"product","2":"type-product","3":"status-publish","4":"has-post-thumbnail","6":"product_cat-trainings-zubehoer-erziehung-agility-traininghundewelt-hundespielzeug-sport-apportierenhundewelt","8":"first","9":"instock","10":"taxable","11":"shipping-taxable","12":"purchasable","13":"product-type-simple"},"_links":{"self":[{"href":"https:\/\/all-pets.de\/shop\/wp-json\/wp\/v2\/product\/46519","targetHints":{"allow":["GET"]}}],"collection":[{"href":"https:\/\/all-pets.de\/shop\/wp-json\/wp\/v2\/product"}],"about":[{"href":"https:\/\/all-pets.de\/shop\/wp-json\/wp\/v2\/types\/product"}],"replies":[{"embeddable":true,"href":"https:\/\/all-pets.de\/shop\/wp-json\/wp\/v2\/comments?post=46519"}],"wp:featuredmedia":[{"embeddable":true,"href":"https:\/\/all-pets.de\/shop\/wp-json\/wp\/v2\/media\/33486"}],"wp:attachment":[{"href":"https:\/\/all-pets.de\/shop\/wp-json\/wp\/v2\/media?parent=46519"}],"wp:term":[{"taxonomy":"product_cat","embeddable":true,"href":"https:\/\/all-pets.de\/shop\/wp-json\/wp\/v2\/product_cat?post=46519"},{"taxonomy":"product_tag","embeddable":true,"href":"https:\/\/all-pets.de\/shop\/wp-json\/wp\/v2\/product_tag?post=46519"}],"curies":[{"name":"wp","href":"https:\/\/api.w.org\/{rel}","templated":true}]}}