{"id":46520,"date":"2023-12-12T10:52:07","date_gmt":"2023-12-12T09:52:07","guid":{"rendered":"https:\/\/pet-shopping.de\/shop\/produkt\/procyon-tpr-spielei-klein-rot\/"},"modified":"2023-12-12T10:52:08","modified_gmt":"2023-12-12T09:52:08","slug":"procyon-tpr-spielei-klein-rot","status":"publish","type":"product","link":"https:\/\/all-pets.de\/shop\/produkt\/procyon-tpr-spielei-klein-rot\/","title":{"rendered":"PROCYON TPR-Spielei klein &#8211; rot"},"content":{"rendered":"<p>Das PROCYON Spielei \u00e4hnelt vom Prinzip her einem Treibball. Es sollte vom Hund m\u00f6glichst nicht mit dem Maul transportiert, sondern getrieben bzw. gerollt werden.<\/p>\n<p>Im Unterschied zu einem normalen Treibball rollt das Ei allerdings nicht einfach geradeaus, sondern wechselt durch die Eiform unvorhersehbar die Richtung. Es eignet sich somit f\u00fcr etwas fortgeschrittenere Spieler, die mit einem Treibball schon gut umgehen k\u00f6nnen.<\/p>\n<p>Das Ei besteht aus TPR und ist somit weich, aber trotzdem robust. Es eignet sich mit seiner Gr\u00f6\u00dfe von ca. 18 cm besonders f\u00fcr kleinere oder junge Hunde. <\/p>\n<p>Farbe: Rot<br \/> Gr\u00f6\u00dfe: ca. 18 cm \u00a0<br \/> Gewicht: ca. 250 g<\/p>\n","protected":false},"excerpt":{"rendered":"<p>Das PROCYON Spielei \u00e4hnelt vom Prinzip her einem Treibball. Es sollte vom Hund m\u00f6glichst nicht mit dem Maul transportiert, sondern getrieben bzw. gerollt werden. Im Unterschied zu einem normalen Treibball rollt das Ei allerdings nicht einfach geradeaus, sondern wechselt durch die Eiform unvorhersehbar die Richtung. Es eignet sich somit f\u00fcr etwas fortgeschrittenere Spieler, die mit [&hellip;]<\/p>\n","protected":false},"featured_media":25166,"comment_status":"closed","ping_status":"open","template":"","meta":[],"product_cat":[14470],"product_tag":[],"class_list":{"0":"post-46520","1":"product","2":"type-product","3":"status-publish","4":"has-post-thumbnail","6":"product_cat-hundebaelle-hundespielzeug-sport-weitere-spielzeugehundewelt","8":"first","9":"instock","10":"taxable","11":"shipping-taxable","12":"purchasable","13":"product-type-simple"},"_links":{"self":[{"href":"https:\/\/all-pets.de\/shop\/wp-json\/wp\/v2\/product\/46520","targetHints":{"allow":["GET"]}}],"collection":[{"href":"https:\/\/all-pets.de\/shop\/wp-json\/wp\/v2\/product"}],"about":[{"href":"https:\/\/all-pets.de\/shop\/wp-json\/wp\/v2\/types\/product"}],"replies":[{"embeddable":true,"href":"https:\/\/all-pets.de\/shop\/wp-json\/wp\/v2\/comments?post=46520"}],"wp:featuredmedia":[{"embeddable":true,"href":"https:\/\/all-pets.de\/shop\/wp-json\/wp\/v2\/media\/25166"}],"wp:attachment":[{"href":"https:\/\/all-pets.de\/shop\/wp-json\/wp\/v2\/media?parent=46520"}],"wp:term":[{"taxonomy":"product_cat","embeddable":true,"href":"https:\/\/all-pets.de\/shop\/wp-json\/wp\/v2\/product_cat?post=46520"},{"taxonomy":"product_tag","embeddable":true,"href":"https:\/\/all-pets.de\/shop\/wp-json\/wp\/v2\/product_tag?post=46520"}],"curies":[{"name":"wp","href":"https:\/\/api.w.org\/{rel}","templated":true}]}}