{"id":46528,"date":"2023-12-12T10:52:07","date_gmt":"2023-12-12T09:52:07","guid":{"rendered":"https:\/\/pet-shopping.de\/shop\/produkt\/catit-buersten-set-fuer-kurzhaarkatzen\/"},"modified":"2023-12-12T10:52:08","modified_gmt":"2023-12-12T09:52:08","slug":"catit-buersten-set-fuer-kurzhaarkatzen","status":"publish","type":"product","link":"https:\/\/all-pets.de\/shop\/produkt\/catit-buersten-set-fuer-kurzhaarkatzen\/","title":{"rendered":"Catit B\u00fcrsten-Set f\u00fcr Kurzhaarkatzen"},"content":{"rendered":"<p>Eine regelm\u00e4\u00dfige Fellpflege sorgt daf\u00fcr, dass Ihre Katze weniger Haare im Haus verliert und festigt zugleich die Bindung zwischen Ihnen und Ihrer Katze.<br \/> Die Fellpflege geh\u00f6rt zu den sch\u00f6nen Momenten, die Mensch und Katze gemeinsam genie\u00dfen k\u00f6nnen.<\/p>\n<p>Nun stehen Sie nicht mehr vor der schwierigen Entscheidung, welche B\u00fcrste Sie kaufen sollen. Dieses praktische Set enth\u00e4lt alles, was Sie f\u00fcr die t\u00e4gliche Fellpflege ben\u00f6tigen.<\/p>\n<p>Enthalten im Beh\u00e4lter je 1x:<br \/> &#8211; Feiner Kamm<br \/> &#8211; Metall Zupfb\u00fcrste<br \/> &#8211; Nylon Zupfb\u00fcrste<br \/> &#8211; Gummi-Striegel<br \/> &#8211; Nagelknipser mit gebogener Schneide<\/p>\n<p>Feiner Pflegekamm:<br \/> Mit diesem einfachen Kamm werden Schuppen sowie andere kleine Schmutzpartikel entfernt. So bleibt die Haut Ihrer Katze sch\u00f6n sauber. Zus\u00e4tzlich werden lose Haare entfernt, bevor es zu Verfilzungen kommen kann.<br \/> Der kleine Pflegekamm eignet sich insbesondere f\u00fcr empfindliche Bereiche wie Hals, Kopf und Hinterteil, bei denen die Pflege mit einer normalen B\u00fcrste schwierig ist. <\/p>\n<p>Zupfb\u00fcrste aus Metall:<br \/> Diese einfache B\u00fcrste entfernt lose Haare sowie Schuppen und entwirrt einfache Knoten. Dabei wird die Haut sanft stimuliert.<br \/> Die langen Stifte reichen bis in die tiefer liegenden Schichten des Fells Ihrer Katze und gew\u00e4hrleisten so ein gr\u00fcndliches B\u00fcrsten. <\/p>\n<p>Zupfb\u00fcrste aus Nylon: <br \/> Die Zupfb\u00fcrste aus Nylon entfernt Kn\u00f6tchen und macht dabei das Fell Ihrer Katze sch\u00f6n weich.<br \/> Die B\u00fcrste kann sogar f\u00fcr sehr flauschige Katzen verwendet werden, denn auch durch dichtes Fell kommt sie spielend leicht. <\/p>\n<p>Gummi-Striegel: <br \/> Der Gummi-Striegel entfernt lose Haare bei gleichzeitiger Massage \u2013 ganz \u00e4hnlich wie wenn die Katzenmutter das Fell ihrer Jungen leckt.<br \/> Die B\u00fcrste passt genau in Ihre Handfl\u00e4che und hilft Ihrer Katze dabei, sich zu entspannen. Dies macht die B\u00fcrste zum idealen Werkzeug, um mit der Fellpflege zu beginnen. <\/p>\n<p>Nagelknipser mit gebogener Schneide:<br \/> Dieses hochwertige Werkzeug hilft Ihnen dabei, die Krallen Ihrer Katze im Handumdrehen zu k\u00fcrzen.<br \/> Bitte seien Sie beim Knipsen der Krallen Ihrer Katze vorsichtig. Schneiden Sie nicht in den durchbluteten Bereich der Kralle, da dies den Nerv besch\u00e4digen kann.<\/p>\n<p>Praktischer Vorratsbeh\u00e4lter<br \/> Die Pflegewerkzeuge werden aufrecht in einem praktischen Beh\u00e4lter aufbewahrt.<br \/> So werden die Kammz\u00e4hne nicht besch\u00e4digt. Au\u00dferdem k\u00f6nnen im Deckel des Beh\u00e4lters ganz praktisch lose Katzenhaare aufbewahrt werden. Dies erspart Ihnen viele G\u00e4nge zum Abfalleimer.<\/p>\n<p><span class=\"entry--content\">Ma\u00dfe: ca. 24 x 13,8 x 13,8 cm<\/span><\/p>\n","protected":false},"excerpt":{"rendered":"<p>Eine regelm\u00e4\u00dfige Fellpflege sorgt daf\u00fcr, dass Ihre Katze weniger Haare im Haus verliert und festigt zugleich die Bindung zwischen Ihnen und Ihrer Katze. Die Fellpflege geh\u00f6rt zu den sch\u00f6nen Momenten, die Mensch und Katze gemeinsam genie\u00dfen k\u00f6nnen. Nun stehen Sie nicht mehr vor der schwierigen Entscheidung, welche B\u00fcrste Sie kaufen sollen. Dieses praktische Set enth\u00e4lt [&hellip;]<\/p>\n","protected":false},"featured_media":31740,"comment_status":"closed","ping_status":"open","template":"","meta":[],"product_cat":[14476],"product_tag":[],"class_list":{"0":"post-46528","1":"product","2":"type-product","3":"status-publish","4":"has-post-thumbnail","6":"product_cat-pflege-sets-pflege-gesundheit-katzenbuersten-striegelkatzenwelt-fellpflege-pflege-gesundheit-katzenwelt","8":"first","9":"instock","10":"taxable","11":"shipping-taxable","12":"purchasable","13":"product-type-simple"},"_links":{"self":[{"href":"https:\/\/all-pets.de\/shop\/wp-json\/wp\/v2\/product\/46528","targetHints":{"allow":["GET"]}}],"collection":[{"href":"https:\/\/all-pets.de\/shop\/wp-json\/wp\/v2\/product"}],"about":[{"href":"https:\/\/all-pets.de\/shop\/wp-json\/wp\/v2\/types\/product"}],"replies":[{"embeddable":true,"href":"https:\/\/all-pets.de\/shop\/wp-json\/wp\/v2\/comments?post=46528"}],"wp:featuredmedia":[{"embeddable":true,"href":"https:\/\/all-pets.de\/shop\/wp-json\/wp\/v2\/media\/31740"}],"wp:attachment":[{"href":"https:\/\/all-pets.de\/shop\/wp-json\/wp\/v2\/media?parent=46528"}],"wp:term":[{"taxonomy":"product_cat","embeddable":true,"href":"https:\/\/all-pets.de\/shop\/wp-json\/wp\/v2\/product_cat?post=46528"},{"taxonomy":"product_tag","embeddable":true,"href":"https:\/\/all-pets.de\/shop\/wp-json\/wp\/v2\/product_tag?post=46528"}],"curies":[{"name":"wp","href":"https:\/\/api.w.org\/{rel}","templated":true}]}}