{"id":46529,"date":"2023-12-12T10:52:07","date_gmt":"2023-12-12T09:52:07","guid":{"rendered":"https:\/\/pet-shopping.de\/shop\/produkt\/catit-buersten-set-fuer-mittel-und-langhaarkatzen\/"},"modified":"2023-12-12T10:52:09","modified_gmt":"2023-12-12T09:52:09","slug":"catit-buersten-set-fuer-mittel-und-langhaarkatzen","status":"publish","type":"product","link":"https:\/\/all-pets.de\/shop\/produkt\/catit-buersten-set-fuer-mittel-und-langhaarkatzen\/","title":{"rendered":"Catit B\u00fcrsten-Set f\u00fcr Mittel- und Langhaarkatzen"},"content":{"rendered":"<p>Halblanghaar- bis Langhaar-Pflegeset<\/p>\n<p>Eine regelm\u00e4\u00dfige Fellpflege sorgt daf\u00fcr, dass Ihre Katze weniger Haare im Haus verliert und festigt zugleich die Bindung zwischen Ihnen und Ihrer Katze.<br \/> Die Fellpflege geh\u00f6rt zu den sch\u00f6nen Momenten, die Mensch und Katze gemeinsam genie\u00dfen k\u00f6nnen.<\/p>\n<p>Nun stehen Sie nicht mehr vor der schwierigen Entscheidung, welche B\u00fcrste Sie kaufen sollen. Das Langhaar-Pflegeset von Catit enth\u00e4lt alles, was Sie f\u00fcr die Pflege von Katzen mit halblangem bis langem Fell ben\u00f6tigen. <\/p>\n<p>Enthalten im Beh\u00e4lter je 1x:<br \/> &#8211; Stiftb\u00fcrste<br \/> &#8211; Zupfb\u00fcrste aus Metall<br \/> &#8211; Kamm mit rotierenden Stiften<br \/> &#8211; Langer Entfilzer<br \/> &#8211; Nagelknipser mit gebogener Schneide<\/p>\n<p>Stiftb\u00fcrste<br \/> Die Stiftb\u00fcrste entfernt kleine Knoten und Schmutz. Die weichen Stiftspitzen sorgen f\u00fcr Wohlbefinden auf der Haut. Die feinen und langen Stifte reichen bis auf die Haut und entfernen kleine Knoten und Schmutz aus dem Fell. Die Stiftspitzen sind stumpf, um eine Reizung der Haut zu vermeiden. Mit der B\u00fcrste wird das Fell aufgelockert. Langhaarkatzen erhalten durch die Pflege ein sch\u00f6nes flauschiges Fell. <\/p>\n<p>Zupfb\u00fcrste aus Metall<br \/> Diese einfache B\u00fcrste entfernt lose Haare sowie Schuppen und entwirrt einfache Knoten. Dabei wird die Haut sanft stimuliert.<br \/> Die langen Stifte reichen bis in die tiefer liegenden Schichten des Fells Ihrer Katze und gew\u00e4hrleisten so ein gr\u00fcndliches B\u00fcrsten. Diese B\u00fcrste ist auch f\u00fcr die sanfte Gesichtspflege und zum Entfernen von Unreinheiten im Maulbereich geeignet. <\/p>\n<p>Pflegekamm mit rotierenden Zinken<br \/> Der Pflegekamm mit rotierenden Zinken hilft Ihnen, ohne Ziepen und Rei\u00dfen Haare zu entwirren.<br \/> Mit diesem einfachen Kamm werden Schuppen sowie andere kleine Schmutzpartikel entfernt. So bleibt die Haut Ihrer Katze sch\u00f6n sauber. Die l\u00e4ngeren Zinken reichen bis in die untersten Felllagen, die k\u00fcrzeren k\u00e4mmen die Deckhaare. Die unterschiedliche Zinkenl\u00e4nge sorgt daf\u00fcr, dass das Fell bis auf die Haut gr\u00fcndlich gek\u00e4mmt wird. Dabei helfen die rotierenden Zinken verhindern, dass der Kamm in Verfilzungen h\u00e4ngen bleibt. <\/p>\n<p>Entfilzer<br \/> Der lange Entfilzer beseitigt verfilzte Stellen, die Ihre Katze nicht selbst entfernen kann. Die Klinge des Entfilzers schneidet verfilzte Stellen sowie Knoten m\u00fchelos ab!<br \/> *Bitte seien Sie bei der Benutzung des langen Entfilzers vorsichtig. Enth\u00e4lt scharfe Klingen! Au\u00dferhalb der Reichweite von Kindern aufbewahren.<\/p>\n<p>Bei Langhaarkatzen mit dichtem Fell treten nicht selten Verfilzungen auf, die zus\u00e4tzliches Gewicht darstellen, unangenehm an der Haut ziehen und Schmerzen verursachen k\u00f6nnen.<br \/> Verfilzungen entstehen durch Haarballen oder im Fell verhedderten Fremdk\u00f6rpern, die die Katze nicht selbst entfernen kann. Eine Verfilzung wird mit der Zeit gr\u00f6\u00dfer und sollte daher gleich bei Auftreten entfernt werden. Je gr\u00f6\u00dfer und dichter eine Verfilzung, umso schwieriger ist es, sie zu entfernen.<\/p>\n<p>Die langen Klingen des Entfilzers schneiden verfilzte Stellen sowie Knoten m\u00fchelos ab und sammeln lose Haare aus dem Fell. Sie k\u00f6nnen mit dem Entfilzer auch besonders dichtes Fell etwa an Hinterteil, Brust oder den Achselh\u00f6hlen k\u00e4mmen.<\/p>\n<p>GEBRAUCH DES ENTFILZERS:<br \/> 1. Untersuchen Sie Ihre Katze auf Verfilzungen.<br \/> 2. Schneiden Sie die Verfilzung vom Rand her langsam ab. Ziehen Sie dabei nicht zu stark und achten Sie darauf, die Haut Ihrer Katze nicht zu verletzen.<br \/> 3. Wiederholen Sie Schritt 2 bis die Verfilzung vollst\u00e4ndig entfernt ist. Arbeiten Sie langsam und vorsichtig! <\/p>\n<p>Nagelknipser mit gebogener Schneide<br \/> Dieses hochwertige Werkzeug hilft Ihnen dabei, die Krallen Ihrer Katze im Handumdrehen zu k\u00fcrzen.<br \/> *Bitte seien Sie beim Knipsen der Krallen Ihrer Katze vorsichtig. Schneiden Sie nicht in den durchbluteten Bereich der Kralle, da dies den Nerv sch\u00e4digen kann.<\/p>\n<p>Was w\u00e4re ein Katzenpflegeset ohne ein vern\u00fcnftiges Paar Nagelknipser? Dieses kleine und stabile Werkzeug wird Ihnen dabei helfen, scharfe Krallen zu k\u00fcrzen und wird sowohl Ihnen als auch Ihrer Katze das Leben erleichtern.<\/p>\n<p>TIPP: Sollten Sie unsicher bei der Krallenpflege sein oder haben Sie Angst, Ihre Katze wom\u00f6glich zu verletzen, dann bitten Sie Ihren Tierarzt, es Ihnen einmal zu zeigen!<\/p>\n<p>GEBRAUCH DES NAGELKNIPSERS MIT GEBOGENER SCHNEIDE:<br \/> 1. Nehmen Sie die Pfote Ihrer Katze in die Hand.<br \/> 2. Dr\u00fccken Sie die Pfote Ihrer Katze nach unten: Dadurch treten die Krallen nach au\u00dfen.<br \/> 3. K\u00fcrzen Sie die Krallen. Schneiden Sie nicht in den rosafarbenen durchbluteten Bereich der Kralle, da dies zu einer Blutung f\u00fchren w\u00fcrde. H\u00e4ufigkeit: monatlich oder \u00f6fter, je nach Erfordernis <\/p>\n<p>Praktischer Vorratsbeh\u00e4lter<br \/> Die Pflegewerkzeuge werden aufrecht in einem praktischen Beh\u00e4lter aufbewahrt.<br \/> So werden die Kammz\u00e4hne nicht besch\u00e4digt. Au\u00dferdem k\u00f6nnen im Deckel des Beh\u00e4lters ganz praktisch lose Katzenhaare aufbewahrt werden. Dies erspart Ihnen viele G\u00e4nge zum Abfalleimer.<\/p>\n<p>Ma\u00dfe: ca. 24 x 13,8 x 13,8 cm<\/p>\n","protected":false},"excerpt":{"rendered":"<p>Halblanghaar- bis Langhaar-Pflegeset Eine regelm\u00e4\u00dfige Fellpflege sorgt daf\u00fcr, dass Ihre Katze weniger Haare im Haus verliert und festigt zugleich die Bindung zwischen Ihnen und Ihrer Katze. Die Fellpflege geh\u00f6rt zu den sch\u00f6nen Momenten, die Mensch und Katze gemeinsam genie\u00dfen k\u00f6nnen. Nun stehen Sie nicht mehr vor der schwierigen Entscheidung, welche B\u00fcrste Sie kaufen sollen. Das [&hellip;]<\/p>\n","protected":false},"featured_media":20518,"comment_status":"closed","ping_status":"open","template":"","meta":[],"product_cat":[14480],"product_tag":[],"class_list":{"0":"post-46529","1":"product","2":"type-product","3":"status-publish","4":"has-post-thumbnail","6":"product_cat-katzenbuersten-striegel-fellpflege-pflege-gesundheit-pflege-setskatzenwelt-pflege-gesundheit-katzenwelt","8":"first","9":"instock","10":"taxable","11":"shipping-taxable","12":"purchasable","13":"product-type-simple"},"_links":{"self":[{"href":"https:\/\/all-pets.de\/shop\/wp-json\/wp\/v2\/product\/46529","targetHints":{"allow":["GET"]}}],"collection":[{"href":"https:\/\/all-pets.de\/shop\/wp-json\/wp\/v2\/product"}],"about":[{"href":"https:\/\/all-pets.de\/shop\/wp-json\/wp\/v2\/types\/product"}],"replies":[{"embeddable":true,"href":"https:\/\/all-pets.de\/shop\/wp-json\/wp\/v2\/comments?post=46529"}],"wp:featuredmedia":[{"embeddable":true,"href":"https:\/\/all-pets.de\/shop\/wp-json\/wp\/v2\/media\/20518"}],"wp:attachment":[{"href":"https:\/\/all-pets.de\/shop\/wp-json\/wp\/v2\/media?parent=46529"}],"wp:term":[{"taxonomy":"product_cat","embeddable":true,"href":"https:\/\/all-pets.de\/shop\/wp-json\/wp\/v2\/product_cat?post=46529"},{"taxonomy":"product_tag","embeddable":true,"href":"https:\/\/all-pets.de\/shop\/wp-json\/wp\/v2\/product_tag?post=46529"}],"curies":[{"name":"wp","href":"https:\/\/api.w.org\/{rel}","templated":true}]}}