{"id":46532,"date":"2023-12-12T10:52:11","date_gmt":"2023-12-12T09:52:11","guid":{"rendered":"https:\/\/pet-shopping.de\/shop\/produkt\/catit-catnip-spray-60-ml\/"},"modified":"2023-12-12T10:52:11","modified_gmt":"2023-12-12T09:52:11","slug":"catit-catnip-spray-60-ml","status":"publish","type":"product","link":"https:\/\/all-pets.de\/shop\/produkt\/catit-catnip-spray-60-ml\/","title":{"rendered":"Catit Catnip Spray &#8211; 60 ml"},"content":{"rendered":"<p>M\u00f6chten Sie Ihrer Katze einen Anreiz f\u00fcr ein intensiveres Spiel geben oder verhindern, dass sie an Ihren M\u00f6beln kratzt?<\/p>\n<p>Dann ist Katzenminze genau das Richtige f\u00fcr Sie!<\/p>\n<p>Katzenminze ist ein nat\u00fcrliches Kraut, das Katzen anlockt und stimuliert. Das in den Bl\u00e4ttern, Stielen und Samen der Pflanze enthaltene Nepetalacton spricht die nat\u00fcrlichen Instinkte Ihrer Hauskatze an. Ca. 65% der Katzen sprechen auf Katzenminze an, wobei das Ma\u00df an Sensibilit\u00e4t zwischen einzelnen Individuen variiert.<\/p>\n<p>Wenn Ihre Samtpfote Katzenminze mag, zeigt sie dies bereits mit ein paar Monaten. Die Catit Senses Katzenminze-Produkte sind ganz nat\u00fcrlich, enthalten nur die beste kanadische Katzenminze und werden in verschiedenen Formaten angeboten.<\/p>\n<p>Das Catit Senses Katzenminze-Spray (60 ml) ist gro\u00dfartig geeignet zum Training der Katze.<br \/> Einmaliges Auftragen reicht aus, um Ihre Katze zum Spielen und\/oder Kratzen an dem von Ihnen gew\u00fcnschten Ort anzuregen. Verwenden Sie das Katzenminze-Spray auf Spielzeugen, Stoffen oder Kratzb\u00e4umen, um Ihre M\u00f6bel zu schonen.<\/p>\n<p>WICHTIG:<br \/> Beobachten Sie Ihre Katze immer, wenn Sie Katzenminze angewendet haben. Passen Sie die Menge der verwendeten Katzenminze an die Sensibilit\u00e4t Ihrer Katze an. Ein \u00fcberm\u00e4\u00dfiger Konsum von Katzenminze kann zu aggressivem Verhalten oder Verletzungen Ihrer Katze f\u00fchren. Tragen Sie die Katzenminze niemals direkt auf Ihrer Katze oder einem anderen Tier auf.<\/p>\n","protected":false},"excerpt":{"rendered":"<p>M\u00f6chten Sie Ihrer Katze einen Anreiz f\u00fcr ein intensiveres Spiel geben oder verhindern, dass sie an Ihren M\u00f6beln kratzt? Dann ist Katzenminze genau das Richtige f\u00fcr Sie! Katzenminze ist ein nat\u00fcrliches Kraut, das Katzen anlockt und stimuliert. Das in den Bl\u00e4ttern, Stielen und Samen der Pflanze enthaltene Nepetalacton spricht die nat\u00fcrlichen Instinkte Ihrer Hauskatze an. [&hellip;]<\/p>\n","protected":false},"featured_media":27523,"comment_status":"closed","ping_status":"open","template":"","meta":[],"product_cat":[13702],"product_tag":[],"class_list":{"0":"post-46532","1":"product","2":"type-product","3":"status-publish","4":"has-post-thumbnail","6":"product_cat-catnip-baldrian-spielzeug-katzenspielzeug","8":"first","9":"instock","10":"taxable","11":"shipping-taxable","12":"purchasable","13":"product-type-simple"},"_links":{"self":[{"href":"https:\/\/all-pets.de\/shop\/wp-json\/wp\/v2\/product\/46532","targetHints":{"allow":["GET"]}}],"collection":[{"href":"https:\/\/all-pets.de\/shop\/wp-json\/wp\/v2\/product"}],"about":[{"href":"https:\/\/all-pets.de\/shop\/wp-json\/wp\/v2\/types\/product"}],"replies":[{"embeddable":true,"href":"https:\/\/all-pets.de\/shop\/wp-json\/wp\/v2\/comments?post=46532"}],"wp:featuredmedia":[{"embeddable":true,"href":"https:\/\/all-pets.de\/shop\/wp-json\/wp\/v2\/media\/27523"}],"wp:attachment":[{"href":"https:\/\/all-pets.de\/shop\/wp-json\/wp\/v2\/media?parent=46532"}],"wp:term":[{"taxonomy":"product_cat","embeddable":true,"href":"https:\/\/all-pets.de\/shop\/wp-json\/wp\/v2\/product_cat?post=46532"},{"taxonomy":"product_tag","embeddable":true,"href":"https:\/\/all-pets.de\/shop\/wp-json\/wp\/v2\/product_tag?post=46532"}],"curies":[{"name":"wp","href":"https:\/\/api.w.org\/{rel}","templated":true}]}}