{"id":46534,"date":"2023-12-12T10:52:11","date_gmt":"2023-12-12T09:52:11","guid":{"rendered":"https:\/\/pet-shopping.de\/shop\/produkt\/dd-katzenhoehle-pet-cave-lime-anthrazit\/"},"modified":"2023-12-12T10:52:11","modified_gmt":"2023-12-12T09:52:11","slug":"dd-katzenhoehle-pet-cave-lime-anthrazit","status":"publish","type":"product","link":"https:\/\/all-pets.de\/shop\/produkt\/dd-katzenhoehle-pet-cave-lime-anthrazit\/","title":{"rendered":"D&#038;D Katzenh\u00f6hle Pet Cave lime\/anthrazit"},"content":{"rendered":"<p>Diese asymetrische Katzenh\u00f6hle bietet Ihrer Katze einen ausgefallenen R\u00fcckzugsort.\u00a0<\/p>\n<ul>\n<li>Au\u00dfenseite in dunkler Filzoptik mit neongr\u00fcner Absetzung.<\/li>\n<li>Innenseite gepolstert mit neongr\u00fcnem Pl\u00fcschbezug.<\/li>\n<li>Material: 100 % Polyester<\/li>\n<li>Ma\u00dfe: ca.40 x 40 x 40 cm<\/li>\n<li>Durchmesser Eingang: ca. 17 cm<\/li>\n<\/ul>\n<p>Waschanleitung:\u00a0<\/p>\n<p><img decoding=\"async\" alt=\"\" src=\"http:\/\/www.ebi.eu\/media\/wd002.png\" \/><\/p>\n<p>Handw\u00e4sche max. 30\u00b0, nicht b\u00fcgeln, nicht chemisch reinigen, nicht bleichen, nicht trommeltrocknen.<\/p>\n","protected":false},"excerpt":{"rendered":"<p>Diese asymetrische Katzenh\u00f6hle bietet Ihrer Katze einen ausgefallenen R\u00fcckzugsort.\u00a0 Au\u00dfenseite in dunkler Filzoptik mit neongr\u00fcner Absetzung. Innenseite gepolstert mit neongr\u00fcnem Pl\u00fcschbezug. Material: 100 % Polyester Ma\u00dfe: ca.40 x 40 x 40 cm Durchmesser Eingang: ca. 17 cm Waschanleitung:\u00a0 Handw\u00e4sche max. 30\u00b0, nicht b\u00fcgeln, nicht chemisch reinigen, nicht bleichen, nicht trommeltrocknen.<\/p>\n","protected":false},"featured_media":33280,"comment_status":"closed","ping_status":"open","template":"","meta":[],"product_cat":[13705],"product_tag":[],"class_list":{"0":"post-46534","1":"product","2":"type-product","3":"status-publish","4":"has-post-thumbnail","6":"product_cat-haeuser-hoehlen","8":"first","9":"instock","10":"taxable","11":"shipping-taxable","12":"purchasable","13":"product-type-simple"},"_links":{"self":[{"href":"https:\/\/all-pets.de\/shop\/wp-json\/wp\/v2\/product\/46534","targetHints":{"allow":["GET"]}}],"collection":[{"href":"https:\/\/all-pets.de\/shop\/wp-json\/wp\/v2\/product"}],"about":[{"href":"https:\/\/all-pets.de\/shop\/wp-json\/wp\/v2\/types\/product"}],"replies":[{"embeddable":true,"href":"https:\/\/all-pets.de\/shop\/wp-json\/wp\/v2\/comments?post=46534"}],"wp:featuredmedia":[{"embeddable":true,"href":"https:\/\/all-pets.de\/shop\/wp-json\/wp\/v2\/media\/33280"}],"wp:attachment":[{"href":"https:\/\/all-pets.de\/shop\/wp-json\/wp\/v2\/media?parent=46534"}],"wp:term":[{"taxonomy":"product_cat","embeddable":true,"href":"https:\/\/all-pets.de\/shop\/wp-json\/wp\/v2\/product_cat?post=46534"},{"taxonomy":"product_tag","embeddable":true,"href":"https:\/\/all-pets.de\/shop\/wp-json\/wp\/v2\/product_tag?post=46534"}],"curies":[{"name":"wp","href":"https:\/\/api.w.org\/{rel}","templated":true}]}}