{"id":46536,"date":"2023-12-12T10:52:11","date_gmt":"2023-12-12T09:52:11","guid":{"rendered":"https:\/\/pet-shopping.de\/shop\/produkt\/catit-catnip-roll-on-50-ml\/"},"modified":"2023-12-12T10:52:12","modified_gmt":"2023-12-12T09:52:12","slug":"catit-catnip-roll-on-50-ml","status":"publish","type":"product","link":"https:\/\/all-pets.de\/shop\/produkt\/catit-catnip-roll-on-50-ml\/","title":{"rendered":"Catit Catnip Roll-On &#8211; 50 ml"},"content":{"rendered":"<p>M\u00f6chten Sie Ihrer Katze einen Anreiz f\u00fcr ein intensiveres Spiel geben oder verhindern, dass sie an Ihren M\u00f6beln kratzt?<\/p>\n<p>Dann ist Katzenminze genau das Richtige f\u00fcr Sie!<\/p>\n<p>Katzenminze ist ein nat\u00fcrliches Kraut, das Katzen anlockt und stimuliert. Das in den Bl\u00e4ttern, Stielen und Samen der Pflanze enthaltene Nepetalacton spricht die nat\u00fcrlichen Instinkte Ihrer Hauskatze an. Ca. 65% der Katzen sprechen auf Katzenminze an, wobei das Ma\u00df an Sensibilit\u00e4t zwischen einzelnen Individuen variiert.<\/p>\n<p>Wenn Ihre Samtpfote Katzenminze mag, zeigt sie dies bereits mit ein paar Monaten. Die Catit Senses Katzenminze-Produkte sind ganz nat\u00fcrlich, enthalten nur die beste kanadische Katzenminze und werden in verschiedenen Formaten angeboten.<\/p>\n<p>Mit dem Katzenminze-Roller (50 ml) k\u00f6nnen Sie den attraktiven Duft der Katzenminze, den Katzen so lieben, konzentriert auftragen. Tragen Sie die Katzenminze auf Spielzeuge, Kratzb\u00e4ume und sogar Stoffe auf, um Ihre Katze zu stimulieren.<\/p>\n<p>WICHTIG:<br \/> Beobachten Sie Ihre Katze immer, wenn Sie Katzenminze angewendet haben. Passen Sie die Menge der verwendeten Katzenminze an die Sensibilit\u00e4t Ihrer Katze an. Ein \u00fcberm\u00e4\u00dfiger Konsum von Katzenminze kann zu aggressivem Verhalten oder Verletzungen Ihrer Katze f\u00fchren. Tragen Sie die Katzenminze niemals direkt auf Ihrer Katze oder einem anderen Tier auf.<\/p>\n","protected":false},"excerpt":{"rendered":"<p>M\u00f6chten Sie Ihrer Katze einen Anreiz f\u00fcr ein intensiveres Spiel geben oder verhindern, dass sie an Ihren M\u00f6beln kratzt? Dann ist Katzenminze genau das Richtige f\u00fcr Sie! Katzenminze ist ein nat\u00fcrliches Kraut, das Katzen anlockt und stimuliert. Das in den Bl\u00e4ttern, Stielen und Samen der Pflanze enthaltene Nepetalacton spricht die nat\u00fcrlichen Instinkte Ihrer Hauskatze an. [&hellip;]<\/p>\n","protected":false},"featured_media":23087,"comment_status":"closed","ping_status":"open","template":"","meta":[],"product_cat":[13702],"product_tag":[],"class_list":{"0":"post-46536","1":"product","2":"type-product","3":"status-publish","4":"has-post-thumbnail","6":"product_cat-catnip-baldrian-spielzeug-katzenspielzeug","8":"first","9":"instock","10":"taxable","11":"shipping-taxable","12":"purchasable","13":"product-type-simple"},"_links":{"self":[{"href":"https:\/\/all-pets.de\/shop\/wp-json\/wp\/v2\/product\/46536","targetHints":{"allow":["GET"]}}],"collection":[{"href":"https:\/\/all-pets.de\/shop\/wp-json\/wp\/v2\/product"}],"about":[{"href":"https:\/\/all-pets.de\/shop\/wp-json\/wp\/v2\/types\/product"}],"replies":[{"embeddable":true,"href":"https:\/\/all-pets.de\/shop\/wp-json\/wp\/v2\/comments?post=46536"}],"wp:featuredmedia":[{"embeddable":true,"href":"https:\/\/all-pets.de\/shop\/wp-json\/wp\/v2\/media\/23087"}],"wp:attachment":[{"href":"https:\/\/all-pets.de\/shop\/wp-json\/wp\/v2\/media?parent=46536"}],"wp:term":[{"taxonomy":"product_cat","embeddable":true,"href":"https:\/\/all-pets.de\/shop\/wp-json\/wp\/v2\/product_cat?post=46536"},{"taxonomy":"product_tag","embeddable":true,"href":"https:\/\/all-pets.de\/shop\/wp-json\/wp\/v2\/product_tag?post=46536"}],"curies":[{"name":"wp","href":"https:\/\/api.w.org\/{rel}","templated":true}]}}