{"id":46566,"date":"2023-12-12T10:52:14","date_gmt":"2023-12-12T09:52:14","guid":{"rendered":"https:\/\/pet-shopping.de\/shop\/produkt\/classic-bird-winterstreufutter-1kg\/"},"modified":"2023-12-12T10:52:15","modified_gmt":"2023-12-12T09:52:15","slug":"classic-bird-winterstreufutter-1kg","status":"publish","type":"product","link":"https:\/\/all-pets.de\/shop\/produkt\/classic-bird-winterstreufutter-1kg\/","title":{"rendered":"Classic Bird Winterstreufutter 1kg"},"content":{"rendered":"<p>Optimal zur Unterst\u00fctzung freilebender V\u00f6gel in den k\u00e4lteren Jahreszeiten 10x<\/p>\n<p>Classic Bird Winterstreufutter &#8211; Erg\u00e4nzungsfutter f\u00fcr freilebende V\u00f6gel<\/p>\n<p>Classic Bird Winterstreufutter ist die optimale Mischung aus Sonnenblumenkernen, Hirse, Milokorn und Weizen, um freilebende, heimische V\u00f6gel wie z.B. Buchfinken, Drosseln, Zeisige und Stare optimal zu versorgen. <br \/>Das Streufutter kann im Vogelhaus oder an einer gesch\u00fctzten Bodenfutterstelle verf\u00fcttert werden.<\/p>\n<p>Auch im Herbst tr\u00e4gt die Zuf\u00fctterung zur allgemeinen Kr\u00e4ftigung der V\u00f6gel bei und hilft ihnen Futterreserven aufzubauen. Daher kann es sinnvoll sein mit der F\u00fctterung bereits in den Herbstmonaten zu beginnen. <br \/>Dank der fr\u00fchzeitigen Anf\u00fctterung k\u00f6nnen sich die V\u00f6gel die Futterpl\u00e4tze besser einpr\u00e4gen.<\/p>\n<p>Im Winter ist die F\u00fctterung besonders sinnvoll. Das vitamin- und fettreiche Futter bildet eine nahrhafte und wichtige Unterst\u00fctzung.<br \/>Insbesondere bei geschlossener Schneedecke und lange anhaltendem Frost k\u00f6nnen Sie den V\u00f6geln durch die Winterf\u00fctterung \u00fcber die eisige Zeit helfen.<br \/>Indem, vor allem in strengen Wintermonaten gen\u00fcgend Futter zur Verf\u00fcgung steht, tragen Sie zur Erhaltung der Artenvielfalt unserer heimischen Wildv\u00f6gel bei.<\/p>\n<p>Die Futterstelle sollte so beschaffen sein, dass das Vogelfutter vor Regen und Schnee gesch\u00fctzt ist.<br \/>Classic Bird Winterstreufutter bietet absolute Premium-Qualit\u00e4t zum Wohl aller freilebenden V\u00f6gel.<\/p>\n<p>Zusammensetzung:<br \/>gestreifte Sonnenblumenkerne, schwarze Sonnenblumenkerne, Weizen, Milokorn, Hirse, Weizenflocken<\/p>\n","protected":false},"excerpt":{"rendered":"<p>Optimal zur Unterst\u00fctzung freilebender V\u00f6gel in den k\u00e4lteren Jahreszeiten 10x Classic Bird Winterstreufutter &#8211; Erg\u00e4nzungsfutter f\u00fcr freilebende V\u00f6gel Classic Bird Winterstreufutter ist die optimale Mischung aus Sonnenblumenkernen, Hirse, Milokorn und Weizen, um freilebende, heimische V\u00f6gel wie z.B. Buchfinken, Drosseln, Zeisige und Stare optimal zu versorgen. Das Streufutter kann im Vogelhaus oder an einer gesch\u00fctzten Bodenfutterstelle [&hellip;]<\/p>\n","protected":false},"featured_media":46567,"comment_status":"closed","ping_status":"open","template":"","meta":[],"product_cat":[14498],"product_tag":[],"class_list":{"0":"post-46566","1":"product","2":"type-product","3":"status-publish","4":"has-post-thumbnail","6":"product_cat-classic-bird-gartenvogelfutter-classicvogelwelt","8":"first","9":"instock","10":"taxable","11":"shipping-taxable","12":"purchasable","13":"product-type-simple"},"_links":{"self":[{"href":"https:\/\/all-pets.de\/shop\/wp-json\/wp\/v2\/product\/46566","targetHints":{"allow":["GET"]}}],"collection":[{"href":"https:\/\/all-pets.de\/shop\/wp-json\/wp\/v2\/product"}],"about":[{"href":"https:\/\/all-pets.de\/shop\/wp-json\/wp\/v2\/types\/product"}],"replies":[{"embeddable":true,"href":"https:\/\/all-pets.de\/shop\/wp-json\/wp\/v2\/comments?post=46566"}],"wp:featuredmedia":[{"embeddable":true,"href":"https:\/\/all-pets.de\/shop\/wp-json\/wp\/v2\/media\/46567"}],"wp:attachment":[{"href":"https:\/\/all-pets.de\/shop\/wp-json\/wp\/v2\/media?parent=46566"}],"wp:term":[{"taxonomy":"product_cat","embeddable":true,"href":"https:\/\/all-pets.de\/shop\/wp-json\/wp\/v2\/product_cat?post=46566"},{"taxonomy":"product_tag","embeddable":true,"href":"https:\/\/all-pets.de\/shop\/wp-json\/wp\/v2\/product_tag?post=46566"}],"curies":[{"name":"wp","href":"https:\/\/api.w.org\/{rel}","templated":true}]}}