{"id":46595,"date":"2023-12-12T10:52:20","date_gmt":"2023-12-12T09:52:20","guid":{"rendered":"https:\/\/pet-shopping.de\/shop\/produkt\/designernapf-leder-quadratisch-schwarz\/"},"modified":"2023-12-12T10:52:20","modified_gmt":"2023-12-12T09:52:20","slug":"designernapf-leder-quadratisch-schwarz","status":"publish","type":"product","link":"https:\/\/all-pets.de\/shop\/produkt\/designernapf-leder-quadratisch-schwarz\/","title":{"rendered":"Designernapf Leder &#8211; Quadratisch &#8211; Schwarz"},"content":{"rendered":"<p>Der neue Trend unter den Tiern\u00e4pfen! Hochwertige Edelstahln\u00e4pfe in einer lederummantelten Fassung bringen einen Hauch von Luxus und Exklusivit\u00e4t in den Tieralltag!<\/p>\n<p>Durch montierte Gummif\u00fc\u00dfe ist die n\u00f6tige Standsicherheit gegeben. Der Edelstahlnapf selbst, kann einfach aus der Fassung herausgehoben und so ganz einfach gereinigt werden.<\/p>\n<p> Dieser Napf besteht aus schwarzem Leder. <\/p>\n<p>Gesamtma\u00dfe: 18 x 18 x 12,5 cm (BxTxH)<br \/> Napfdurchmesser: ca. 13,5 cm<\/p>\n","protected":false},"excerpt":{"rendered":"<p>Der neue Trend unter den Tiern\u00e4pfen! Hochwertige Edelstahln\u00e4pfe in einer lederummantelten Fassung bringen einen Hauch von Luxus und Exklusivit\u00e4t in den Tieralltag! Durch montierte Gummif\u00fc\u00dfe ist die n\u00f6tige Standsicherheit gegeben. Der Edelstahlnapf selbst, kann einfach aus der Fassung herausgehoben und so ganz einfach gereinigt werden. Dieser Napf besteht aus schwarzem Leder. Gesamtma\u00dfe: 18 x 18 [&hellip;]<\/p>\n","protected":false},"featured_media":36015,"comment_status":"closed","ping_status":"open","template":"","meta":[],"product_cat":[14425],"product_tag":[],"class_list":{"0":"post-46595","1":"product","2":"type-product","3":"status-publish","4":"has-post-thumbnail","6":"product_cat-futter-wassernaepfe-hundenaepfe-traenken-futter-wassernaepfehundewelt-katzennaepfe-traenken","8":"first","9":"instock","10":"taxable","11":"shipping-taxable","12":"purchasable","13":"product-type-simple"},"_links":{"self":[{"href":"https:\/\/all-pets.de\/shop\/wp-json\/wp\/v2\/product\/46595","targetHints":{"allow":["GET"]}}],"collection":[{"href":"https:\/\/all-pets.de\/shop\/wp-json\/wp\/v2\/product"}],"about":[{"href":"https:\/\/all-pets.de\/shop\/wp-json\/wp\/v2\/types\/product"}],"replies":[{"embeddable":true,"href":"https:\/\/all-pets.de\/shop\/wp-json\/wp\/v2\/comments?post=46595"}],"wp:featuredmedia":[{"embeddable":true,"href":"https:\/\/all-pets.de\/shop\/wp-json\/wp\/v2\/media\/36015"}],"wp:attachment":[{"href":"https:\/\/all-pets.de\/shop\/wp-json\/wp\/v2\/media?parent=46595"}],"wp:term":[{"taxonomy":"product_cat","embeddable":true,"href":"https:\/\/all-pets.de\/shop\/wp-json\/wp\/v2\/product_cat?post=46595"},{"taxonomy":"product_tag","embeddable":true,"href":"https:\/\/all-pets.de\/shop\/wp-json\/wp\/v2\/product_tag?post=46595"}],"curies":[{"name":"wp","href":"https:\/\/api.w.org\/{rel}","templated":true}]}}