{"id":46599,"date":"2023-12-12T10:52:20","date_gmt":"2023-12-12T09:52:20","guid":{"rendered":"https:\/\/pet-shopping.de\/shop\/produkt\/trixie-napfunterlage-royal-meal\/"},"modified":"2023-12-12T10:52:21","modified_gmt":"2023-12-12T09:52:21","slug":"trixie-napfunterlage-royal-meal","status":"publish","type":"product","link":"https:\/\/all-pets.de\/shop\/produkt\/trixie-napfunterlage-royal-meal\/","title":{"rendered":"Trixie Napfunterlage ROYAL MEAL"},"content":{"rendered":"<p>Halten Sie Ihren Boden frei von Futterresten und sch\u00fctzen Sie ihn vor Feuchtigkeit aus dem Wassernapf Ihres Hundes!<\/p>\n<p> Mit einer praktischen Napfunterlage geh\u00f6ren Verunreinigungen rund um die Tiern\u00e4pfe der Vergangenheit an. Die Unterlagen sind rutschfest und bieten Ihrem Tier so einen komfortablen Fressplatz. Au\u00dferdem lassen sie sich ganz einfach abwaschen und sehen zudem noch schick aus!<\/p>\n<p> Ma\u00dfe: 44 x 28 cm<\/p>\n<p>Als tolle Erg\u00e4nzung ganz neu bei McZoo: Trixie Hundek\u00f6nig Keramiknapf (Artikelnr. 25026-TRXI-VAR)!<\/p>\n<p><\/p>\n","protected":false},"excerpt":{"rendered":"<p>Halten Sie Ihren Boden frei von Futterresten und sch\u00fctzen Sie ihn vor Feuchtigkeit aus dem Wassernapf Ihres Hundes! Mit einer praktischen Napfunterlage geh\u00f6ren Verunreinigungen rund um die Tiern\u00e4pfe der Vergangenheit an. Die Unterlagen sind rutschfest und bieten Ihrem Tier so einen komfortablen Fressplatz. Au\u00dferdem lassen sie sich ganz einfach abwaschen und sehen zudem noch schick [&hellip;]<\/p>\n","protected":false},"featured_media":23912,"comment_status":"closed","ping_status":"open","template":"","meta":[],"product_cat":[14505],"product_tag":[],"class_list":{"0":"post-46599","1":"product","2":"type-product","3":"status-publish","4":"has-post-thumbnail","6":"product_cat-napfunterlagen-hundenaepfe-traenken","8":"first","9":"instock","10":"taxable","11":"shipping-taxable","12":"purchasable","13":"product-type-simple"},"_links":{"self":[{"href":"https:\/\/all-pets.de\/shop\/wp-json\/wp\/v2\/product\/46599","targetHints":{"allow":["GET"]}}],"collection":[{"href":"https:\/\/all-pets.de\/shop\/wp-json\/wp\/v2\/product"}],"about":[{"href":"https:\/\/all-pets.de\/shop\/wp-json\/wp\/v2\/types\/product"}],"replies":[{"embeddable":true,"href":"https:\/\/all-pets.de\/shop\/wp-json\/wp\/v2\/comments?post=46599"}],"wp:featuredmedia":[{"embeddable":true,"href":"https:\/\/all-pets.de\/shop\/wp-json\/wp\/v2\/media\/23912"}],"wp:attachment":[{"href":"https:\/\/all-pets.de\/shop\/wp-json\/wp\/v2\/media?parent=46599"}],"wp:term":[{"taxonomy":"product_cat","embeddable":true,"href":"https:\/\/all-pets.de\/shop\/wp-json\/wp\/v2\/product_cat?post=46599"},{"taxonomy":"product_tag","embeddable":true,"href":"https:\/\/all-pets.de\/shop\/wp-json\/wp\/v2\/product_tag?post=46599"}],"curies":[{"name":"wp","href":"https:\/\/api.w.org\/{rel}","templated":true}]}}