{"id":46600,"date":"2023-12-12T10:52:20","date_gmt":"2023-12-12T09:52:20","guid":{"rendered":"https:\/\/pet-shopping.de\/shop\/produkt\/trixie-napfunterlage-schmusekatzen\/"},"modified":"2023-12-12T10:52:21","modified_gmt":"2023-12-12T09:52:21","slug":"trixie-napfunterlage-schmusekatzen","status":"publish","type":"product","link":"https:\/\/all-pets.de\/shop\/produkt\/trixie-napfunterlage-schmusekatzen\/","title":{"rendered":"Trixie Napfunterlage SCHMUSEKATZEN"},"content":{"rendered":"<p>Halten Sie Ihren Boden frei von Futterresten und sch\u00fctzen Sie ihn vor Feuchtigkeit aus dem Wassernapf Ihrer Katze!<\/p>\n<p> Mit einer praktischen Napfunterlage geh\u00f6ren Verunreinigungen rund um die Tiern\u00e4pfe der Vergangenheit an. Die Unterlagen sind rutschfest und bieten Ihrem Tier so einen komfortablen Fressplatz. Au\u00dferdem lassen sie sich ganz einfach abwaschen und sehen zudem noch schick aus!<\/p>\n<p> Ma\u00dfe: 40 x 30 cm<\/p>\n","protected":false},"excerpt":{"rendered":"<p>Halten Sie Ihren Boden frei von Futterresten und sch\u00fctzen Sie ihn vor Feuchtigkeit aus dem Wassernapf Ihrer Katze! Mit einer praktischen Napfunterlage geh\u00f6ren Verunreinigungen rund um die Tiern\u00e4pfe der Vergangenheit an. Die Unterlagen sind rutschfest und bieten Ihrem Tier so einen komfortablen Fressplatz. Au\u00dferdem lassen sie sich ganz einfach abwaschen und sehen zudem noch schick [&hellip;]<\/p>\n","protected":false},"featured_media":23914,"comment_status":"closed","ping_status":"open","template":"","meta":[],"product_cat":[13827],"product_tag":[],"class_list":{"0":"post-46600","1":"product","2":"type-product","3":"status-publish","4":"has-post-thumbnail","6":"product_cat-napfunterlagen-katzennaepfe-traenken","8":"first","9":"instock","10":"taxable","11":"shipping-taxable","12":"purchasable","13":"product-type-simple"},"_links":{"self":[{"href":"https:\/\/all-pets.de\/shop\/wp-json\/wp\/v2\/product\/46600","targetHints":{"allow":["GET"]}}],"collection":[{"href":"https:\/\/all-pets.de\/shop\/wp-json\/wp\/v2\/product"}],"about":[{"href":"https:\/\/all-pets.de\/shop\/wp-json\/wp\/v2\/types\/product"}],"replies":[{"embeddable":true,"href":"https:\/\/all-pets.de\/shop\/wp-json\/wp\/v2\/comments?post=46600"}],"wp:featuredmedia":[{"embeddable":true,"href":"https:\/\/all-pets.de\/shop\/wp-json\/wp\/v2\/media\/23914"}],"wp:attachment":[{"href":"https:\/\/all-pets.de\/shop\/wp-json\/wp\/v2\/media?parent=46600"}],"wp:term":[{"taxonomy":"product_cat","embeddable":true,"href":"https:\/\/all-pets.de\/shop\/wp-json\/wp\/v2\/product_cat?post=46600"},{"taxonomy":"product_tag","embeddable":true,"href":"https:\/\/all-pets.de\/shop\/wp-json\/wp\/v2\/product_tag?post=46600"}],"curies":[{"name":"wp","href":"https:\/\/api.w.org\/{rel}","templated":true}]}}