{"id":46601,"date":"2023-12-12T10:52:20","date_gmt":"2023-12-12T09:52:20","guid":{"rendered":"https:\/\/pet-shopping.de\/shop\/produkt\/karlie-good4fun-tpr-spielstick-38-cm\/"},"modified":"2023-12-12T10:52:21","modified_gmt":"2023-12-12T09:52:21","slug":"karlie-good4fun-tpr-spielstick-38-cm","status":"publish","type":"product","link":"https:\/\/all-pets.de\/shop\/produkt\/karlie-good4fun-tpr-spielstick-38-cm\/","title":{"rendered":"Karlie good4fun TPR Spielstick &#8211; 38 cm"},"content":{"rendered":"<p>Ein tolles Wurfspielzeug aus Thermo Plastic Rubber Material ist dieser Spielstick mit Seil und Ball. Ideal f\u00fcr das t\u00e4gliche Training.<\/p>\n<p>L\u00e4nge: ca. 38 cm<\/p>\n<p>good4fun sind Spielzeuge aus Thermo Plastic Rubber, einem Material, das witterungsbest\u00e4ndig und extrem lange haltbar ist. Dieses weiche Material ist besonders zahnfreundlich und nat\u00fcrlich Non Toxic. Auch f\u00fcr Spiele im und am Wasser super geeignet, da die Spielzeuge schwimmf\u00e4hig sind. Geeignet f\u00fcr alle Altersgruppen, vom Puppy bis zum Senior.<\/p>\n<p>Die Farben k\u00f6nnen von der Abbildung abweichen!<\/p>\n","protected":false},"excerpt":{"rendered":"<p>Ein tolles Wurfspielzeug aus Thermo Plastic Rubber Material ist dieser Spielstick mit Seil und Ball. Ideal f\u00fcr das t\u00e4gliche Training. L\u00e4nge: ca. 38 cm good4fun sind Spielzeuge aus Thermo Plastic Rubber, einem Material, das witterungsbest\u00e4ndig und extrem lange haltbar ist. Dieses weiche Material ist besonders zahnfreundlich und nat\u00fcrlich Non Toxic. Auch f\u00fcr Spiele im und [&hellip;]<\/p>\n","protected":false},"featured_media":17781,"comment_status":"closed","ping_status":"open","template":"","meta":[],"product_cat":[14508],"product_tag":[],"class_list":{"0":"post-46601","1":"product","2":"type-product","3":"status-publish","4":"has-post-thumbnail","6":"product_cat-aqua-spielzeug-hundespielzeug-sport-agility-traininghundewelt-hundespielzeug-sport-hundewurfspielzeughundewelt-hundewurfspielzeughundewelt","8":"first","9":"instock","10":"taxable","11":"shipping-taxable","12":"purchasable","13":"product-type-simple"},"_links":{"self":[{"href":"https:\/\/all-pets.de\/shop\/wp-json\/wp\/v2\/product\/46601","targetHints":{"allow":["GET"]}}],"collection":[{"href":"https:\/\/all-pets.de\/shop\/wp-json\/wp\/v2\/product"}],"about":[{"href":"https:\/\/all-pets.de\/shop\/wp-json\/wp\/v2\/types\/product"}],"replies":[{"embeddable":true,"href":"https:\/\/all-pets.de\/shop\/wp-json\/wp\/v2\/comments?post=46601"}],"wp:featuredmedia":[{"embeddable":true,"href":"https:\/\/all-pets.de\/shop\/wp-json\/wp\/v2\/media\/17781"}],"wp:attachment":[{"href":"https:\/\/all-pets.de\/shop\/wp-json\/wp\/v2\/media?parent=46601"}],"wp:term":[{"taxonomy":"product_cat","embeddable":true,"href":"https:\/\/all-pets.de\/shop\/wp-json\/wp\/v2\/product_cat?post=46601"},{"taxonomy":"product_tag","embeddable":true,"href":"https:\/\/all-pets.de\/shop\/wp-json\/wp\/v2\/product_tag?post=46601"}],"curies":[{"name":"wp","href":"https:\/\/api.w.org\/{rel}","templated":true}]}}