{"id":46603,"date":"2023-12-12T10:52:20","date_gmt":"2023-12-12T09:52:20","guid":{"rendered":"https:\/\/pet-shopping.de\/shop\/produkt\/catit-senses-speed-circuit-tempo-spielschiene\/"},"modified":"2023-12-12T10:52:21","modified_gmt":"2023-12-12T09:52:21","slug":"catit-senses-speed-circuit-tempo-spielschiene","status":"publish","type":"product","link":"https:\/\/all-pets.de\/shop\/produkt\/catit-senses-speed-circuit-tempo-spielschiene\/","title":{"rendered":"CATIT Senses Speed Circuit &#8211; Tempo-Spielschiene"},"content":{"rendered":"<div>Die Sinne einer Katze sind au\u00dfergew\u00f6hnlich. Sie k\u00f6nnen Ger\u00e4usche h\u00f6ren, die unser H\u00f6rverm\u00f6gen \u00fcbersteigen. Sie k\u00f6nnen Dinge sehen, die f\u00fcr uns unsichtbar sind. Und mit ihrem Geruchs-, Geschmacks- und Tastsinn erleben sie unsere Welt so, wie wir es nur erahnen k\u00f6nnen. <\/div>\n<div>\u00a0<\/div>\n<div>Der Seh-, H\u00f6r- und Tastsinn sind die Schl\u00fcsselsinne bei der Jagd. Bei der Catit Design Senses Tempo-Spielschiene sieht, h\u00f6rt und f\u00fchlt Ihre Katze, wie Geschwindigkeit eineneue Bedeutung bekommt. Die erh\u00f6hten Schienen bieten ein temporeiches, aufregendes Achterbahnelement und der bewegliche, beleuchtete Ball sorgt f\u00fcr Spiel und Spa\u00df bei Tag und in der Nacht.<\/p>\n<p>&#8211; Dank der erh\u00f6hten Spielschiene mit Sichtlochdesign kann die Katze den Ball sehen, jagen und anschubsen.<\/p>\n<p>&#8211; Der leuchtende Ball zieht die Aufmerksamkeit der Katze auf sich f\u00fcr Spiel und Spa\u00df bei Tag und in der Nacht.<\/p><\/div>\n<div>\u00a0<\/div>\n<p>Kreieren Sie ein vollst\u00e4ndiges Erlebnis-Center der Sinne f\u00fcr Ihr Heimtier mit den Catit Senses Produkten: Catit Senses Massage Center, Catit Senses Scratch Pad, Catit Senses Play Circuit Spielschiene, Catit Senses Speed Circuit Tempo-Spielschiene, Catit Senses Gras-Garten Set und Catit Senses Futter-Labyrinth (siehe Bild 3)!\u00a0 <\/p>\n<p><strong>Ganz neu als Ersatzball f\u00fcr die Spielschiene bei uns erh\u00e4ltlich: Catit Senses beweglicher, beleuchteter Ball f\u00fcr Spielschienen &#8211; 2er Set (Artikelnr. 50776-HAG). <\/strong><\/p>\n","protected":false},"excerpt":{"rendered":"<p>Die Sinne einer Katze sind au\u00dfergew\u00f6hnlich. Sie k\u00f6nnen Ger\u00e4usche h\u00f6ren, die unser H\u00f6rverm\u00f6gen \u00fcbersteigen. Sie k\u00f6nnen Dinge sehen, die f\u00fcr uns unsichtbar sind. Und mit ihrem Geruchs-, Geschmacks- und Tastsinn erleben sie unsere Welt so, wie wir es nur erahnen k\u00f6nnen. \u00a0 Der Seh-, H\u00f6r- und Tastsinn sind die Schl\u00fcsselsinne bei der Jagd. Bei der [&hellip;]<\/p>\n","protected":false},"featured_media":21360,"comment_status":"closed","ping_status":"open","template":"","meta":[],"product_cat":[13825],"product_tag":[],"class_list":{"0":"post-46603","1":"product","2":"type-product","3":"status-publish","4":"has-post-thumbnail","6":"product_cat-weitere-spielzeuge-katzenspielzeug-katzenbaellekatzenwelt","8":"first","9":"instock","10":"taxable","11":"shipping-taxable","12":"purchasable","13":"product-type-simple"},"_links":{"self":[{"href":"https:\/\/all-pets.de\/shop\/wp-json\/wp\/v2\/product\/46603","targetHints":{"allow":["GET"]}}],"collection":[{"href":"https:\/\/all-pets.de\/shop\/wp-json\/wp\/v2\/product"}],"about":[{"href":"https:\/\/all-pets.de\/shop\/wp-json\/wp\/v2\/types\/product"}],"replies":[{"embeddable":true,"href":"https:\/\/all-pets.de\/shop\/wp-json\/wp\/v2\/comments?post=46603"}],"wp:featuredmedia":[{"embeddable":true,"href":"https:\/\/all-pets.de\/shop\/wp-json\/wp\/v2\/media\/21360"}],"wp:attachment":[{"href":"https:\/\/all-pets.de\/shop\/wp-json\/wp\/v2\/media?parent=46603"}],"wp:term":[{"taxonomy":"product_cat","embeddable":true,"href":"https:\/\/all-pets.de\/shop\/wp-json\/wp\/v2\/product_cat?post=46603"},{"taxonomy":"product_tag","embeddable":true,"href":"https:\/\/all-pets.de\/shop\/wp-json\/wp\/v2\/product_tag?post=46603"}],"curies":[{"name":"wp","href":"https:\/\/api.w.org\/{rel}","templated":true}]}}