{"id":46605,"date":"2023-12-12T10:52:20","date_gmt":"2023-12-12T09:52:20","guid":{"rendered":"https:\/\/pet-shopping.de\/shop\/produkt\/catit-senses-futter-labyrinth\/"},"modified":"2023-12-12T10:52:21","modified_gmt":"2023-12-12T09:52:21","slug":"catit-senses-futter-labyrinth","status":"publish","type":"product","link":"https:\/\/all-pets.de\/shop\/produkt\/catit-senses-futter-labyrinth\/","title":{"rendered":"CATIT Senses Futter-Labyrinth"},"content":{"rendered":"<div>Die Sinne einer Katze sind au\u00dfergew\u00f6hnlich. Sie k\u00f6nnen Ger\u00e4usche h\u00f6ren, die unser H\u00f6rverm\u00f6gen \u00fcbersteigen. Sie k\u00f6nnen Dinge sehen, die f\u00fcr uns unsichtbar sind. Und mit ihrem Geruchs-, Geschmacks- und Tastsinn erleben sie unsere Welt so, wie wir es nur erahnen k\u00f6nnen. <\/div>\n<div>\u00a0<\/div>\n<div>Das Catit Senses Futter-Labyrinth &#8211; Die clevere Methode Ihre Katze zu f\u00fcttern!<\/p>\n<p>Das Catit Design Senses Futter-Labyrinth spricht den Tast- und den Geschmackssinn an und f\u00f6rdert gleichzeitig die mentale und physische Aktivit\u00e4t. Das Futter-Labyrinth fordert die F\u00e4higkeiten Ihrer Katze heraus und bietet verschiedene Schwierigkeitsgrade.<\/p>\n<p>&#8211; Die Katze bewegt Futter oder Leckereien durch das Labyrinth, indem sie ihre Pfoten durch die Seiten\u00f6ffnungen steckt.<\/p>\n<p>&#8211; Drehen Sie die Scheibe, um die \u00d6ffnungen f\u00fcr eine gr\u00f6\u00dfere Herausforderung zu verringern.<\/p>\n<p>&#8211; Die Katze frisst aus der Futterwanne, sobald das Futter aus dem Labyrinth gefallen ist (Futter ist nicht im Lieferumfang enthalten).<\/p>\n<p>&#8211; Das Akkupressur-Polster rund um das Futter-Labyrinth bietet Ihrer Katze eine Druckpunktmassage f\u00fcr die Pfoten.<\/p>\n<p>Ma\u00dfe des Futter-Labyrinths: ca. 22 cm Durchmesser x 33,5 cm H\u00f6he<\/p><\/div>\n<div>\u00a0<\/div>\n<p>Kreieren Sie ein vollst\u00e4ndiges Erlebnis-Center der Sinne f\u00fcr Ihr Heimtier mit den Catit Senses Produkten: Catit Senses Massage Center, Catit Senses Scratch Pad, Catit Senses Play Circuit Spielschiene, Catit Senses Speed Circuit Tempo-Spielschiene, Catit Senses Gras-Garten Set und Catit Senses Futter-Labyrinth (siehe Bild 4)!\u00a0 <\/p>\n","protected":false},"excerpt":{"rendered":"<p>Die Sinne einer Katze sind au\u00dfergew\u00f6hnlich. Sie k\u00f6nnen Ger\u00e4usche h\u00f6ren, die unser H\u00f6rverm\u00f6gen \u00fcbersteigen. Sie k\u00f6nnen Dinge sehen, die f\u00fcr uns unsichtbar sind. Und mit ihrem Geruchs-, Geschmacks- und Tastsinn erleben sie unsere Welt so, wie wir es nur erahnen k\u00f6nnen. \u00a0 Das Catit Senses Futter-Labyrinth &#8211; Die clevere Methode Ihre Katze zu f\u00fcttern! Das [&hellip;]<\/p>\n","protected":false},"featured_media":21356,"comment_status":"closed","ping_status":"open","template":"","meta":[],"product_cat":[14509],"product_tag":[],"class_list":{"0":"post-46605","1":"product","2":"type-product","3":"status-publish","4":"has-post-thumbnail","6":"product_cat-weitere-spielzeuge-katzenspielzeug-intelligenz-spielzeugkatzenwelt-katzenspielzeug","8":"first","9":"instock","10":"taxable","11":"shipping-taxable","12":"purchasable","13":"product-type-simple"},"_links":{"self":[{"href":"https:\/\/all-pets.de\/shop\/wp-json\/wp\/v2\/product\/46605","targetHints":{"allow":["GET"]}}],"collection":[{"href":"https:\/\/all-pets.de\/shop\/wp-json\/wp\/v2\/product"}],"about":[{"href":"https:\/\/all-pets.de\/shop\/wp-json\/wp\/v2\/types\/product"}],"replies":[{"embeddable":true,"href":"https:\/\/all-pets.de\/shop\/wp-json\/wp\/v2\/comments?post=46605"}],"wp:featuredmedia":[{"embeddable":true,"href":"https:\/\/all-pets.de\/shop\/wp-json\/wp\/v2\/media\/21356"}],"wp:attachment":[{"href":"https:\/\/all-pets.de\/shop\/wp-json\/wp\/v2\/media?parent=46605"}],"wp:term":[{"taxonomy":"product_cat","embeddable":true,"href":"https:\/\/all-pets.de\/shop\/wp-json\/wp\/v2\/product_cat?post=46605"},{"taxonomy":"product_tag","embeddable":true,"href":"https:\/\/all-pets.de\/shop\/wp-json\/wp\/v2\/product_tag?post=46605"}],"curies":[{"name":"wp","href":"https:\/\/api.w.org\/{rel}","templated":true}]}}